{"id":957,"date":"2020-10-19T19:38:44","date_gmt":"2020-10-19T17:38:44","guid":{"rendered":"http:\/\/serwer1690480.home.pl\/garbow\/?page_id=957"},"modified":"2020-10-21T09:14:04","modified_gmt":"2020-10-21T07:14:04","slug":"przedmioty-scisle","status":"publish","type":"page","link":"https:\/\/szkola.garbow.pl\/index.php\/przedmioty-scisle\/","title":{"rendered":"Przedmioty \u015bcis\u0142e"},"content":{"rendered":"\t\t<div data-elementor-type=\"wp-page\" data-elementor-id=\"957\" class=\"elementor elementor-957\">\n\t\t\t\t\t\t<section class=\"elementor-section elementor-top-section elementor-element elementor-element-4f2aaefe elementor-section-boxed elementor-section-height-default elementor-section-height-default\" data-id=\"4f2aaefe\" data-element_type=\"section\" data-e-type=\"section\" data-settings=\"{&quot;background_background&quot;:&quot;classic&quot;}\">\n\t\t\t\t\t\t<div class=\"elementor-container elementor-column-gap-default\">\n\t\t\t\t\t<div class=\"elementor-column elementor-col-100 elementor-top-column elementor-element elementor-element-223a3f8e\" data-id=\"223a3f8e\" data-element_type=\"column\" data-e-type=\"column\">\n\t\t\t<div class=\"elementor-widget-wrap elementor-element-populated\">\n\t\t\t\t\t\t<div class=\"elementor-element elementor-element-1e54d9fe elementor-widget elementor-widget-text-editor\" data-id=\"1e54d9fe\" data-element_type=\"widget\" data-e-type=\"widget\" data-widget_type=\"text-editor.default\">\n\t\t\t\t<div class=\"elementor-widget-container\">\n\t\t\t\t\t\t\t\t\t<p style=\"text-align: center;\">KONKURSY &#8211; PRZEDMIOTY \u015aCIS\u0141E<\/p>\t\t\t\t\t\t\t\t<\/div>\n\t\t\t\t<\/div>\n\t\t\t\t\t<\/div>\n\t\t<\/div>\n\t\t\t\t\t<\/div>\n\t\t<\/section>\n\t\t\t\t<section class=\"elementor-section elementor-top-section elementor-element elementor-element-1d1d1a66 elementor-section-boxed elementor-section-height-default elementor-section-height-default\" data-id=\"1d1d1a66\" data-element_type=\"section\" data-e-type=\"section\">\n\t\t\t\t\t\t<div class=\"elementor-container elementor-column-gap-default\">\n\t\t\t\t\t<div class=\"elementor-column elementor-col-100 elementor-top-column elementor-element elementor-element-22c17757\" data-id=\"22c17757\" data-element_type=\"column\" data-e-type=\"column\">\n\t\t\t<div class=\"elementor-widget-wrap elementor-element-populated\">\n\t\t\t\t\t\t<div class=\"elementor-element elementor-element-31300426 elementor-grid-eael-col-3 elementor-grid-tablet-eael-col-2 elementor-grid-mobile-eael-col-1 elementor-widget elementor-widget-eael-post-grid\" data-id=\"31300426\" data-element_type=\"widget\" data-e-type=\"widget\" data-settings=\"{&quot;eael_post_grid_columns&quot;:&quot;eael-col-3&quot;,&quot;eael_post_grid_columns_tablet&quot;:&quot;eael-col-2&quot;,&quot;eael_post_grid_columns_mobile&quot;:&quot;eael-col-1&quot;}\" data-widget_type=\"eael-post-grid.default\">\n\t\t\t\t<div class=\"elementor-widget-container\">\n\t\t\t\t\t<div id=\"eael-post-grid-31300426\" class=\"eael-post-grid-container\">\n            <div class=\"eael-post-grid eael-post-appender eael-post-appender-31300426 eael-post-grid-style-two\" data-layout-mode=\"grid\"><article class=\"eael-grid-post  eael-post-grid-column eael-pg-post-778 category-aktualnosci-konkursy-i-turnieje-przedmioty-scisle-robotyka\" data-id=\"778\">\n    <div class=\"eael-grid-post-holder\">\n        <div class=\"eael-grid-post-holder-inner\"><div class=\"eael-entry-media\"><div class=\"eael-entry-overlay zoom-in\"><i class=\"fas fa-long-arrow-alt-right\" aria-hidden=\"true\"><\/i><a href=\"https:\/\/szkola.garbow.pl\/index.php\/2020\/10\/05\/miedzynarodowy-konkurs-umiejetnosci-statystycznych-2020-2021\/\"><\/a><\/div><div class=\"eael-entry-thumbnail \">\n                            <img decoding=\"async\" width=\"150\" height=\"150\" src=\"https:\/\/szkola.garbow.pl\/wp-content\/uploads\/2020\/10\/konkurs-szkola-garbow-150x150.png\" class=\"attachment-thumbnail size-thumbnail wp-image-779\" alt=\"\" \/>\n                            <\/div>\n                    <\/div><div class=\"eael-entry-wrapper\"><header class=\"eael-entry-header\"><h2 class=\"eael-entry-title\"><a class=\"eael-grid-post-link\" href=\"https:\/\/szkola.garbow.pl\/index.php\/2020\/10\/05\/miedzynarodowy-konkurs-umiejetnosci-statystycznych-2020-2021\/\" title=\"Mi\u0119dzynarodowy Konkurs Umiej\u0119tno\u015bci Statystycznych 2020-2021\">Mi\u0119dzynarodowy Konkurs Umiej\u0119tno\u015bci Statystycznych 2020-2021<\/a><\/h2><\/header><div class=\"eael-entry-header-after style-two\"><div class=\"eael-entry-meta\"><span class=\"eael-posted-on eael-meta-posted-on\"><i class=\"far fa-clock\"><\/i><time datetime=\"5 pa\u017adziernika 2020\">5 pa\u017adziernika 2020<\/time><\/span><\/div><\/div><div class=\"eael-entry-content\">\n                                <div class=\"eael-grid-post-excerpt\"><p>Mi\u0119dzynarodowy Konkurs Umiej\u0119tno\u015bci Statystycznych 2020-2021. Zapraszamy do zapoznania:<\/p><a href=\"https:\/\/szkola.garbow.pl\/index.php\/2020\/10\/05\/miedzynarodowy-konkurs-umiejetnosci-statystycznych-2020-2021\/\" class=\"eael-post-elements-readmore-btn\">Wi\u0119cej...<\/a><\/div>\n                            <\/div><\/div><\/div>\n    <\/div>\n<\/article><article class=\"eael-grid-post  eael-post-grid-column eael-pg-post-1145 category-konkursy-i-turnieje-laureaci-konkursow-przedmioty-scisle tags-szkola-garbow-szkola-konopnickiej-garbow-szkola-podstawowa-garbow\" data-id=\"1145\">\n    <div class=\"eael-grid-post-holder\">\n        <div class=\"eael-grid-post-holder-inner\"><div class=\"eael-entry-media\"><div class=\"eael-entry-overlay zoom-in\"><i class=\"fas fa-long-arrow-alt-right\" aria-hidden=\"true\"><\/i><a href=\"https:\/\/szkola.garbow.pl\/index.php\/2019\/05\/05\/laureat-konkursu-kuratoryjnego\/\"><\/a><\/div><div class=\"eael-entry-thumbnail \">\n                            <img decoding=\"async\" width=\"150\" height=\"150\" src=\"https:\/\/szkola.garbow.pl\/wp-content\/uploads\/2020\/10\/1-12-150x150.jpg\" class=\"attachment-thumbnail size-thumbnail wp-image-1146\" alt=\"\" \/>\n                            <\/div>\n                    <\/div><div class=\"eael-entry-wrapper\"><header class=\"eael-entry-header\"><h2 class=\"eael-entry-title\"><a class=\"eael-grid-post-link\" href=\"https:\/\/szkola.garbow.pl\/index.php\/2019\/05\/05\/laureat-konkursu-kuratoryjnego\/\" title=\"Laureat konkursu kuratoryjnego\">Laureat konkursu kuratoryjnego<\/a><\/h2><\/header><div class=\"eael-entry-header-after style-two\"><div class=\"eael-entry-meta\"><span class=\"eael-posted-on eael-meta-posted-on\"><i class=\"far fa-clock\"><\/i><time datetime=\"5 maja 2019\">5 maja 2019<\/time><\/span><\/div><\/div><div class=\"eael-entry-content\">\n                                <div class=\"eael-grid-post-excerpt\"><p>Filip Markiewicz, ucze\u0144 kl. III a, zosta\u0142&nbsp;laureatem wojew\u00f3dzkiego konkursu przedmiotowego z geografii&nbsp;organizowanego przez Lubelskiego Kuratora O\u015bwiaty...<\/p><a href=\"https:\/\/szkola.garbow.pl\/index.php\/2019\/05\/05\/laureat-konkursu-kuratoryjnego\/\" class=\"eael-post-elements-readmore-btn\">Wi\u0119cej...<\/a><\/div>\n                            <\/div><\/div><\/div>\n    <\/div>\n<\/article><article class=\"eael-grid-post  eael-post-grid-column eael-pg-post-1283 category-konkursy-i-turnieje-laureaci-konkursow-przedmioty-scisle tags-szkola-garbow-szkola-konopnickiej-garbow-szkola-podstawowa-garbow\" data-id=\"1283\">\n    <div class=\"eael-grid-post-holder\">\n        <div class=\"eael-grid-post-holder-inner\"><div class=\"eael-entry-media\"><div class=\"eael-entry-overlay zoom-in\"><i class=\"fas fa-long-arrow-alt-right\" aria-hidden=\"true\"><\/i><a href=\"https:\/\/szkola.garbow.pl\/index.php\/2016\/05\/15\/ekonmat-konkurs-matematyczno-ekonomiczny\/\"><\/a><\/div><div class=\"eael-entry-thumbnail \">\n                            <img decoding=\"async\" width=\"150\" height=\"150\" src=\"https:\/\/szkola.garbow.pl\/wp-content\/uploads\/2020\/10\/1-29-150x150.jpg\" class=\"attachment-thumbnail size-thumbnail wp-image-1284\" alt=\"\" \/>\n                            <\/div>\n                    <\/div><div class=\"eael-entry-wrapper\"><header class=\"eael-entry-header\"><h2 class=\"eael-entry-title\"><a class=\"eael-grid-post-link\" href=\"https:\/\/szkola.garbow.pl\/index.php\/2016\/05\/15\/ekonmat-konkurs-matematyczno-ekonomiczny\/\" title=\"Ekonmat &#8211; konkurs matematyczno &#8211; ekonomiczny\">Ekonmat &#8211; konkurs matematyczno &#8211; ekonomiczny<\/a><\/h2><\/header><div class=\"eael-entry-header-after style-two\"><div class=\"eael-entry-meta\"><span class=\"eael-posted-on eael-meta-posted-on\"><i class=\"far fa-clock\"><\/i><time datetime=\"15 maja 2016\">15 maja 2016<\/time><\/span><\/div><\/div><div class=\"eael-entry-content\">\n                                <div class=\"eael-grid-post-excerpt\"><p>Uczniowie klas drugich i trzecich&nbsp;Gimnazjum&nbsp;w Garbowie&nbsp;uczestniczyli w Konkursie Wiedzy Matematyczno-Ekonomicznej EKONMAT. Konkurs by\u0142 organizowany przez Zesp\u00f3\u0142...<\/p><a href=\"https:\/\/szkola.garbow.pl\/index.php\/2016\/05\/15\/ekonmat-konkurs-matematyczno-ekonomiczny\/\" class=\"eael-post-elements-readmore-btn\">Wi\u0119cej...<\/a><\/div>\n                            <\/div><\/div><\/div>\n    <\/div>\n<\/article><\/div>\n            <div class=\"clearfix\"><\/div>\n        <\/div>\t\t\t\t<\/div>\n\t\t\t\t<\/div>\n\t\t\t\t\t<\/div>\n\t\t<\/div>\n\t\t\t\t\t<\/div>\n\t\t<\/section>\n\t\t\t\t<\/div>\n\t\t","protected":false},"excerpt":{"rendered":"<p>KONKURSY &#8211; PRZEDMIOTY \u015aCIS\u0141E Mi\u0119dzynarodowy Konkurs Umiej\u0119tno\u015bci Statystycznych 2020-2021 5 pa\u017adziernika 2020 Mi\u0119dzynarodowy Konkurs Umiej\u0119tno\u015bci Statystycznych 2020-2021. Zapraszamy do zapoznania: Wi\u0119cej&#8230; Laureat konkursu kuratoryjnego 5 maja 2019 Filip Markiewicz, ucze\u0144 kl. III a, zosta\u0142&nbsp;laureatem wojew\u00f3dzkiego konkursu przedmiotowego z geografii&nbsp;organizowanego przez Lubelskiego Kuratora O\u015bwiaty&#8230; Wi\u0119cej&#8230; Ekonmat &#8211; konkurs matematyczno &#8211; ekonomiczny &hellip;<\/p>\n","protected":false},"author":2,"featured_media":0,"parent":0,"menu_order":0,"comment_status":"closed","ping_status":"closed","template":"","meta":{"footnotes":""},"class_list":["post-957","page","type-page","status-publish","hentry"],"yoast_head":"<!-- This site is optimized with the Yoast SEO plugin v27.4 - https:\/\/yoast.com\/product\/yoast-seo-wordpress\/ -->\n<title>Przedmioty \u015bcis\u0142e - Szko\u0142a Podstawowa im. Marii Konopnickiej w Garbowie<\/title>\n<meta name=\"robots\" content=\"index, follow, max-snippet:-1, max-image-preview:large, max-video-preview:-1\" \/>\n<link rel=\"canonical\" href=\"https:\/\/szkola.garbow.pl\/index.php\/przedmioty-scisle\/\" \/>\n<meta property=\"og:locale\" content=\"pl_PL\" \/>\n<meta property=\"og:type\" content=\"article\" \/>\n<meta property=\"og:title\" content=\"Przedmioty \u015bcis\u0142e - Szko\u0142a Podstawowa im. Marii Konopnickiej w Garbowie\" \/>\n<meta property=\"og:description\" content=\"KONKURSY &#8211; PRZEDMIOTY \u015aCIS\u0141E Mi\u0119dzynarodowy Konkurs Umiej\u0119tno\u015bci Statystycznych 2020-2021 5 pa\u017adziernika 2020 Mi\u0119dzynarodowy Konkurs Umiej\u0119tno\u015bci Statystycznych 2020-2021. Zapraszamy do zapoznania: Wi\u0119cej&#8230; Laureat konkursu kuratoryjnego 5 maja 2019 Filip Markiewicz, ucze\u0144 kl. III a, zosta\u0142&nbsp;laureatem wojew\u00f3dzkiego konkursu przedmiotowego z geografii&nbsp;organizowanego przez Lubelskiego Kuratora O\u015bwiaty&#8230; Wi\u0119cej&#8230; Ekonmat &#8211; konkurs matematyczno &#8211; ekonomiczny &hellip;\" \/>\n<meta property=\"og:url\" content=\"https:\/\/szkola.garbow.pl\/index.php\/przedmioty-scisle\/\" \/>\n<meta property=\"og:site_name\" content=\"Szko\u0142a Podstawowa im. Marii Konopnickiej w Garbowie\" \/>\n<meta property=\"article:modified_time\" content=\"2020-10-21T07:14:04+00:00\" \/>\n<meta property=\"og:image\" content=\"http:\/\/serwer1690480.home.pl\/garbow\/wp-content\/uploads\/2020\/10\/konkurs-szkola-garbow-150x150.png\" \/>\n<meta name=\"twitter:card\" content=\"summary_large_image\" \/>\n<script type=\"application\/ld+json\" class=\"yoast-schema-graph\">{\"@context\":\"https:\\\/\\\/schema.org\",\"@graph\":[{\"@type\":\"WebPage\",\"@id\":\"https:\\\/\\\/szkola.garbow.pl\\\/index.php\\\/przedmioty-scisle\\\/\",\"url\":\"https:\\\/\\\/szkola.garbow.pl\\\/index.php\\\/przedmioty-scisle\\\/\",\"name\":\"Przedmioty \u015bcis\u0142e - Szko\u0142a Podstawowa im. Marii Konopnickiej w Garbowie\",\"isPartOf\":{\"@id\":\"https:\\\/\\\/szkola.garbow.pl\\\/#website\"},\"primaryImageOfPage\":{\"@id\":\"https:\\\/\\\/szkola.garbow.pl\\\/index.php\\\/przedmioty-scisle\\\/#primaryimage\"},\"image\":{\"@id\":\"https:\\\/\\\/szkola.garbow.pl\\\/index.php\\\/przedmioty-scisle\\\/#primaryimage\"},\"thumbnailUrl\":\"http:\\\/\\\/serwer1690480.home.pl\\\/garbow\\\/wp-content\\\/uploads\\\/2020\\\/10\\\/konkurs-szkola-garbow-150x150.png\",\"datePublished\":\"2020-10-19T17:38:44+00:00\",\"dateModified\":\"2020-10-21T07:14:04+00:00\",\"breadcrumb\":{\"@id\":\"https:\\\/\\\/szkola.garbow.pl\\\/index.php\\\/przedmioty-scisle\\\/#breadcrumb\"},\"inLanguage\":\"pl-PL\",\"potentialAction\":[{\"@type\":\"ReadAction\",\"target\":[\"https:\\\/\\\/szkola.garbow.pl\\\/index.php\\\/przedmioty-scisle\\\/\"]}]},{\"@type\":\"ImageObject\",\"inLanguage\":\"pl-PL\",\"@id\":\"https:\\\/\\\/szkola.garbow.pl\\\/index.php\\\/przedmioty-scisle\\\/#primaryimage\",\"url\":\"http:\\\/\\\/serwer1690480.home.pl\\\/garbow\\\/wp-content\\\/uploads\\\/2020\\\/10\\\/konkurs-szkola-garbow-150x150.png\",\"contentUrl\":\"http:\\\/\\\/serwer1690480.home.pl\\\/garbow\\\/wp-content\\\/uploads\\\/2020\\\/10\\\/konkurs-szkola-garbow-150x150.png\"},{\"@type\":\"BreadcrumbList\",\"@id\":\"https:\\\/\\\/szkola.garbow.pl\\\/index.php\\\/przedmioty-scisle\\\/#breadcrumb\",\"itemListElement\":[{\"@type\":\"ListItem\",\"position\":1,\"name\":\"Strona g\u0142\u00f3wna\",\"item\":\"https:\\\/\\\/szkola.garbow.pl\\\/\"},{\"@type\":\"ListItem\",\"position\":2,\"name\":\"Przedmioty \u015bcis\u0142e\"}]},{\"@type\":\"WebSite\",\"@id\":\"https:\\\/\\\/szkola.garbow.pl\\\/#website\",\"url\":\"https:\\\/\\\/szkola.garbow.pl\\\/\",\"name\":\"Szko\u0142a Podstawowa im. Marii Konopnickiej w Garbowie\",\"description\":\"Szko\u0142a Podstawowa im. Marii Konopnickiej w Garbowie\",\"publisher\":{\"@id\":\"https:\\\/\\\/szkola.garbow.pl\\\/#organization\"},\"potentialAction\":[{\"@type\":\"SearchAction\",\"target\":{\"@type\":\"EntryPoint\",\"urlTemplate\":\"https:\\\/\\\/szkola.garbow.pl\\\/?s={search_term_string}\"},\"query-input\":{\"@type\":\"PropertyValueSpecification\",\"valueRequired\":true,\"valueName\":\"search_term_string\"}}],\"inLanguage\":\"pl-PL\"},{\"@type\":\"Organization\",\"@id\":\"https:\\\/\\\/szkola.garbow.pl\\\/#organization\",\"name\":\"Szko\u0142a Podstawowa im. Marii Konopnickiej w Garbowie\",\"url\":\"https:\\\/\\\/szkola.garbow.pl\\\/\",\"logo\":{\"@type\":\"ImageObject\",\"inLanguage\":\"pl-PL\",\"@id\":\"https:\\\/\\\/szkola.garbow.pl\\\/#\\\/schema\\\/logo\\\/image\\\/\",\"url\":\"https:\\\/\\\/szkola.garbow.pl\\\/wp-content\\\/uploads\\\/2020\\\/09\\\/szkola_podstawowa_garbow-1-1.png\",\"contentUrl\":\"https:\\\/\\\/szkola.garbow.pl\\\/wp-content\\\/uploads\\\/2020\\\/09\\\/szkola_podstawowa_garbow-1-1.png\",\"width\":500,\"height\":136,\"caption\":\"Szko\u0142a Podstawowa im. Marii Konopnickiej w Garbowie\"},\"image\":{\"@id\":\"https:\\\/\\\/szkola.garbow.pl\\\/#\\\/schema\\\/logo\\\/image\\\/\"}}]}<\/script>\n<!-- \/ Yoast SEO plugin. -->","yoast_head_json":{"title":"Przedmioty \u015bcis\u0142e - Szko\u0142a Podstawowa im. Marii Konopnickiej w Garbowie","robots":{"index":"index","follow":"follow","max-snippet":"max-snippet:-1","max-image-preview":"max-image-preview:large","max-video-preview":"max-video-preview:-1"},"canonical":"https:\/\/szkola.garbow.pl\/index.php\/przedmioty-scisle\/","og_locale":"pl_PL","og_type":"article","og_title":"Przedmioty \u015bcis\u0142e - Szko\u0142a Podstawowa im. Marii Konopnickiej w Garbowie","og_description":"KONKURSY &#8211; PRZEDMIOTY \u015aCIS\u0141E Mi\u0119dzynarodowy Konkurs Umiej\u0119tno\u015bci Statystycznych 2020-2021 5 pa\u017adziernika 2020 Mi\u0119dzynarodowy Konkurs Umiej\u0119tno\u015bci Statystycznych 2020-2021. Zapraszamy do zapoznania: Wi\u0119cej&#8230; Laureat konkursu kuratoryjnego 5 maja 2019 Filip Markiewicz, ucze\u0144 kl. III a, zosta\u0142&nbsp;laureatem wojew\u00f3dzkiego konkursu przedmiotowego z geografii&nbsp;organizowanego przez Lubelskiego Kuratora O\u015bwiaty&#8230; Wi\u0119cej&#8230; Ekonmat &#8211; konkurs matematyczno &#8211; ekonomiczny &hellip;","og_url":"https:\/\/szkola.garbow.pl\/index.php\/przedmioty-scisle\/","og_site_name":"Szko\u0142a Podstawowa im. Marii Konopnickiej w Garbowie","article_modified_time":"2020-10-21T07:14:04+00:00","og_image":[{"url":"http:\/\/serwer1690480.home.pl\/garbow\/wp-content\/uploads\/2020\/10\/konkurs-szkola-garbow-150x150.png","type":"","width":"","height":""}],"twitter_card":"summary_large_image","schema":{"@context":"https:\/\/schema.org","@graph":[{"@type":"WebPage","@id":"https:\/\/szkola.garbow.pl\/index.php\/przedmioty-scisle\/","url":"https:\/\/szkola.garbow.pl\/index.php\/przedmioty-scisle\/","name":"Przedmioty \u015bcis\u0142e - Szko\u0142a Podstawowa im. Marii Konopnickiej w Garbowie","isPartOf":{"@id":"https:\/\/szkola.garbow.pl\/#website"},"primaryImageOfPage":{"@id":"https:\/\/szkola.garbow.pl\/index.php\/przedmioty-scisle\/#primaryimage"},"image":{"@id":"https:\/\/szkola.garbow.pl\/index.php\/przedmioty-scisle\/#primaryimage"},"thumbnailUrl":"http:\/\/serwer1690480.home.pl\/garbow\/wp-content\/uploads\/2020\/10\/konkurs-szkola-garbow-150x150.png","datePublished":"2020-10-19T17:38:44+00:00","dateModified":"2020-10-21T07:14:04+00:00","breadcrumb":{"@id":"https:\/\/szkola.garbow.pl\/index.php\/przedmioty-scisle\/#breadcrumb"},"inLanguage":"pl-PL","potentialAction":[{"@type":"ReadAction","target":["https:\/\/szkola.garbow.pl\/index.php\/przedmioty-scisle\/"]}]},{"@type":"ImageObject","inLanguage":"pl-PL","@id":"https:\/\/szkola.garbow.pl\/index.php\/przedmioty-scisle\/#primaryimage","url":"http:\/\/serwer1690480.home.pl\/garbow\/wp-content\/uploads\/2020\/10\/konkurs-szkola-garbow-150x150.png","contentUrl":"http:\/\/serwer1690480.home.pl\/garbow\/wp-content\/uploads\/2020\/10\/konkurs-szkola-garbow-150x150.png"},{"@type":"BreadcrumbList","@id":"https:\/\/szkola.garbow.pl\/index.php\/przedmioty-scisle\/#breadcrumb","itemListElement":[{"@type":"ListItem","position":1,"name":"Strona g\u0142\u00f3wna","item":"https:\/\/szkola.garbow.pl\/"},{"@type":"ListItem","position":2,"name":"Przedmioty \u015bcis\u0142e"}]},{"@type":"WebSite","@id":"https:\/\/szkola.garbow.pl\/#website","url":"https:\/\/szkola.garbow.pl\/","name":"Szko\u0142a Podstawowa im. Marii Konopnickiej w Garbowie","description":"Szko\u0142a Podstawowa im. Marii Konopnickiej w Garbowie","publisher":{"@id":"https:\/\/szkola.garbow.pl\/#organization"},"potentialAction":[{"@type":"SearchAction","target":{"@type":"EntryPoint","urlTemplate":"https:\/\/szkola.garbow.pl\/?s={search_term_string}"},"query-input":{"@type":"PropertyValueSpecification","valueRequired":true,"valueName":"search_term_string"}}],"inLanguage":"pl-PL"},{"@type":"Organization","@id":"https:\/\/szkola.garbow.pl\/#organization","name":"Szko\u0142a Podstawowa im. Marii Konopnickiej w Garbowie","url":"https:\/\/szkola.garbow.pl\/","logo":{"@type":"ImageObject","inLanguage":"pl-PL","@id":"https:\/\/szkola.garbow.pl\/#\/schema\/logo\/image\/","url":"https:\/\/szkola.garbow.pl\/wp-content\/uploads\/2020\/09\/szkola_podstawowa_garbow-1-1.png","contentUrl":"https:\/\/szkola.garbow.pl\/wp-content\/uploads\/2020\/09\/szkola_podstawowa_garbow-1-1.png","width":500,"height":136,"caption":"Szko\u0142a Podstawowa im. Marii Konopnickiej w Garbowie"},"image":{"@id":"https:\/\/szkola.garbow.pl\/#\/schema\/logo\/image\/"}}]}},"_links":{"self":[{"href":"https:\/\/szkola.garbow.pl\/index.php\/wp-json\/wp\/v2\/pages\/957","targetHints":{"allow":["GET"]}}],"collection":[{"href":"https:\/\/szkola.garbow.pl\/index.php\/wp-json\/wp\/v2\/pages"}],"about":[{"href":"https:\/\/szkola.garbow.pl\/index.php\/wp-json\/wp\/v2\/types\/page"}],"author":[{"embeddable":true,"href":"https:\/\/szkola.garbow.pl\/index.php\/wp-json\/wp\/v2\/users\/2"}],"replies":[{"embeddable":true,"href":"https:\/\/szkola.garbow.pl\/index.php\/wp-json\/wp\/v2\/comments?post=957"}],"version-history":[{"count":5,"href":"https:\/\/szkola.garbow.pl\/index.php\/wp-json\/wp\/v2\/pages\/957\/revisions"}],"predecessor-version":[{"id":3605,"href":"https:\/\/szkola.garbow.pl\/index.php\/wp-json\/wp\/v2\/pages\/957\/revisions\/3605"}],"wp:attachment":[{"href":"https:\/\/szkola.garbow.pl\/index.php\/wp-json\/wp\/v2\/media?parent=957"}],"curies":[{"name":"wp","href":"https:\/\/api.w.org\/{rel}","templated":true}]}}