{"id":5025,"date":"2021-11-18T18:43:29","date_gmt":"2021-11-18T17:43:29","guid":{"rendered":"https:\/\/szkola.garbow.pl\/?page_id=5025"},"modified":"2021-12-07T19:58:38","modified_gmt":"2021-12-07T18:58:38","slug":"rodo","status":"publish","type":"page","link":"https:\/\/szkola.garbow.pl\/index.php\/rodo\/","title":{"rendered":"RODO"},"content":{"rendered":"\n<p>Dyrektor Szko\u0142y Podstawowej im. Marii Konopnickiej w Garbowie informuje, \u017ce funkcj\u0119 Inspektora Ochrony Danych w szkole pe\u0142ni pani Katarzyna \u017b\u00f3\u0142kiewska-Malicka.<br>Kontakt z Inspektorem Ochrony Danych mo\u017cliwy jest pod adresem email:&nbsp;iodo@zeto.lublin.pl &nbsp;lub pod numerem telefonu: 609-389-097.<br>Informuj\u0119 r\u00f3wnie\u017c, \u017ce klauzule RODO s\u0105 do pobrania w sekretariacie szko\u0142y lub ze strony szko\u0142y.<\/p>\n\n\n\n<div data-wp-interactive=\"core\/file\" class=\"wp-block-file\"><object data-wp-bind--hidden=\"!state.hasPdfPreview\" hidden class=\"wp-block-file__embed\" data=\"https:\/\/szkola.garbow.pl\/wp-content\/uploads\/2021\/11\/Tresc-klauzuli-informacyjnej-monitoring.pdf\" type=\"application\/pdf\" style=\"width:100%;height:600px\" aria-label=\"Osadzone z Osadzone z Tresc-klauzuli-informacyjnej-monitoring..\"><\/object><a href=\"https:\/\/szkola.garbow.pl\/wp-content\/uploads\/2021\/11\/Tresc-klauzuli-informacyjnej-monitoring.pdf\">Tresc-klauzuli-informacyjnej-monitoring<\/a><a href=\"https:\/\/szkola.garbow.pl\/wp-content\/uploads\/2021\/11\/Tresc-klauzuli-informacyjnej-monitoring.pdf\" class=\"wp-block-file__button\" download>Pobierz<\/a><\/div>\n\n\n\n<div data-wp-interactive=\"core\/file\" class=\"wp-block-file\"><object data-wp-bind--hidden=\"!state.hasPdfPreview\" hidden class=\"wp-block-file__embed\" data=\"https:\/\/szkola.garbow.pl\/wp-content\/uploads\/2021\/11\/klauzula-rodzice.pdf\" type=\"application\/pdf\" style=\"width:100%;height:600px\" aria-label=\"Osadzone z Osadzone z klauzula-rodzice..\"><\/object><a href=\"https:\/\/szkola.garbow.pl\/wp-content\/uploads\/2021\/11\/klauzula-rodzice.pdf\">klauzula-rodzice<\/a><a href=\"https:\/\/szkola.garbow.pl\/wp-content\/uploads\/2021\/11\/klauzula-rodzice.pdf\" class=\"wp-block-file__button\" download>Pobierz<\/a><\/div>\n\n\n\n<div data-wp-interactive=\"core\/file\" class=\"wp-block-file\"><object data-wp-bind--hidden=\"!state.hasPdfPreview\" hidden class=\"wp-block-file__embed\" data=\"https:\/\/szkola.garbow.pl\/wp-content\/uploads\/2021\/12\/Polityka-Ochrony-Danych-Osobowych.pdf\" type=\"application\/pdf\" style=\"width:100%;height:600px\" aria-label=\"Osadzone z Osadzone z Polityka-Ochrony danych osobowych..\"><\/object><a href=\"https:\/\/szkola.garbow.pl\/wp-content\/uploads\/2021\/12\/Polityka-Ochrony-Danych-Osobowych.pdf\">Polityka-Ochrony danych osobowych<\/a><a href=\"https:\/\/szkola.garbow.pl\/wp-content\/uploads\/2021\/12\/Polityka-Ochrony-Danych-Osobowych.pdf\" class=\"wp-block-file__button\" download>Pobierz<\/a><\/div>\n","protected":false},"excerpt":{"rendered":"<p>Dyrektor Szko\u0142y Podstawowej im. Marii Konopnickiej w Garbowie informuje, \u017ce funkcj\u0119 Inspektora Ochrony Danych w szkole pe\u0142ni pani Katarzyna \u017b\u00f3\u0142kiewska-Malicka.Kontakt z Inspektorem Ochrony Danych mo\u017cliwy jest pod adresem email:&nbsp;iodo@zeto.lublin.pl &nbsp;lub pod numerem telefonu: 609-389-097.Informuj\u0119 r\u00f3wnie\u017c, \u017ce klauzule RODO s\u0105 do pobrania w sekretariacie szko\u0142y lub ze strony szko\u0142y.<\/p>\n","protected":false},"author":1,"featured_media":0,"parent":0,"menu_order":0,"comment_status":"closed","ping_status":"closed","template":"","meta":{"footnotes":""},"class_list":["post-5025","page","type-page","status-publish","hentry"],"yoast_head":"<!-- This site is optimized with the Yoast SEO plugin v27.4 - https:\/\/yoast.com\/product\/yoast-seo-wordpress\/ -->\n<title>RODO - Szko\u0142a Podstawowa im. Marii Konopnickiej w Garbowie<\/title>\n<meta name=\"robots\" content=\"index, follow, max-snippet:-1, max-image-preview:large, max-video-preview:-1\" \/>\n<link rel=\"canonical\" href=\"https:\/\/szkola.garbow.pl\/index.php\/rodo\/\" \/>\n<meta property=\"og:locale\" content=\"pl_PL\" \/>\n<meta property=\"og:type\" content=\"article\" \/>\n<meta property=\"og:title\" content=\"RODO - Szko\u0142a Podstawowa im. Marii Konopnickiej w Garbowie\" \/>\n<meta property=\"og:description\" content=\"Dyrektor Szko\u0142y Podstawowej im. Marii Konopnickiej w Garbowie informuje, \u017ce funkcj\u0119 Inspektora Ochrony Danych w szkole pe\u0142ni pani Katarzyna \u017b\u00f3\u0142kiewska-Malicka.Kontakt z Inspektorem Ochrony Danych mo\u017cliwy jest pod adresem email:&nbsp;iodo@zeto.lublin.pl &nbsp;lub pod numerem telefonu: 609-389-097.Informuj\u0119 r\u00f3wnie\u017c, \u017ce klauzule RODO s\u0105 do pobrania w sekretariacie szko\u0142y lub ze strony szko\u0142y.\" \/>\n<meta property=\"og:url\" content=\"https:\/\/szkola.garbow.pl\/index.php\/rodo\/\" \/>\n<meta property=\"og:site_name\" content=\"Szko\u0142a Podstawowa im. Marii Konopnickiej w Garbowie\" \/>\n<meta property=\"article:modified_time\" content=\"2021-12-07T18:58:38+00:00\" \/>\n<meta name=\"twitter:card\" content=\"summary_large_image\" \/>\n<meta name=\"twitter:label1\" content=\"Szacowany czas czytania\" \/>\n\t<meta name=\"twitter:data1\" content=\"1 minuta\" \/>\n<script type=\"application\/ld+json\" class=\"yoast-schema-graph\">{\"@context\":\"https:\\\/\\\/schema.org\",\"@graph\":[{\"@type\":\"WebPage\",\"@id\":\"https:\\\/\\\/szkola.garbow.pl\\\/index.php\\\/rodo\\\/\",\"url\":\"https:\\\/\\\/szkola.garbow.pl\\\/index.php\\\/rodo\\\/\",\"name\":\"RODO - Szko\u0142a Podstawowa im. Marii Konopnickiej w Garbowie\",\"isPartOf\":{\"@id\":\"https:\\\/\\\/szkola.garbow.pl\\\/#website\"},\"datePublished\":\"2021-11-18T17:43:29+00:00\",\"dateModified\":\"2021-12-07T18:58:38+00:00\",\"breadcrumb\":{\"@id\":\"https:\\\/\\\/szkola.garbow.pl\\\/index.php\\\/rodo\\\/#breadcrumb\"},\"inLanguage\":\"pl-PL\",\"potentialAction\":[{\"@type\":\"ReadAction\",\"target\":[\"https:\\\/\\\/szkola.garbow.pl\\\/index.php\\\/rodo\\\/\"]}]},{\"@type\":\"BreadcrumbList\",\"@id\":\"https:\\\/\\\/szkola.garbow.pl\\\/index.php\\\/rodo\\\/#breadcrumb\",\"itemListElement\":[{\"@type\":\"ListItem\",\"position\":1,\"name\":\"Strona g\u0142\u00f3wna\",\"item\":\"https:\\\/\\\/szkola.garbow.pl\\\/\"},{\"@type\":\"ListItem\",\"position\":2,\"name\":\"RODO\"}]},{\"@type\":\"WebSite\",\"@id\":\"https:\\\/\\\/szkola.garbow.pl\\\/#website\",\"url\":\"https:\\\/\\\/szkola.garbow.pl\\\/\",\"name\":\"Szko\u0142a Podstawowa im. Marii Konopnickiej w Garbowie\",\"description\":\"Szko\u0142a Podstawowa im. Marii Konopnickiej w Garbowie\",\"publisher\":{\"@id\":\"https:\\\/\\\/szkola.garbow.pl\\\/#organization\"},\"potentialAction\":[{\"@type\":\"SearchAction\",\"target\":{\"@type\":\"EntryPoint\",\"urlTemplate\":\"https:\\\/\\\/szkola.garbow.pl\\\/?s={search_term_string}\"},\"query-input\":{\"@type\":\"PropertyValueSpecification\",\"valueRequired\":true,\"valueName\":\"search_term_string\"}}],\"inLanguage\":\"pl-PL\"},{\"@type\":\"Organization\",\"@id\":\"https:\\\/\\\/szkola.garbow.pl\\\/#organization\",\"name\":\"Szko\u0142a Podstawowa im. Marii Konopnickiej w Garbowie\",\"url\":\"https:\\\/\\\/szkola.garbow.pl\\\/\",\"logo\":{\"@type\":\"ImageObject\",\"inLanguage\":\"pl-PL\",\"@id\":\"https:\\\/\\\/szkola.garbow.pl\\\/#\\\/schema\\\/logo\\\/image\\\/\",\"url\":\"https:\\\/\\\/szkola.garbow.pl\\\/wp-content\\\/uploads\\\/2020\\\/09\\\/szkola_podstawowa_garbow-1-1.png\",\"contentUrl\":\"https:\\\/\\\/szkola.garbow.pl\\\/wp-content\\\/uploads\\\/2020\\\/09\\\/szkola_podstawowa_garbow-1-1.png\",\"width\":500,\"height\":136,\"caption\":\"Szko\u0142a Podstawowa im. Marii Konopnickiej w Garbowie\"},\"image\":{\"@id\":\"https:\\\/\\\/szkola.garbow.pl\\\/#\\\/schema\\\/logo\\\/image\\\/\"}}]}<\/script>\n<!-- \/ Yoast SEO plugin. -->","yoast_head_json":{"title":"RODO - Szko\u0142a Podstawowa im. Marii Konopnickiej w Garbowie","robots":{"index":"index","follow":"follow","max-snippet":"max-snippet:-1","max-image-preview":"max-image-preview:large","max-video-preview":"max-video-preview:-1"},"canonical":"https:\/\/szkola.garbow.pl\/index.php\/rodo\/","og_locale":"pl_PL","og_type":"article","og_title":"RODO - Szko\u0142a Podstawowa im. Marii Konopnickiej w Garbowie","og_description":"Dyrektor Szko\u0142y Podstawowej im. Marii Konopnickiej w Garbowie informuje, \u017ce funkcj\u0119 Inspektora Ochrony Danych w szkole pe\u0142ni pani Katarzyna \u017b\u00f3\u0142kiewska-Malicka.Kontakt z Inspektorem Ochrony Danych mo\u017cliwy jest pod adresem email:&nbsp;iodo@zeto.lublin.pl &nbsp;lub pod numerem telefonu: 609-389-097.Informuj\u0119 r\u00f3wnie\u017c, \u017ce klauzule RODO s\u0105 do pobrania w sekretariacie szko\u0142y lub ze strony szko\u0142y.","og_url":"https:\/\/szkola.garbow.pl\/index.php\/rodo\/","og_site_name":"Szko\u0142a Podstawowa im. Marii Konopnickiej w Garbowie","article_modified_time":"2021-12-07T18:58:38+00:00","twitter_card":"summary_large_image","twitter_misc":{"Szacowany czas czytania":"1 minuta"},"schema":{"@context":"https:\/\/schema.org","@graph":[{"@type":"WebPage","@id":"https:\/\/szkola.garbow.pl\/index.php\/rodo\/","url":"https:\/\/szkola.garbow.pl\/index.php\/rodo\/","name":"RODO - Szko\u0142a Podstawowa im. Marii Konopnickiej w Garbowie","isPartOf":{"@id":"https:\/\/szkola.garbow.pl\/#website"},"datePublished":"2021-11-18T17:43:29+00:00","dateModified":"2021-12-07T18:58:38+00:00","breadcrumb":{"@id":"https:\/\/szkola.garbow.pl\/index.php\/rodo\/#breadcrumb"},"inLanguage":"pl-PL","potentialAction":[{"@type":"ReadAction","target":["https:\/\/szkola.garbow.pl\/index.php\/rodo\/"]}]},{"@type":"BreadcrumbList","@id":"https:\/\/szkola.garbow.pl\/index.php\/rodo\/#breadcrumb","itemListElement":[{"@type":"ListItem","position":1,"name":"Strona g\u0142\u00f3wna","item":"https:\/\/szkola.garbow.pl\/"},{"@type":"ListItem","position":2,"name":"RODO"}]},{"@type":"WebSite","@id":"https:\/\/szkola.garbow.pl\/#website","url":"https:\/\/szkola.garbow.pl\/","name":"Szko\u0142a Podstawowa im. Marii Konopnickiej w Garbowie","description":"Szko\u0142a Podstawowa im. Marii Konopnickiej w Garbowie","publisher":{"@id":"https:\/\/szkola.garbow.pl\/#organization"},"potentialAction":[{"@type":"SearchAction","target":{"@type":"EntryPoint","urlTemplate":"https:\/\/szkola.garbow.pl\/?s={search_term_string}"},"query-input":{"@type":"PropertyValueSpecification","valueRequired":true,"valueName":"search_term_string"}}],"inLanguage":"pl-PL"},{"@type":"Organization","@id":"https:\/\/szkola.garbow.pl\/#organization","name":"Szko\u0142a Podstawowa im. Marii Konopnickiej w Garbowie","url":"https:\/\/szkola.garbow.pl\/","logo":{"@type":"ImageObject","inLanguage":"pl-PL","@id":"https:\/\/szkola.garbow.pl\/#\/schema\/logo\/image\/","url":"https:\/\/szkola.garbow.pl\/wp-content\/uploads\/2020\/09\/szkola_podstawowa_garbow-1-1.png","contentUrl":"https:\/\/szkola.garbow.pl\/wp-content\/uploads\/2020\/09\/szkola_podstawowa_garbow-1-1.png","width":500,"height":136,"caption":"Szko\u0142a Podstawowa im. Marii Konopnickiej w Garbowie"},"image":{"@id":"https:\/\/szkola.garbow.pl\/#\/schema\/logo\/image\/"}}]}},"_links":{"self":[{"href":"https:\/\/szkola.garbow.pl\/index.php\/wp-json\/wp\/v2\/pages\/5025","targetHints":{"allow":["GET"]}}],"collection":[{"href":"https:\/\/szkola.garbow.pl\/index.php\/wp-json\/wp\/v2\/pages"}],"about":[{"href":"https:\/\/szkola.garbow.pl\/index.php\/wp-json\/wp\/v2\/types\/page"}],"author":[{"embeddable":true,"href":"https:\/\/szkola.garbow.pl\/index.php\/wp-json\/wp\/v2\/users\/1"}],"replies":[{"embeddable":true,"href":"https:\/\/szkola.garbow.pl\/index.php\/wp-json\/wp\/v2\/comments?post=5025"}],"version-history":[{"count":2,"href":"https:\/\/szkola.garbow.pl\/index.php\/wp-json\/wp\/v2\/pages\/5025\/revisions"}],"predecessor-version":[{"id":5113,"href":"https:\/\/szkola.garbow.pl\/index.php\/wp-json\/wp\/v2\/pages\/5025\/revisions\/5113"}],"wp:attachment":[{"href":"https:\/\/szkola.garbow.pl\/index.php\/wp-json\/wp\/v2\/media?parent=5025"}],"curies":[{"name":"wp","href":"https:\/\/api.w.org\/{rel}","templated":true}]}}