{"id":40,"date":"2020-09-18T13:23:01","date_gmt":"2020-09-18T11:23:01","guid":{"rendered":"http:\/\/serwer1690480.home.pl\/garbow\/?page_id=40"},"modified":"2025-10-09T19:32:28","modified_gmt":"2025-10-09T17:32:28","slug":"nasz-hymn","status":"publish","type":"page","link":"https:\/\/szkola.garbow.pl\/index.php\/nasz-hymn\/","title":{"rendered":"Nasz hymn"},"content":{"rendered":"\t\t<div data-elementor-type=\"wp-page\" data-elementor-id=\"40\" class=\"elementor elementor-40\">\n\t\t\t\t\t\t<section class=\"elementor-section elementor-top-section elementor-element elementor-element-43a9985a elementor-section-content-middle elementor-section-boxed elementor-section-height-default elementor-section-height-default\" data-id=\"43a9985a\" data-element_type=\"section\" data-e-type=\"section\">\n\t\t\t\t\t\t<div class=\"elementor-container elementor-column-gap-no\">\n\t\t\t\t\t<div class=\"elementor-column elementor-col-100 elementor-top-column elementor-element elementor-element-20edbf32\" data-id=\"20edbf32\" data-element_type=\"column\" data-e-type=\"column\">\n\t\t\t<div class=\"elementor-widget-wrap elementor-element-populated\">\n\t\t\t\t\t\t<div class=\"elementor-element elementor-element-2c8638d0 elementor-widget elementor-widget-heading\" data-id=\"2c8638d0\" data-element_type=\"widget\" data-e-type=\"widget\" data-widget_type=\"heading.default\">\n\t\t\t\t<div class=\"elementor-widget-container\">\n\t\t\t\t\t<h2 class=\"elementor-heading-title elementor-size-default\">Hymn Szko\u0142y  Podstawowej im. Marii Konopnickiej<\/h2>\t\t\t\t<\/div>\n\t\t\t\t<\/div>\n\t\t\t\t<div class=\"elementor-element elementor-element-7c1b0a42 elementor-widget elementor-widget-text-editor\" data-id=\"7c1b0a42\" data-element_type=\"widget\" data-e-type=\"widget\" data-widget_type=\"text-editor.default\">\n\t\t\t\t<div class=\"elementor-widget-container\">\n\t\t\t\t\t\t\t\t\t<p><!--[if lt IE 9]><script>document.createElement('audio');<\/script><![endif]-->\n<audio class=\"wp-audio-shortcode\" id=\"audio-40-1\" preload=\"none\" style=\"width: 100%;\" controls=\"controls\"><source type=\"audio\/mpeg\" src=\"https:\/\/szkola.garbow.pl\/wp-content\/uploads\/2025\/10\/Hymn-szkoly.mp3?_=1\" \/><a href=\"https:\/\/szkola.garbow.pl\/wp-content\/uploads\/2025\/10\/Hymn-szkoly.mp3\">https:\/\/szkola.garbow.pl\/wp-content\/uploads\/2025\/10\/Hymn-szkoly.mp3<\/a><\/audio><\/p><p>Garbowsk\u0105 szko\u0142\u0105 si\u0119 szczycimy,<br \/>kt\u00f3ra prze\u017cy\u0142a tyle lat.<br \/>Chodzili do niej nasi ojcowie.<br \/>Szko\u0142o, ju\u017c tyle lat.<\/p><p>Dzi\u015b nowe progi nas witaj\u0105,<br \/>kwitn\u0105ce wiosn\u0105 krzewy bzu,<br \/>\u015bmiechy, koledzy, \u015bcie\u017cka do wiedzy,<br \/>ksi\u0105\u017cka otwarta zn\u00f3w.<\/p><p>Szko\u0142o tyle przesz\u0142a\u015b dr\u00f3g spokojnych<br \/>i lat pogodnych<br \/>i tyle pi\u0119knych chwil,<br \/>T\u0105 straszn\u0105 noc\u0105, gdy przemoc\u0105 Ci\u0119 uj\u0119to, Szko\u0142o,<br \/>nasze serca bij\u0105 zgodnie rytmem spokojnym,<br \/>tych m\u0142odych, pi\u0119knych lat szcz\u0119\u015bliwych,<br \/>Gdy\u017c szko\u0142a to nasz wsp\u00f3lny dom.<\/p><p>\u00a0<\/p>\t\t\t\t\t\t\t\t<\/div>\n\t\t\t\t<\/div>\n\t\t\t\t\t<\/div>\n\t\t<\/div>\n\t\t\t\t\t<\/div>\n\t\t<\/section>\n\t\t\t\t<section class=\"elementor-section elementor-top-section elementor-element elementor-element-21bac1a elementor-section-boxed elementor-section-height-default elementor-section-height-default\" data-id=\"21bac1a\" data-element_type=\"section\" data-e-type=\"section\">\n\t\t\t\t\t\t<div class=\"elementor-container elementor-column-gap-default\">\n\t\t\t\t\t<div class=\"elementor-column elementor-col-100 elementor-top-column elementor-element elementor-element-c8f8e35\" data-id=\"c8f8e35\" data-element_type=\"column\" data-e-type=\"column\">\n\t\t\t<div class=\"elementor-widget-wrap\">\n\t\t\t\t\t\t\t<\/div>\n\t\t<\/div>\n\t\t\t\t\t<\/div>\n\t\t<\/section>\n\t\t\t\t<\/div>\n\t\t","protected":false},"excerpt":{"rendered":"<p>Hymn Szko\u0142y Podstawowej im. Marii Konopnickiej Garbowsk\u0105 szko\u0142\u0105 si\u0119 szczycimy,kt\u00f3ra prze\u017cy\u0142a tyle lat.Chodzili do niej nasi ojcowie.Szko\u0142o, ju\u017c tyle lat. Dzi\u015b nowe progi nas witaj\u0105,kwitn\u0105ce wiosn\u0105 krzewy bzu,\u015bmiechy, koledzy, \u015bcie\u017cka do wiedzy,ksi\u0105\u017cka otwarta zn\u00f3w. Szko\u0142o tyle przesz\u0142a\u015b dr\u00f3g spokojnychi lat pogodnychi tyle pi\u0119knych chwil,T\u0105 straszn\u0105 noc\u0105, gdy przemoc\u0105 Ci\u0119 uj\u0119to, &hellip;<\/p>\n","protected":false},"author":2,"featured_media":0,"parent":0,"menu_order":0,"comment_status":"closed","ping_status":"closed","template":"","meta":{"footnotes":""},"class_list":["post-40","page","type-page","status-publish","hentry"],"yoast_head":"<!-- This site is optimized with the Yoast SEO plugin v27.4 - https:\/\/yoast.com\/product\/yoast-seo-wordpress\/ -->\n<title>Nasz hymn - Szko\u0142a Podstawowa im. Marii Konopnickiej w Garbowie<\/title>\n<meta name=\"robots\" content=\"index, follow, max-snippet:-1, max-image-preview:large, max-video-preview:-1\" \/>\n<link rel=\"canonical\" href=\"https:\/\/szkola.garbow.pl\/index.php\/nasz-hymn\/\" \/>\n<meta property=\"og:locale\" content=\"pl_PL\" \/>\n<meta property=\"og:type\" content=\"article\" \/>\n<meta property=\"og:title\" content=\"Nasz hymn - Szko\u0142a Podstawowa im. Marii Konopnickiej w Garbowie\" \/>\n<meta property=\"og:description\" content=\"Hymn Szko\u0142y Podstawowej im. Marii Konopnickiej Garbowsk\u0105 szko\u0142\u0105 si\u0119 szczycimy,kt\u00f3ra prze\u017cy\u0142a tyle lat.Chodzili do niej nasi ojcowie.Szko\u0142o, ju\u017c tyle lat. Dzi\u015b nowe progi nas witaj\u0105,kwitn\u0105ce wiosn\u0105 krzewy bzu,\u015bmiechy, koledzy, \u015bcie\u017cka do wiedzy,ksi\u0105\u017cka otwarta zn\u00f3w. Szko\u0142o tyle przesz\u0142a\u015b dr\u00f3g spokojnychi lat pogodnychi tyle pi\u0119knych chwil,T\u0105 straszn\u0105 noc\u0105, gdy przemoc\u0105 Ci\u0119 uj\u0119to, &hellip;\" \/>\n<meta property=\"og:url\" content=\"https:\/\/szkola.garbow.pl\/index.php\/nasz-hymn\/\" \/>\n<meta property=\"og:site_name\" content=\"Szko\u0142a Podstawowa im. Marii Konopnickiej w Garbowie\" \/>\n<meta property=\"article:modified_time\" content=\"2025-10-09T17:32:28+00:00\" \/>\n<meta name=\"twitter:card\" content=\"summary_large_image\" \/>\n<meta name=\"twitter:label1\" content=\"Szacowany czas czytania\" \/>\n\t<meta name=\"twitter:data1\" content=\"1 minuta\" \/>\n<script type=\"application\/ld+json\" class=\"yoast-schema-graph\">{\"@context\":\"https:\\\/\\\/schema.org\",\"@graph\":[{\"@type\":\"WebPage\",\"@id\":\"https:\\\/\\\/szkola.garbow.pl\\\/index.php\\\/nasz-hymn\\\/\",\"url\":\"https:\\\/\\\/szkola.garbow.pl\\\/index.php\\\/nasz-hymn\\\/\",\"name\":\"Nasz hymn - Szko\u0142a Podstawowa im. Marii Konopnickiej w Garbowie\",\"isPartOf\":{\"@id\":\"https:\\\/\\\/szkola.garbow.pl\\\/#website\"},\"datePublished\":\"2020-09-18T11:23:01+00:00\",\"dateModified\":\"2025-10-09T17:32:28+00:00\",\"breadcrumb\":{\"@id\":\"https:\\\/\\\/szkola.garbow.pl\\\/index.php\\\/nasz-hymn\\\/#breadcrumb\"},\"inLanguage\":\"pl-PL\",\"potentialAction\":[{\"@type\":\"ReadAction\",\"target\":[\"https:\\\/\\\/szkola.garbow.pl\\\/index.php\\\/nasz-hymn\\\/\"]}]},{\"@type\":\"BreadcrumbList\",\"@id\":\"https:\\\/\\\/szkola.garbow.pl\\\/index.php\\\/nasz-hymn\\\/#breadcrumb\",\"itemListElement\":[{\"@type\":\"ListItem\",\"position\":1,\"name\":\"Strona g\u0142\u00f3wna\",\"item\":\"https:\\\/\\\/szkola.garbow.pl\\\/\"},{\"@type\":\"ListItem\",\"position\":2,\"name\":\"Nasz hymn\"}]},{\"@type\":\"WebSite\",\"@id\":\"https:\\\/\\\/szkola.garbow.pl\\\/#website\",\"url\":\"https:\\\/\\\/szkola.garbow.pl\\\/\",\"name\":\"Szko\u0142a Podstawowa im. Marii Konopnickiej w Garbowie\",\"description\":\"Szko\u0142a Podstawowa im. Marii Konopnickiej w Garbowie\",\"publisher\":{\"@id\":\"https:\\\/\\\/szkola.garbow.pl\\\/#organization\"},\"potentialAction\":[{\"@type\":\"SearchAction\",\"target\":{\"@type\":\"EntryPoint\",\"urlTemplate\":\"https:\\\/\\\/szkola.garbow.pl\\\/?s={search_term_string}\"},\"query-input\":{\"@type\":\"PropertyValueSpecification\",\"valueRequired\":true,\"valueName\":\"search_term_string\"}}],\"inLanguage\":\"pl-PL\"},{\"@type\":\"Organization\",\"@id\":\"https:\\\/\\\/szkola.garbow.pl\\\/#organization\",\"name\":\"Szko\u0142a Podstawowa im. Marii Konopnickiej w Garbowie\",\"url\":\"https:\\\/\\\/szkola.garbow.pl\\\/\",\"logo\":{\"@type\":\"ImageObject\",\"inLanguage\":\"pl-PL\",\"@id\":\"https:\\\/\\\/szkola.garbow.pl\\\/#\\\/schema\\\/logo\\\/image\\\/\",\"url\":\"https:\\\/\\\/szkola.garbow.pl\\\/wp-content\\\/uploads\\\/2020\\\/09\\\/szkola_podstawowa_garbow-1-1.png\",\"contentUrl\":\"https:\\\/\\\/szkola.garbow.pl\\\/wp-content\\\/uploads\\\/2020\\\/09\\\/szkola_podstawowa_garbow-1-1.png\",\"width\":500,\"height\":136,\"caption\":\"Szko\u0142a Podstawowa im. Marii Konopnickiej w Garbowie\"},\"image\":{\"@id\":\"https:\\\/\\\/szkola.garbow.pl\\\/#\\\/schema\\\/logo\\\/image\\\/\"}}]}<\/script>\n<!-- \/ Yoast SEO plugin. -->","yoast_head_json":{"title":"Nasz hymn - Szko\u0142a Podstawowa im. Marii Konopnickiej w Garbowie","robots":{"index":"index","follow":"follow","max-snippet":"max-snippet:-1","max-image-preview":"max-image-preview:large","max-video-preview":"max-video-preview:-1"},"canonical":"https:\/\/szkola.garbow.pl\/index.php\/nasz-hymn\/","og_locale":"pl_PL","og_type":"article","og_title":"Nasz hymn - Szko\u0142a Podstawowa im. Marii Konopnickiej w Garbowie","og_description":"Hymn Szko\u0142y Podstawowej im. Marii Konopnickiej Garbowsk\u0105 szko\u0142\u0105 si\u0119 szczycimy,kt\u00f3ra prze\u017cy\u0142a tyle lat.Chodzili do niej nasi ojcowie.Szko\u0142o, ju\u017c tyle lat. Dzi\u015b nowe progi nas witaj\u0105,kwitn\u0105ce wiosn\u0105 krzewy bzu,\u015bmiechy, koledzy, \u015bcie\u017cka do wiedzy,ksi\u0105\u017cka otwarta zn\u00f3w. Szko\u0142o tyle przesz\u0142a\u015b dr\u00f3g spokojnychi lat pogodnychi tyle pi\u0119knych chwil,T\u0105 straszn\u0105 noc\u0105, gdy przemoc\u0105 Ci\u0119 uj\u0119to, &hellip;","og_url":"https:\/\/szkola.garbow.pl\/index.php\/nasz-hymn\/","og_site_name":"Szko\u0142a Podstawowa im. Marii Konopnickiej w Garbowie","article_modified_time":"2025-10-09T17:32:28+00:00","twitter_card":"summary_large_image","twitter_misc":{"Szacowany czas czytania":"1 minuta"},"schema":{"@context":"https:\/\/schema.org","@graph":[{"@type":"WebPage","@id":"https:\/\/szkola.garbow.pl\/index.php\/nasz-hymn\/","url":"https:\/\/szkola.garbow.pl\/index.php\/nasz-hymn\/","name":"Nasz hymn - Szko\u0142a Podstawowa im. Marii Konopnickiej w Garbowie","isPartOf":{"@id":"https:\/\/szkola.garbow.pl\/#website"},"datePublished":"2020-09-18T11:23:01+00:00","dateModified":"2025-10-09T17:32:28+00:00","breadcrumb":{"@id":"https:\/\/szkola.garbow.pl\/index.php\/nasz-hymn\/#breadcrumb"},"inLanguage":"pl-PL","potentialAction":[{"@type":"ReadAction","target":["https:\/\/szkola.garbow.pl\/index.php\/nasz-hymn\/"]}]},{"@type":"BreadcrumbList","@id":"https:\/\/szkola.garbow.pl\/index.php\/nasz-hymn\/#breadcrumb","itemListElement":[{"@type":"ListItem","position":1,"name":"Strona g\u0142\u00f3wna","item":"https:\/\/szkola.garbow.pl\/"},{"@type":"ListItem","position":2,"name":"Nasz hymn"}]},{"@type":"WebSite","@id":"https:\/\/szkola.garbow.pl\/#website","url":"https:\/\/szkola.garbow.pl\/","name":"Szko\u0142a Podstawowa im. Marii Konopnickiej w Garbowie","description":"Szko\u0142a Podstawowa im. Marii Konopnickiej w Garbowie","publisher":{"@id":"https:\/\/szkola.garbow.pl\/#organization"},"potentialAction":[{"@type":"SearchAction","target":{"@type":"EntryPoint","urlTemplate":"https:\/\/szkola.garbow.pl\/?s={search_term_string}"},"query-input":{"@type":"PropertyValueSpecification","valueRequired":true,"valueName":"search_term_string"}}],"inLanguage":"pl-PL"},{"@type":"Organization","@id":"https:\/\/szkola.garbow.pl\/#organization","name":"Szko\u0142a Podstawowa im. Marii Konopnickiej w Garbowie","url":"https:\/\/szkola.garbow.pl\/","logo":{"@type":"ImageObject","inLanguage":"pl-PL","@id":"https:\/\/szkola.garbow.pl\/#\/schema\/logo\/image\/","url":"https:\/\/szkola.garbow.pl\/wp-content\/uploads\/2020\/09\/szkola_podstawowa_garbow-1-1.png","contentUrl":"https:\/\/szkola.garbow.pl\/wp-content\/uploads\/2020\/09\/szkola_podstawowa_garbow-1-1.png","width":500,"height":136,"caption":"Szko\u0142a Podstawowa im. Marii Konopnickiej w Garbowie"},"image":{"@id":"https:\/\/szkola.garbow.pl\/#\/schema\/logo\/image\/"}}]}},"_links":{"self":[{"href":"https:\/\/szkola.garbow.pl\/index.php\/wp-json\/wp\/v2\/pages\/40","targetHints":{"allow":["GET"]}}],"collection":[{"href":"https:\/\/szkola.garbow.pl\/index.php\/wp-json\/wp\/v2\/pages"}],"about":[{"href":"https:\/\/szkola.garbow.pl\/index.php\/wp-json\/wp\/v2\/types\/page"}],"author":[{"embeddable":true,"href":"https:\/\/szkola.garbow.pl\/index.php\/wp-json\/wp\/v2\/users\/2"}],"replies":[{"embeddable":true,"href":"https:\/\/szkola.garbow.pl\/index.php\/wp-json\/wp\/v2\/comments?post=40"}],"version-history":[{"count":6,"href":"https:\/\/szkola.garbow.pl\/index.php\/wp-json\/wp\/v2\/pages\/40\/revisions"}],"predecessor-version":[{"id":19121,"href":"https:\/\/szkola.garbow.pl\/index.php\/wp-json\/wp\/v2\/pages\/40\/revisions\/19121"}],"wp:attachment":[{"href":"https:\/\/szkola.garbow.pl\/index.php\/wp-json\/wp\/v2\/media?parent=40"}],"curies":[{"name":"wp","href":"https:\/\/api.w.org\/{rel}","templated":true}]}}