{"id":38,"date":"2020-09-18T13:22:45","date_gmt":"2020-09-18T11:22:45","guid":{"rendered":"http:\/\/serwer1690480.home.pl\/garbow\/?page_id=38"},"modified":"2023-03-24T12:07:43","modified_gmt":"2023-03-24T11:07:43","slug":"dokumentacja-szkolna","status":"publish","type":"page","link":"https:\/\/szkola.garbow.pl\/index.php\/dokumentacja-szkolna\/","title":{"rendered":"Dokumentacja szkolna"},"content":{"rendered":"\t\t<div data-elementor-type=\"wp-page\" data-elementor-id=\"38\" class=\"elementor elementor-38\">\n\t\t\t\t\t\t<section class=\"elementor-section elementor-top-section elementor-element elementor-element-78822e5b elementor-section-content-middle elementor-section-boxed elementor-section-height-default elementor-section-height-default\" data-id=\"78822e5b\" data-element_type=\"section\" data-e-type=\"section\">\n\t\t\t\t\t\t<div class=\"elementor-container elementor-column-gap-no\">\n\t\t\t\t\t<div class=\"elementor-column elementor-col-50 elementor-top-column elementor-element elementor-element-3636b77e\" data-id=\"3636b77e\" data-element_type=\"column\" data-e-type=\"column\">\n\t\t\t<div class=\"elementor-widget-wrap elementor-element-populated\">\n\t\t\t\t\t\t<div class=\"elementor-element elementor-element-3d422218 elementor-widget elementor-widget-heading\" data-id=\"3d422218\" data-element_type=\"widget\" data-e-type=\"widget\" data-widget_type=\"heading.default\">\n\t\t\t\t<div class=\"elementor-widget-container\">\n\t\t\t\t\t<h4 class=\"elementor-heading-title elementor-size-default\">Dokumentacja szkolna<\/h4>\t\t\t\t<\/div>\n\t\t\t\t<\/div>\n\t\t\t\t\t<\/div>\n\t\t<\/div>\n\t\t\t\t<div class=\"elementor-column elementor-col-50 elementor-top-column elementor-element elementor-element-f0c84e1\" data-id=\"f0c84e1\" data-element_type=\"column\" data-e-type=\"column\">\n\t\t\t<div class=\"elementor-widget-wrap elementor-element-populated\">\n\t\t\t\t\t\t<div class=\"elementor-element elementor-element-24016f96 elementor-widget elementor-widget-text-editor\" data-id=\"24016f96\" data-element_type=\"widget\" data-e-type=\"widget\" data-widget_type=\"text-editor.default\">\n\t\t\t\t<div class=\"elementor-widget-container\">\n\t\t\t\t\t\t\t\t\t<p><a href=\"https:\/\/szkola.garbow.pl\/wp-content\/uploads\/2023\/03\/PROGRAM-WYCH-PROF-21-22.pdf\">Program wychowawczy<\/a><\/p><p><a href=\"https:\/\/szkola.garbow.pl\/wp-content\/uploads\/2023\/03\/2-PROCEDURA-POMOCY-PSYCH-PEDAG.docx\">PROCEDURA POMOCY PSYCHOLOGICZNO -PEDAGOGICZNEJ<\/a><a href=\"https:\/\/szkola.garbow.pl\/wp-content\/uploads\/2023\/03\/3-Dokument-Polityka-CHRONIMY-DZIECI.docx\">\u00a0<\/a><\/p><p><a href=\"https:\/\/szkola.garbow.pl\/wp-content\/uploads\/2023\/03\/3-Dokument-Polityka-CHRONIMY-DZIECI.docx\">Polityka CHRONIMY DZIEC<\/a><a href=\"https:\/\/szkola.garbow.pl\/wp-content\/uploads\/2023\/03\/4-Procedury-szkolne-w-syt.-trudnych.docx\">I Procedury szkolne w sytuacjach trudnych <\/a><\/p><p><a href=\"http:\/\/serwer1690480.home.pl\/garbow\/wp-content\/uploads\/2020\/09\/aneks_do_regulaminu_dowozenia_uczniow_sp_garbow.pdf\">Aneks do regulaminu dowo\u017cenia uczni\u00f3w<\/a><\/p><p><a href=\"http:\/\/serwer1690480.home.pl\/garbow\/wp-content\/uploads\/2020\/09\/regulamin_dowozenia_uczniow_sp_garbow.pdf\">Regulamin dowo\u017cenia uczni\u00f3w<\/a><\/p><p><a href=\"https:\/\/szkola.garbow.pl\/wp-content\/uploads\/2023\/03\/statut_garbow_szkola.pdf\">Statut Szko\u0142y w Garbowie<\/a><\/p>\t\t\t\t\t\t\t\t<\/div>\n\t\t\t\t<\/div>\n\t\t\t\t\t<\/div>\n\t\t<\/div>\n\t\t\t\t\t<\/div>\n\t\t<\/section>\n\t\t\t\t<\/div>\n\t\t","protected":false},"excerpt":{"rendered":"<p>Dokumentacja szkolna Program wychowawczy PROCEDURA POMOCY PSYCHOLOGICZNO -PEDAGOGICZNEJ\u00a0 Polityka CHRONIMY DZIECI Procedury szkolne w sytuacjach trudnych Aneks do regulaminu dowo\u017cenia uczni\u00f3w Regulamin dowo\u017cenia uczni\u00f3w Statut Szko\u0142y w Garbowie<\/p>\n","protected":false},"author":2,"featured_media":0,"parent":0,"menu_order":0,"comment_status":"closed","ping_status":"closed","template":"","meta":{"footnotes":""},"class_list":["post-38","page","type-page","status-publish","hentry"],"yoast_head":"<!-- This site is optimized with the Yoast SEO plugin v27.4 - https:\/\/yoast.com\/product\/yoast-seo-wordpress\/ -->\n<title>Dokumentacja szkolna - Szko\u0142a Podstawowa im. Marii Konopnickiej w Garbowie<\/title>\n<meta name=\"robots\" content=\"index, follow, max-snippet:-1, max-image-preview:large, max-video-preview:-1\" \/>\n<link rel=\"canonical\" href=\"https:\/\/szkola.garbow.pl\/index.php\/dokumentacja-szkolna\/\" \/>\n<meta property=\"og:locale\" content=\"pl_PL\" \/>\n<meta property=\"og:type\" content=\"article\" \/>\n<meta property=\"og:title\" content=\"Dokumentacja szkolna - Szko\u0142a Podstawowa im. Marii Konopnickiej w Garbowie\" \/>\n<meta property=\"og:description\" content=\"Dokumentacja szkolna Program wychowawczy PROCEDURA POMOCY PSYCHOLOGICZNO -PEDAGOGICZNEJ\u00a0 Polityka CHRONIMY DZIECI Procedury szkolne w sytuacjach trudnych Aneks do regulaminu dowo\u017cenia uczni\u00f3w Regulamin dowo\u017cenia uczni\u00f3w Statut Szko\u0142y w Garbowie\" \/>\n<meta property=\"og:url\" content=\"https:\/\/szkola.garbow.pl\/index.php\/dokumentacja-szkolna\/\" \/>\n<meta property=\"og:site_name\" content=\"Szko\u0142a Podstawowa im. Marii Konopnickiej w Garbowie\" \/>\n<meta property=\"article:modified_time\" content=\"2023-03-24T11:07:43+00:00\" \/>\n<meta name=\"twitter:card\" content=\"summary_large_image\" \/>\n<meta name=\"twitter:label1\" content=\"Szacowany czas czytania\" \/>\n\t<meta name=\"twitter:data1\" content=\"1 minuta\" \/>\n<script type=\"application\/ld+json\" class=\"yoast-schema-graph\">{\"@context\":\"https:\\\/\\\/schema.org\",\"@graph\":[{\"@type\":\"WebPage\",\"@id\":\"https:\\\/\\\/szkola.garbow.pl\\\/index.php\\\/dokumentacja-szkolna\\\/\",\"url\":\"https:\\\/\\\/szkola.garbow.pl\\\/index.php\\\/dokumentacja-szkolna\\\/\",\"name\":\"Dokumentacja szkolna - Szko\u0142a Podstawowa im. Marii Konopnickiej w Garbowie\",\"isPartOf\":{\"@id\":\"https:\\\/\\\/szkola.garbow.pl\\\/#website\"},\"datePublished\":\"2020-09-18T11:22:45+00:00\",\"dateModified\":\"2023-03-24T11:07:43+00:00\",\"breadcrumb\":{\"@id\":\"https:\\\/\\\/szkola.garbow.pl\\\/index.php\\\/dokumentacja-szkolna\\\/#breadcrumb\"},\"inLanguage\":\"pl-PL\",\"potentialAction\":[{\"@type\":\"ReadAction\",\"target\":[\"https:\\\/\\\/szkola.garbow.pl\\\/index.php\\\/dokumentacja-szkolna\\\/\"]}]},{\"@type\":\"BreadcrumbList\",\"@id\":\"https:\\\/\\\/szkola.garbow.pl\\\/index.php\\\/dokumentacja-szkolna\\\/#breadcrumb\",\"itemListElement\":[{\"@type\":\"ListItem\",\"position\":1,\"name\":\"Strona g\u0142\u00f3wna\",\"item\":\"https:\\\/\\\/szkola.garbow.pl\\\/\"},{\"@type\":\"ListItem\",\"position\":2,\"name\":\"Dokumentacja szkolna\"}]},{\"@type\":\"WebSite\",\"@id\":\"https:\\\/\\\/szkola.garbow.pl\\\/#website\",\"url\":\"https:\\\/\\\/szkola.garbow.pl\\\/\",\"name\":\"Szko\u0142a Podstawowa im. Marii Konopnickiej w Garbowie\",\"description\":\"Szko\u0142a Podstawowa im. Marii Konopnickiej w Garbowie\",\"publisher\":{\"@id\":\"https:\\\/\\\/szkola.garbow.pl\\\/#organization\"},\"potentialAction\":[{\"@type\":\"SearchAction\",\"target\":{\"@type\":\"EntryPoint\",\"urlTemplate\":\"https:\\\/\\\/szkola.garbow.pl\\\/?s={search_term_string}\"},\"query-input\":{\"@type\":\"PropertyValueSpecification\",\"valueRequired\":true,\"valueName\":\"search_term_string\"}}],\"inLanguage\":\"pl-PL\"},{\"@type\":\"Organization\",\"@id\":\"https:\\\/\\\/szkola.garbow.pl\\\/#organization\",\"name\":\"Szko\u0142a Podstawowa im. Marii Konopnickiej w Garbowie\",\"url\":\"https:\\\/\\\/szkola.garbow.pl\\\/\",\"logo\":{\"@type\":\"ImageObject\",\"inLanguage\":\"pl-PL\",\"@id\":\"https:\\\/\\\/szkola.garbow.pl\\\/#\\\/schema\\\/logo\\\/image\\\/\",\"url\":\"https:\\\/\\\/szkola.garbow.pl\\\/wp-content\\\/uploads\\\/2020\\\/09\\\/szkola_podstawowa_garbow-1-1.png\",\"contentUrl\":\"https:\\\/\\\/szkola.garbow.pl\\\/wp-content\\\/uploads\\\/2020\\\/09\\\/szkola_podstawowa_garbow-1-1.png\",\"width\":500,\"height\":136,\"caption\":\"Szko\u0142a Podstawowa im. Marii Konopnickiej w Garbowie\"},\"image\":{\"@id\":\"https:\\\/\\\/szkola.garbow.pl\\\/#\\\/schema\\\/logo\\\/image\\\/\"}}]}<\/script>\n<!-- \/ Yoast SEO plugin. -->","yoast_head_json":{"title":"Dokumentacja szkolna - Szko\u0142a Podstawowa im. Marii Konopnickiej w Garbowie","robots":{"index":"index","follow":"follow","max-snippet":"max-snippet:-1","max-image-preview":"max-image-preview:large","max-video-preview":"max-video-preview:-1"},"canonical":"https:\/\/szkola.garbow.pl\/index.php\/dokumentacja-szkolna\/","og_locale":"pl_PL","og_type":"article","og_title":"Dokumentacja szkolna - Szko\u0142a Podstawowa im. Marii Konopnickiej w Garbowie","og_description":"Dokumentacja szkolna Program wychowawczy PROCEDURA POMOCY PSYCHOLOGICZNO -PEDAGOGICZNEJ\u00a0 Polityka CHRONIMY DZIECI Procedury szkolne w sytuacjach trudnych Aneks do regulaminu dowo\u017cenia uczni\u00f3w Regulamin dowo\u017cenia uczni\u00f3w Statut Szko\u0142y w Garbowie","og_url":"https:\/\/szkola.garbow.pl\/index.php\/dokumentacja-szkolna\/","og_site_name":"Szko\u0142a Podstawowa im. Marii Konopnickiej w Garbowie","article_modified_time":"2023-03-24T11:07:43+00:00","twitter_card":"summary_large_image","twitter_misc":{"Szacowany czas czytania":"1 minuta"},"schema":{"@context":"https:\/\/schema.org","@graph":[{"@type":"WebPage","@id":"https:\/\/szkola.garbow.pl\/index.php\/dokumentacja-szkolna\/","url":"https:\/\/szkola.garbow.pl\/index.php\/dokumentacja-szkolna\/","name":"Dokumentacja szkolna - Szko\u0142a Podstawowa im. Marii Konopnickiej w Garbowie","isPartOf":{"@id":"https:\/\/szkola.garbow.pl\/#website"},"datePublished":"2020-09-18T11:22:45+00:00","dateModified":"2023-03-24T11:07:43+00:00","breadcrumb":{"@id":"https:\/\/szkola.garbow.pl\/index.php\/dokumentacja-szkolna\/#breadcrumb"},"inLanguage":"pl-PL","potentialAction":[{"@type":"ReadAction","target":["https:\/\/szkola.garbow.pl\/index.php\/dokumentacja-szkolna\/"]}]},{"@type":"BreadcrumbList","@id":"https:\/\/szkola.garbow.pl\/index.php\/dokumentacja-szkolna\/#breadcrumb","itemListElement":[{"@type":"ListItem","position":1,"name":"Strona g\u0142\u00f3wna","item":"https:\/\/szkola.garbow.pl\/"},{"@type":"ListItem","position":2,"name":"Dokumentacja szkolna"}]},{"@type":"WebSite","@id":"https:\/\/szkola.garbow.pl\/#website","url":"https:\/\/szkola.garbow.pl\/","name":"Szko\u0142a Podstawowa im. Marii Konopnickiej w Garbowie","description":"Szko\u0142a Podstawowa im. Marii Konopnickiej w Garbowie","publisher":{"@id":"https:\/\/szkola.garbow.pl\/#organization"},"potentialAction":[{"@type":"SearchAction","target":{"@type":"EntryPoint","urlTemplate":"https:\/\/szkola.garbow.pl\/?s={search_term_string}"},"query-input":{"@type":"PropertyValueSpecification","valueRequired":true,"valueName":"search_term_string"}}],"inLanguage":"pl-PL"},{"@type":"Organization","@id":"https:\/\/szkola.garbow.pl\/#organization","name":"Szko\u0142a Podstawowa im. Marii Konopnickiej w Garbowie","url":"https:\/\/szkola.garbow.pl\/","logo":{"@type":"ImageObject","inLanguage":"pl-PL","@id":"https:\/\/szkola.garbow.pl\/#\/schema\/logo\/image\/","url":"https:\/\/szkola.garbow.pl\/wp-content\/uploads\/2020\/09\/szkola_podstawowa_garbow-1-1.png","contentUrl":"https:\/\/szkola.garbow.pl\/wp-content\/uploads\/2020\/09\/szkola_podstawowa_garbow-1-1.png","width":500,"height":136,"caption":"Szko\u0142a Podstawowa im. Marii Konopnickiej w Garbowie"},"image":{"@id":"https:\/\/szkola.garbow.pl\/#\/schema\/logo\/image\/"}}]}},"_links":{"self":[{"href":"https:\/\/szkola.garbow.pl\/index.php\/wp-json\/wp\/v2\/pages\/38","targetHints":{"allow":["GET"]}}],"collection":[{"href":"https:\/\/szkola.garbow.pl\/index.php\/wp-json\/wp\/v2\/pages"}],"about":[{"href":"https:\/\/szkola.garbow.pl\/index.php\/wp-json\/wp\/v2\/types\/page"}],"author":[{"embeddable":true,"href":"https:\/\/szkola.garbow.pl\/index.php\/wp-json\/wp\/v2\/users\/2"}],"replies":[{"embeddable":true,"href":"https:\/\/szkola.garbow.pl\/index.php\/wp-json\/wp\/v2\/comments?post=38"}],"version-history":[{"count":24,"href":"https:\/\/szkola.garbow.pl\/index.php\/wp-json\/wp\/v2\/pages\/38\/revisions"}],"predecessor-version":[{"id":10648,"href":"https:\/\/szkola.garbow.pl\/index.php\/wp-json\/wp\/v2\/pages\/38\/revisions\/10648"}],"wp:attachment":[{"href":"https:\/\/szkola.garbow.pl\/index.php\/wp-json\/wp\/v2\/media?parent=38"}],"curies":[{"name":"wp","href":"https:\/\/api.w.org\/{rel}","templated":true}]}}