{"id":30,"date":"2020-09-18T13:20:42","date_gmt":"2020-09-18T11:20:42","guid":{"rendered":"http:\/\/serwer1690480.home.pl\/garbow\/?page_id=30"},"modified":"2020-10-22T19:15:01","modified_gmt":"2020-10-22T17:15:01","slug":"nasi-patroni","status":"publish","type":"page","link":"https:\/\/szkola.garbow.pl\/index.php\/nasi-patroni\/","title":{"rendered":"Nasz patron"},"content":{"rendered":"\t\t<div data-elementor-type=\"wp-page\" data-elementor-id=\"30\" class=\"elementor elementor-30\">\n\t\t\t\t\t\t<section class=\"elementor-section elementor-top-section elementor-element elementor-element-4717f5ba elementor-section-content-middle elementor-section-boxed elementor-section-height-default elementor-section-height-default\" data-id=\"4717f5ba\" data-element_type=\"section\" data-e-type=\"section\">\n\t\t\t\t\t\t<div class=\"elementor-container elementor-column-gap-no\">\n\t\t\t\t\t<div class=\"elementor-column elementor-col-50 elementor-top-column elementor-element elementor-element-5371b47d\" data-id=\"5371b47d\" data-element_type=\"column\" data-e-type=\"column\">\n\t\t\t<div class=\"elementor-widget-wrap elementor-element-populated\">\n\t\t\t\t\t\t<div class=\"elementor-element elementor-element-1773c267 elementor-widget elementor-widget-image\" data-id=\"1773c267\" data-element_type=\"widget\" data-e-type=\"widget\" data-widget_type=\"image.default\">\n\t\t\t\t<div class=\"elementor-widget-container\">\n\t\t\t\t\t\t\t\t\t\t\t\t\t\t\t<img fetchpriority=\"high\" decoding=\"async\" width=\"204\" height=\"300\" src=\"https:\/\/szkola.garbow.pl\/wp-content\/uploads\/2020\/09\/szkola_imienia_konopnickiej_garbow.jpg\" class=\"attachment-full size-full wp-image-260\" alt=\"\" \/>\t\t\t\t\t\t\t\t\t\t\t\t\t\t\t<\/div>\n\t\t\t\t<\/div>\n\t\t\t\t\t<\/div>\n\t\t<\/div>\n\t\t\t\t<div class=\"elementor-column elementor-col-50 elementor-top-column elementor-element elementor-element-62992d94\" data-id=\"62992d94\" data-element_type=\"column\" data-e-type=\"column\">\n\t\t\t<div class=\"elementor-widget-wrap elementor-element-populated\">\n\t\t\t\t\t\t<div class=\"elementor-element elementor-element-1c06eadb elementor-view-default elementor-widget elementor-widget-icon\" data-id=\"1c06eadb\" data-element_type=\"widget\" data-e-type=\"widget\" data-widget_type=\"icon.default\">\n\t\t\t\t<div class=\"elementor-widget-container\">\n\t\t\t\t\t\t\t<div class=\"elementor-icon-wrapper\">\n\t\t\t<div class=\"elementor-icon\">\n\t\t\t\t\t\t\t<i class=\"fa fa-quote-left\" aria-hidden=\"true\"><\/i>\n\t\t\t\t\t\t<\/div>\n\t\t<\/div>\n\t\t\t\t\t\t<\/div>\n\t\t\t\t<\/div>\n\t\t\t\t<div class=\"elementor-element elementor-element-35648d3 elementor-widget elementor-widget-text-editor\" data-id=\"35648d3\" data-element_type=\"widget\" data-e-type=\"widget\" data-widget_type=\"text-editor.default\">\n\t\t\t\t<div class=\"elementor-widget-container\">\n\t\t\t\t\t\t\t\t\t<p>,,Serce czu\u0142e na ka\u017cd\u0105 niedol\u0119 ,<br \/>ukochanie ludu polskiego i wiara<br \/>w ten lud, g\u0142\u0119boka mi\u0142o\u015b\u0107 dla ojczyzny,<br \/>wielka wra\u017cliwo\u015b\u0107 na pi\u0119kno przyrody<br \/>oto by\u0142y uczucia, kt\u00f3re przepe\u0142nia\u0142y serce<br \/>tej wielkiej poetki. A jej olbrzymi talent<br \/>potrafi\u0142 wypowiedzie\u0107 te uczucia i my\u015bli<br \/>we wspania\u0142ej artystycznej formie &#8221;.<\/p><p>\u00a0<\/p>\t\t\t\t\t\t\t\t<\/div>\n\t\t\t\t<\/div>\n\t\t\t\t<div class=\"elementor-element elementor-element-1bd37253 elementor-widget elementor-widget-heading\" data-id=\"1bd37253\" data-element_type=\"widget\" data-e-type=\"widget\" data-widget_type=\"heading.default\">\n\t\t\t\t<div class=\"elementor-widget-container\">\n\t\t\t\t\t<h2 class=\"elementor-heading-title elementor-size-default\">Janina Porazi\u0144ska\n\n<\/h2>\t\t\t\t<\/div>\n\t\t\t\t<\/div>\n\t\t\t\t\t<\/div>\n\t\t<\/div>\n\t\t\t\t\t<\/div>\n\t\t<\/section>\n\t\t\t\t<section class=\"elementor-section elementor-top-section elementor-element elementor-element-eaffaa0 elementor-section-boxed elementor-section-height-default elementor-section-height-default\" data-id=\"eaffaa0\" data-element_type=\"section\" data-e-type=\"section\">\n\t\t\t\t\t\t<div class=\"elementor-container elementor-column-gap-default\">\n\t\t\t\t\t<div class=\"elementor-column elementor-col-100 elementor-top-column elementor-element elementor-element-e4b088d\" data-id=\"e4b088d\" data-element_type=\"column\" data-e-type=\"column\">\n\t\t\t<div class=\"elementor-widget-wrap elementor-element-populated\">\n\t\t\t\t\t\t<div class=\"elementor-element elementor-element-89dd3f8 elementor-widget elementor-widget-text-editor\" data-id=\"89dd3f8\" data-element_type=\"widget\" data-e-type=\"widget\" data-widget_type=\"text-editor.default\">\n\t\t\t\t<div class=\"elementor-widget-container\">\n\t\t\t\t\t\t\t\t\t<p>Maria Konopnicka z domu Wasi\u0142owska urodzi\u0142a si\u0119 23 maja 1842 roku w Suwa\u0142kach. Zmar\u0142a 8 pa\u017adziernika 1910 roku we Lwowie; zosta\u0142a pochowana na cmentarzu \u0141yczakowskim. U\u017cywa\u0142a pseudonim\u00f3w Jan Sawa i Mruczys\u0142aw Pazurek. Od 17XI1995 roku jest patronk\u0105 naszej szko\u0142y. Jej pierwsza ksi\u0105\u017cka dla dzieci ukaza\u0142a si\u0119 ponad sto lat temu (\u201eJak si\u0119 dzieci w Bronowie bawi\u0142y\u201d- 1884 rok). Ile\u017c to pokole\u0144 wychowa\u0142o si\u0119 na jej utworach. I dzi\u015b nie ma Polaka, kt\u00f3ry nie zetkn\u0105\u0142 si\u0119 z poetyckim s\u0142owem Konopnickiej.<\/p><p style=\"text-align: center;\"><em>&#8222;Tu\u017c za Bugiem z lewej strony<\/em><br \/><em>Stoi wielki b\u00f3r zielony<\/em><br \/><em>Noc go kryje skrzyd\u0142em kruczem<\/em><br \/><em>Dzie\u0144 otwiera srebrnym kluczem..&#8221;<\/em><\/p><p>I ju\u017c wchodzimy w tajemniczy \u015bwiat ba\u015bni i poezji. Jest to \u015bwiat na wskro\u015b polski, jedyny i niepowtarzalny. I ju\u017c w dzieci\u0119c\u0105 \u015bwiadomo\u015b\u0107 wchodzi Ojczyzna :<\/p><p style=\"text-align: center;\"><em>,,Patataj, patataj<\/em><br \/><em>Pojedziemy w cudny kraj,<\/em><br \/><em>Tam gdzie Wis\u0142a modra p\u0142ynie,<\/em><br \/><em>Szumi\u0105 zbo\u017ca na r\u00f3wninie&#8230;<\/em><br \/><em>Pojedziemy, patataj&#8230;<\/em><br \/><em>A jak zowie si\u0119 ten kraj&#8230;?&#8221;<\/em><\/p><p>Mo\u017ce po raz pierwszy w \u017cyciu kilkuletni brzd\u0105c si\u0119 dowie, \u017ce to Polska. A jaka pi\u0119kna! Lasy cudowne, pe\u0142ne jag\u00f3d, \u0142\u0105ki zielone, rz\u0119dy bia\u0142ych chat. Wszystko tu warte zachwytu, ka\u017cda pora roku niesie nowe cuda. Jest w wierszach Konopnickiej przyroda bliska sercu i zwi\u0105zek cz\u0142owieka z ziemi\u0105 \u017cywicielk\u0105:<\/p><p style=\"text-align: center;\"><em>,,Oj, ziemio ty droga,<\/em><br \/><em>Ty bo\u017cy zielniku<\/em><br \/><em>I w polach i w \u0142\u0105kach<\/em><br \/><em>Masz kwiecia bez liku&#8221;.<\/em><\/p><p>Toczy si\u0119 w tej poezji nieustanny dialog dziecka z natur\u0105:<\/p><p style=\"text-align: center;\"><em>,,A kto ciebie \u015bliczna t\u0119czo<\/em><br \/><em>Siedmiobarwny pasie<\/em><br \/><em>Wymalowa\u0142 na tej chmurce<\/em><br \/><em>Jakby na at\u0142asie?&#8230;<\/em><\/p><p style=\"text-align: center;\"><em>-S\u0142oneczko mnie malowa\u0142o<\/em><br \/><em>Po deszczu, po burzy,<\/em><br \/><em>Po\u017cyczy\u0142o sobie farby<\/em><br \/><em>Od tej polnej r\u00f3\u017cy&#8221;.<\/em><\/p><p style=\"text-align: left;\">Du\u017co miejsca zajmuje budzenie w ma\u0142ym czytelniku szacunku dla pracy, ci\u0119\u017ckiej, ale pe\u0142nej pi\u0119kna, rado\u015bci i godno\u015bci. I dziecko, szcze\u00adg\u00f3lnie wiejskie, ma w niej sw\u00f3j udzia\u0142. Co s\u0142onko widzia\u0142o?<\/p><p style=\"text-align: center;\"><em>\u201eWidzia\u0142o nasz domek<\/em><br \/><em>Jak si\u0119 budzi rankiem,<\/em><br \/><em>Jak Magda na pole<\/em><br \/><em>niesie mleko dzbankiem..<\/em><br \/><em>Jak Wojtek wyci\u0105ga ze studni \u017curawia&#8230;&#8221;<\/em><\/p><p>Wiersze dla dzieci Marii Konopnickiej mia\u0142y prze\u0142omowe znaczenie dla naszej literatury dzieci\u0119cej. To ma\u0142e arcydzie\u0142a &#8211; odwo\u0142uj\u0105ce si\u0119 do w\u0142a\u015bciwych dziecku uczu\u0107 i pragnie\u0144. Weso\u0142e, pe\u0142ne humoru, bogate w r\u00f3\u017cnorodne uczucia, wprowadzaj\u0105ce ma\u0142ego czytelnika w szeroki \u015bwiat, budz\u0105ce wra\u017cliwo\u015b\u0107 na pi\u0119kno. Bawi\u0142y, uczy\u0142y i wychowywa\u0142y bez natr\u0119tnego dydaktyzmu.<br \/>\u201eNie przychodz\u0119 ani uczy\u0107 dzieci, ani te\u017c ich bawi\u0107.<\/p><p>Przychodz\u0119 \u015bpiewa\u0107 z nimi\u201d &#8211; pisa\u0142a autorka \u201eCo s\u0142onko widzia\u0142o\u201d, \u201eNa jagody\u201d, \u201eO Janku W\u0119drowniczku\u201d i \u201eStefka Burczymuchy\u201d.<br \/>Melodyjno\u015b\u0107 wierszy zwr\u00f3ci\u0142a uwag\u0119 kompozytor\u00f3w. Tak powsta\u0142 \u201e\u015apiewnik dla dzieci\u201d Z. Noskowskiego i \u201eJase\u0142ka\u201d P. Maszkowskiego. Piosenki: \u201eRzeka\u201d, \u201ePoranek\u201d, \u201e\u015awierszczyk\u201d, \u201eZ\u0142a zima\u201d, \u201eJesieni\u0105\u201d i wiele, wiele innych zros\u0142y si\u0119 na zawsze z dzieci\u0144stwem ka\u017cdego polskiego dziecka. Kt\u00f3\u017c z nas nie pami\u0119ta, jak \u015bpiewa\u0142:<\/p><p style=\"text-align: center;\"><em>&#8222;Za t\u0105 g\u0142\u0119bi\u0105, za tym brodem<\/em><br \/><em>Tam stan\u0119\u0142a rzeka lodem&#8230;\u201dalbo:<\/em><br \/><em>\u201eP\u00f3jdziemy w pole w ranny czas,<\/em><br \/><em>M\u0142ode traweczki witam was&#8230;\u201d<\/em><\/p><p>Najobszerniejszym utworem jest uznana za arcydzie\u0142o polskiej literatury dla dzieci \u015bliczna ba\u015b\u0144 \u201eO krasnoludkach i sierotce Marysi (1895r.). G\u0142\u00f3wne w\u0105tki tworz\u0105 wzruszaj\u0105ce dzieje sierotki Marysi i historia walki ubogiego Skrobka z ugorem. S\u0105 te\u017c oczywi\u015bcie krasnoludki:<\/p><p style=\"text-align: center;\"><em>\u201eCzy to bajka, czy nie bajka,<\/em><br \/><em>My\u015blcie sobie jak tani chcecie,<\/em><br \/><em>A ja przecie\u017c wam powiadam:<\/em><br \/><em>Krasnoludki s\u0105 na \u015bwiecie\u201d.<\/em><\/p><p>Krasnoludki sprzyjaj\u0105 dobrym ludziom w ich szlachetnych zamiarach. Pomagaj\u0105 Marysi odzyska\u0107 g\u0105ski ,a Skrobkowi zaora\u0107 i zasia\u0107 le\u017c\u0105ce od\u0142ogiem p\u00f3lko. Ta niezwyk\u0142a ba\u015b\u0144 apeluje do najszlachetniejszych uczu\u0107. Napisana jest pi\u0119knym j\u0119zykiem poetyckim, skrz\u0105cym si\u0119 humorem, dzia\u0142aj\u0105cym na wyobra\u017ani\u0119 dziecka. Poprzez atrakcj\u0119 przyg\u00f3d, fantastyk\u0119 i realizm rozwija \u015bwiat prze\u017cy\u0107, budzi wsp\u00f3\u0142czucie dla pokrzywdzonych, mi\u0142o\u015b\u0107 do ziemi ojczystej, szacunek dla pracy i umi\u0142owanie dobra. Kto t\u0119 ba\u015b\u0144 pozna, pokocha j\u0105 wiernie na zawsze. Pokocha te\u017c autork\u0119, kt\u00f3ra umia\u0142a tak pi\u0119knie opowiedzie\u0107 o Kosza\u0142ku &#8211; Opa\u0142ku, lisie Sade\u0142ko, Kr\u00f3lowej Tatrze, Marysi i Skrobku.<\/p><p>Obcuj\u0105c z tw\u00f3rczo\u015bci\u0105 Marii Konopnickiej wchodzimy w \u015bwiat polskich do\u015bwiadcze\u0144, kt\u00f3re towarzyszy\u0142y nam od dzieci\u0144stwa.<br \/>Od dzieci\u0119cych wierszy &#8211; po ten przejmuj\u0105cy sw\u0105 wymow\u0105 wiersz o domu rodzinnym &#8211; Ojczy\u017anie.<\/p><p style=\"text-align: center;\"><em>\u201eKochasz ty dom, rodzinny dom,<\/em><br \/><em>Co w letni\u0105 noc, skro\u015b srebrnej mg\u0142y,<\/em><br \/><em>Szumem swych lip wt\u00f3rzy twym snom,<\/em><br \/><em>A cisz\u0105 sw\u0105 koi twe \u0142zy?\u201d<\/em><\/p><p>Pochwa\u0142\u0119 rodzinnego domu wy\u015bpiewa\u0142a poetka nie tylko dla swoich wsp\u00f3\u0142czesnych. I dzi\u015b brzmi w tych strofach jaka\u015b wznios\u0142a, najwa\u017cniejsza &#8211; jak przysi\u0119ga nuta:<\/p><p style=\"text-align: center;\"><em>\u201eSercem Ojczystych prog\u00f3w strze\u017c<\/em><br \/><em>Serce w ojczystych \u015bcianach z\u0142\u00f3\u017c\u201d.<\/em><\/p><p>Z tej nuty wyp\u0142yn\u0119\u0142a te\u017c popularno\u015b\u0107 \u201eRoty\u201d (1908r.) \u201eNie rzucim ziemi sk\u0105d nasz r\u00f3d&#8230;\u201d Te s\u0142owa utrwali\u0142y si\u0119 w \u015bwiadomo\u015bci narodu w r\u00f3wnej mierze jak: \u201eJeszcze Polska nie zgin\u0119\u0142a&#8230;\u201d<\/p><p>Jednoczy\u0142y uczucia Polak\u00f3w w czasie zabor\u00f3w, budzi\u0142y ducha czynu w czasie zabor\u00f3w, w zawierusze wojen, kl\u0119sk i nadziei. Dawniej \u015bpiewano \u201eRot\u0119\u201d z r\u0119k\u0105 uniesion\u0105 jak do \u017co\u0142nierskiej przysi\u0119gi. Towarzyszy\u0142a wiernie trudnym polskim losom. Maria Konopnicka &#8211; autorka \u201eRoty\u201d pisa\u0142a na obczy\u017anie:<\/p><p style=\"text-align: center;\"><em>\u201eCo mi nada, co pomo\u017ce<\/em><br \/><em>Cudza ziemia, cudze morze,<\/em><br \/><em>Kiedy moja dusza ca\u0142a<\/em><br \/><em>Tam przyros\u0142a, tam zosta\u0142a,<\/em><br \/><em>Gdzie m\u00f3j stary pr\u00f3g!\u201d<\/em><\/p><p style=\"text-align: left;\">\u201eTalent Konopnickiej narodzi\u0142 si\u0119 z dobroci\u201d (W. Gomulicki). Poetka \u017cy\u0142a w czasach, gdy krzywda, n\u0119dza, szczeg\u00f3lnie dziecka, by\u0142a zjawiskiem powszechnym. Poetka podnosi g\u0142os w obronie najs\u0142abszych w \u201eObrazkach\u201d &#8211; \u201eJa\u015b nie doczeka\u0142\u201d, \u201eZ szopk\u0105\u201d, \u201eW piwnicznej izbie\u201d.<\/p><p style=\"text-align: center;\"><em>\u201eO bracia, czy w nas wcale nie ma winy,<\/em><br \/><em>\u017ce s\u0142o\u0144ca Ja\u015b nie doczeka\u0142 ?<\/em><br \/><em>\u201eKt\u00f3\u017c temu dziecku da troch\u0119 s\u0142o\u0144ca,<\/em><br \/><em>poka\u017ce lasy, pola?<\/em><\/p><p>Ma\u0142y Ja\u015b umiera, bo nie ma za co go leczy\u0107. Dziecko mieszkaj\u0105ce w ciemnej piwnicznej izbie marzy o zobaczeniu las\u00f3w i \u0142\u0105k.<br \/>Te dramatyczne pytania mia\u0142y poruszy\u0107 sumienia spo\u0142ecze\u0144stwa, obudzi\u0107 wra\u017cliwo\u015b\u0107 na przejawy niedoli i krzywdy strasznej, bo nie zawinionej.<\/p><p>Wspomnijmy te\u017c dzieci\u0119cych bohater\u00f3w nowel Konopnickiej \u201eNiemczaki\u201d, \u201eZe szko\u0142y\u201d, \u201eZ w\u0142amaniem\u201d i najbardziej znanej &#8211; \u201eNasza szkapa\u201d.<\/p><p>Dzieci kradn\u0105 z g\u0142odu trzy sery i ose\u0142k\u0119 mas\u0142a, za co staj\u0105 przed s\u0105dem, kt\u00f3ry uznaje ich win\u0119. Biedny, kulawy Julek ginie pod ko\u0142ami bryki z rozbawionymi paniczami. Rodzina piaskarza traci powoli sw\u00f3j dobytek, a tr\u00f3jka osieroconych dzieci cieszy si\u0119 na pogrzebie matki z chwilowo odzyskanej, ukochanej szkapy. Dramat n\u0119dzy i krzywdy zosta\u0142 ukazany w nowelach w spos\u00f3b przejmuj\u0105cy.<\/p><p style=\"text-align: center;\"><em>\u201eTam od Gniezna, od Warty<\/em><br \/><em>Bij\u0105 g\u0142osy w \u015bwiat otwarty,<\/em><br \/><em>Bij\u0105 g\u0142osy, ziemia j\u0119czy.<\/em><br \/><em>Prusak polskie dzieci m\u0119czy!<\/em><br \/><em>Za ten pacierz w w\u0142asnej mowie,<\/em><br \/><em>co j\u0105 dali nam ojcowie&#8230;\u201d<\/em><\/p><p>Tak \u017cywo i serdecznie zareagowa\u0142a Poetka na prze\u015bladowania dzieci polskich we Wrze\u015bni w 1901 r. Ca\u0142y \u015bwiat obieg\u0142a wie\u015b\u0107 o karze ch\u0142osty za odmow\u0119 u\u017cywania j\u0119zyka niemieckiego na lekcji religii. Dramat dzieci poni\u017conych w swej godno\u015bci narodowej, prze\u015bladowanych za polsko\u015b\u0107 poruszy\u0142 do g\u0142\u0119bi ca\u0142y nar\u00f3d. Wiersz Konopnickiej oddaje w pe\u0142ni te uczucia. Polska szko\u0142a by\u0142a najgor\u0119tszym marzeniem w czasach zabor\u00f3w.<\/p><p>Wybrali\u015bmy na Patronk\u0119 szko\u0142y Mari\u0119 Konopnick\u0105-wielk\u0105 poetk\u0119, wspania\u0142ego i dobrego cz\u0142owieka o \u017carliwym sercu. Ka\u017cdy z nas nosi w pami\u0119ci cz\u0105stk\u0119 jej wierszy, cz\u0105stk\u0119 jej serca. S\u0142usznie pisa\u0142a \u201ePowr\u00f3ci do was serce me\u201d.<\/p><p style=\"text-align: right;\"><strong>Tekst pochodzi z okoliczno\u015bciowego wydawnictwa &#8211; \u201d135-lecie szko\u0142y w Garbowie\u201d<\/strong><\/p>\t\t\t\t\t\t\t\t<\/div>\n\t\t\t\t<\/div>\n\t\t\t\t\t<\/div>\n\t\t<\/div>\n\t\t\t\t\t<\/div>\n\t\t<\/section>\n\t\t\t\t<\/div>\n\t\t","protected":false},"excerpt":{"rendered":"<p>,,Serce czu\u0142e na ka\u017cd\u0105 niedol\u0119 ,ukochanie ludu polskiego i wiaraw ten lud, g\u0142\u0119boka mi\u0142o\u015b\u0107 dla ojczyzny,wielka wra\u017cliwo\u015b\u0107 na pi\u0119kno przyrodyoto by\u0142y uczucia, kt\u00f3re przepe\u0142nia\u0142y sercetej wielkiej poetki. A jej olbrzymi talentpotrafi\u0142 wypowiedzie\u0107 te uczucia i my\u015bliwe wspania\u0142ej artystycznej formie &#8221;. \u00a0 Janina Porazi\u0144ska Maria Konopnicka z domu Wasi\u0142owska urodzi\u0142a si\u0119 &hellip;<\/p>\n","protected":false},"author":2,"featured_media":0,"parent":0,"menu_order":0,"comment_status":"closed","ping_status":"closed","template":"","meta":{"footnotes":""},"class_list":["post-30","page","type-page","status-publish","hentry"],"yoast_head":"<!-- This site is optimized with the Yoast SEO plugin v27.4 - https:\/\/yoast.com\/product\/yoast-seo-wordpress\/ -->\n<title>Nasz patron - Szko\u0142a Podstawowa im. Marii Konopnickiej w Garbowie<\/title>\n<meta name=\"robots\" content=\"index, follow, max-snippet:-1, max-image-preview:large, max-video-preview:-1\" \/>\n<link rel=\"canonical\" href=\"https:\/\/szkola.garbow.pl\/index.php\/nasi-patroni\/\" \/>\n<meta property=\"og:locale\" content=\"pl_PL\" \/>\n<meta property=\"og:type\" content=\"article\" \/>\n<meta property=\"og:title\" content=\"Nasz patron - Szko\u0142a Podstawowa im. Marii Konopnickiej w Garbowie\" \/>\n<meta property=\"og:description\" content=\",,Serce czu\u0142e na ka\u017cd\u0105 niedol\u0119 ,ukochanie ludu polskiego i wiaraw ten lud, g\u0142\u0119boka mi\u0142o\u015b\u0107 dla ojczyzny,wielka wra\u017cliwo\u015b\u0107 na pi\u0119kno przyrodyoto by\u0142y uczucia, kt\u00f3re przepe\u0142nia\u0142y sercetej wielkiej poetki. A jej olbrzymi talentpotrafi\u0142 wypowiedzie\u0107 te uczucia i my\u015bliwe wspania\u0142ej artystycznej formie &#8221;. \u00a0 Janina Porazi\u0144ska Maria Konopnicka z domu Wasi\u0142owska urodzi\u0142a si\u0119 &hellip;\" \/>\n<meta property=\"og:url\" content=\"https:\/\/szkola.garbow.pl\/index.php\/nasi-patroni\/\" \/>\n<meta property=\"og:site_name\" content=\"Szko\u0142a Podstawowa im. Marii Konopnickiej w Garbowie\" \/>\n<meta property=\"article:modified_time\" content=\"2020-10-22T17:15:01+00:00\" \/>\n<meta property=\"og:image\" content=\"http:\/\/garbow.home.pl\/spgarbow\/wp-content\/uploads\/2020\/09\/szkola_imienia_konopnickiej_garbow.jpg\" \/>\n<meta name=\"twitter:card\" content=\"summary_large_image\" \/>\n<meta name=\"twitter:label1\" content=\"Szacowany czas czytania\" \/>\n\t<meta name=\"twitter:data1\" content=\"7 minut\" \/>\n<script type=\"application\/ld+json\" class=\"yoast-schema-graph\">{\"@context\":\"https:\\\/\\\/schema.org\",\"@graph\":[{\"@type\":\"WebPage\",\"@id\":\"https:\\\/\\\/szkola.garbow.pl\\\/index.php\\\/nasi-patroni\\\/\",\"url\":\"https:\\\/\\\/szkola.garbow.pl\\\/index.php\\\/nasi-patroni\\\/\",\"name\":\"Nasz patron - Szko\u0142a Podstawowa im. Marii Konopnickiej w Garbowie\",\"isPartOf\":{\"@id\":\"https:\\\/\\\/szkola.garbow.pl\\\/#website\"},\"primaryImageOfPage\":{\"@id\":\"https:\\\/\\\/szkola.garbow.pl\\\/index.php\\\/nasi-patroni\\\/#primaryimage\"},\"image\":{\"@id\":\"https:\\\/\\\/szkola.garbow.pl\\\/index.php\\\/nasi-patroni\\\/#primaryimage\"},\"thumbnailUrl\":\"http:\\\/\\\/garbow.home.pl\\\/spgarbow\\\/wp-content\\\/uploads\\\/2020\\\/09\\\/szkola_imienia_konopnickiej_garbow.jpg\",\"datePublished\":\"2020-09-18T11:20:42+00:00\",\"dateModified\":\"2020-10-22T17:15:01+00:00\",\"breadcrumb\":{\"@id\":\"https:\\\/\\\/szkola.garbow.pl\\\/index.php\\\/nasi-patroni\\\/#breadcrumb\"},\"inLanguage\":\"pl-PL\",\"potentialAction\":[{\"@type\":\"ReadAction\",\"target\":[\"https:\\\/\\\/szkola.garbow.pl\\\/index.php\\\/nasi-patroni\\\/\"]}]},{\"@type\":\"ImageObject\",\"inLanguage\":\"pl-PL\",\"@id\":\"https:\\\/\\\/szkola.garbow.pl\\\/index.php\\\/nasi-patroni\\\/#primaryimage\",\"url\":\"http:\\\/\\\/garbow.home.pl\\\/spgarbow\\\/wp-content\\\/uploads\\\/2020\\\/09\\\/szkola_imienia_konopnickiej_garbow.jpg\",\"contentUrl\":\"http:\\\/\\\/garbow.home.pl\\\/spgarbow\\\/wp-content\\\/uploads\\\/2020\\\/09\\\/szkola_imienia_konopnickiej_garbow.jpg\"},{\"@type\":\"BreadcrumbList\",\"@id\":\"https:\\\/\\\/szkola.garbow.pl\\\/index.php\\\/nasi-patroni\\\/#breadcrumb\",\"itemListElement\":[{\"@type\":\"ListItem\",\"position\":1,\"name\":\"Strona g\u0142\u00f3wna\",\"item\":\"https:\\\/\\\/szkola.garbow.pl\\\/\"},{\"@type\":\"ListItem\",\"position\":2,\"name\":\"Nasz patron\"}]},{\"@type\":\"WebSite\",\"@id\":\"https:\\\/\\\/szkola.garbow.pl\\\/#website\",\"url\":\"https:\\\/\\\/szkola.garbow.pl\\\/\",\"name\":\"Szko\u0142a Podstawowa im. Marii Konopnickiej w Garbowie\",\"description\":\"Szko\u0142a Podstawowa im. Marii Konopnickiej w Garbowie\",\"publisher\":{\"@id\":\"https:\\\/\\\/szkola.garbow.pl\\\/#organization\"},\"potentialAction\":[{\"@type\":\"SearchAction\",\"target\":{\"@type\":\"EntryPoint\",\"urlTemplate\":\"https:\\\/\\\/szkola.garbow.pl\\\/?s={search_term_string}\"},\"query-input\":{\"@type\":\"PropertyValueSpecification\",\"valueRequired\":true,\"valueName\":\"search_term_string\"}}],\"inLanguage\":\"pl-PL\"},{\"@type\":\"Organization\",\"@id\":\"https:\\\/\\\/szkola.garbow.pl\\\/#organization\",\"name\":\"Szko\u0142a Podstawowa im. Marii Konopnickiej w Garbowie\",\"url\":\"https:\\\/\\\/szkola.garbow.pl\\\/\",\"logo\":{\"@type\":\"ImageObject\",\"inLanguage\":\"pl-PL\",\"@id\":\"https:\\\/\\\/szkola.garbow.pl\\\/#\\\/schema\\\/logo\\\/image\\\/\",\"url\":\"https:\\\/\\\/szkola.garbow.pl\\\/wp-content\\\/uploads\\\/2020\\\/09\\\/szkola_podstawowa_garbow-1-1.png\",\"contentUrl\":\"https:\\\/\\\/szkola.garbow.pl\\\/wp-content\\\/uploads\\\/2020\\\/09\\\/szkola_podstawowa_garbow-1-1.png\",\"width\":500,\"height\":136,\"caption\":\"Szko\u0142a Podstawowa im. Marii Konopnickiej w Garbowie\"},\"image\":{\"@id\":\"https:\\\/\\\/szkola.garbow.pl\\\/#\\\/schema\\\/logo\\\/image\\\/\"}}]}<\/script>\n<!-- \/ Yoast SEO plugin. -->","yoast_head_json":{"title":"Nasz patron - Szko\u0142a Podstawowa im. Marii Konopnickiej w Garbowie","robots":{"index":"index","follow":"follow","max-snippet":"max-snippet:-1","max-image-preview":"max-image-preview:large","max-video-preview":"max-video-preview:-1"},"canonical":"https:\/\/szkola.garbow.pl\/index.php\/nasi-patroni\/","og_locale":"pl_PL","og_type":"article","og_title":"Nasz patron - Szko\u0142a Podstawowa im. Marii Konopnickiej w Garbowie","og_description":",,Serce czu\u0142e na ka\u017cd\u0105 niedol\u0119 ,ukochanie ludu polskiego i wiaraw ten lud, g\u0142\u0119boka mi\u0142o\u015b\u0107 dla ojczyzny,wielka wra\u017cliwo\u015b\u0107 na pi\u0119kno przyrodyoto by\u0142y uczucia, kt\u00f3re przepe\u0142nia\u0142y sercetej wielkiej poetki. A jej olbrzymi talentpotrafi\u0142 wypowiedzie\u0107 te uczucia i my\u015bliwe wspania\u0142ej artystycznej formie &#8221;. \u00a0 Janina Porazi\u0144ska Maria Konopnicka z domu Wasi\u0142owska urodzi\u0142a si\u0119 &hellip;","og_url":"https:\/\/szkola.garbow.pl\/index.php\/nasi-patroni\/","og_site_name":"Szko\u0142a Podstawowa im. Marii Konopnickiej w Garbowie","article_modified_time":"2020-10-22T17:15:01+00:00","og_image":[{"url":"http:\/\/garbow.home.pl\/spgarbow\/wp-content\/uploads\/2020\/09\/szkola_imienia_konopnickiej_garbow.jpg","type":"","width":"","height":""}],"twitter_card":"summary_large_image","twitter_misc":{"Szacowany czas czytania":"7 minut"},"schema":{"@context":"https:\/\/schema.org","@graph":[{"@type":"WebPage","@id":"https:\/\/szkola.garbow.pl\/index.php\/nasi-patroni\/","url":"https:\/\/szkola.garbow.pl\/index.php\/nasi-patroni\/","name":"Nasz patron - Szko\u0142a Podstawowa im. Marii Konopnickiej w Garbowie","isPartOf":{"@id":"https:\/\/szkola.garbow.pl\/#website"},"primaryImageOfPage":{"@id":"https:\/\/szkola.garbow.pl\/index.php\/nasi-patroni\/#primaryimage"},"image":{"@id":"https:\/\/szkola.garbow.pl\/index.php\/nasi-patroni\/#primaryimage"},"thumbnailUrl":"http:\/\/garbow.home.pl\/spgarbow\/wp-content\/uploads\/2020\/09\/szkola_imienia_konopnickiej_garbow.jpg","datePublished":"2020-09-18T11:20:42+00:00","dateModified":"2020-10-22T17:15:01+00:00","breadcrumb":{"@id":"https:\/\/szkola.garbow.pl\/index.php\/nasi-patroni\/#breadcrumb"},"inLanguage":"pl-PL","potentialAction":[{"@type":"ReadAction","target":["https:\/\/szkola.garbow.pl\/index.php\/nasi-patroni\/"]}]},{"@type":"ImageObject","inLanguage":"pl-PL","@id":"https:\/\/szkola.garbow.pl\/index.php\/nasi-patroni\/#primaryimage","url":"http:\/\/garbow.home.pl\/spgarbow\/wp-content\/uploads\/2020\/09\/szkola_imienia_konopnickiej_garbow.jpg","contentUrl":"http:\/\/garbow.home.pl\/spgarbow\/wp-content\/uploads\/2020\/09\/szkola_imienia_konopnickiej_garbow.jpg"},{"@type":"BreadcrumbList","@id":"https:\/\/szkola.garbow.pl\/index.php\/nasi-patroni\/#breadcrumb","itemListElement":[{"@type":"ListItem","position":1,"name":"Strona g\u0142\u00f3wna","item":"https:\/\/szkola.garbow.pl\/"},{"@type":"ListItem","position":2,"name":"Nasz patron"}]},{"@type":"WebSite","@id":"https:\/\/szkola.garbow.pl\/#website","url":"https:\/\/szkola.garbow.pl\/","name":"Szko\u0142a Podstawowa im. Marii Konopnickiej w Garbowie","description":"Szko\u0142a Podstawowa im. Marii Konopnickiej w Garbowie","publisher":{"@id":"https:\/\/szkola.garbow.pl\/#organization"},"potentialAction":[{"@type":"SearchAction","target":{"@type":"EntryPoint","urlTemplate":"https:\/\/szkola.garbow.pl\/?s={search_term_string}"},"query-input":{"@type":"PropertyValueSpecification","valueRequired":true,"valueName":"search_term_string"}}],"inLanguage":"pl-PL"},{"@type":"Organization","@id":"https:\/\/szkola.garbow.pl\/#organization","name":"Szko\u0142a Podstawowa im. Marii Konopnickiej w Garbowie","url":"https:\/\/szkola.garbow.pl\/","logo":{"@type":"ImageObject","inLanguage":"pl-PL","@id":"https:\/\/szkola.garbow.pl\/#\/schema\/logo\/image\/","url":"https:\/\/szkola.garbow.pl\/wp-content\/uploads\/2020\/09\/szkola_podstawowa_garbow-1-1.png","contentUrl":"https:\/\/szkola.garbow.pl\/wp-content\/uploads\/2020\/09\/szkola_podstawowa_garbow-1-1.png","width":500,"height":136,"caption":"Szko\u0142a Podstawowa im. Marii Konopnickiej w Garbowie"},"image":{"@id":"https:\/\/szkola.garbow.pl\/#\/schema\/logo\/image\/"}}]}},"_links":{"self":[{"href":"https:\/\/szkola.garbow.pl\/index.php\/wp-json\/wp\/v2\/pages\/30","targetHints":{"allow":["GET"]}}],"collection":[{"href":"https:\/\/szkola.garbow.pl\/index.php\/wp-json\/wp\/v2\/pages"}],"about":[{"href":"https:\/\/szkola.garbow.pl\/index.php\/wp-json\/wp\/v2\/types\/page"}],"author":[{"embeddable":true,"href":"https:\/\/szkola.garbow.pl\/index.php\/wp-json\/wp\/v2\/users\/2"}],"replies":[{"embeddable":true,"href":"https:\/\/szkola.garbow.pl\/index.php\/wp-json\/wp\/v2\/comments?post=30"}],"version-history":[{"count":5,"href":"https:\/\/szkola.garbow.pl\/index.php\/wp-json\/wp\/v2\/pages\/30\/revisions"}],"predecessor-version":[{"id":3687,"href":"https:\/\/szkola.garbow.pl\/index.php\/wp-json\/wp\/v2\/pages\/30\/revisions\/3687"}],"wp:attachment":[{"href":"https:\/\/szkola.garbow.pl\/index.php\/wp-json\/wp\/v2\/media?parent=30"}],"curies":[{"name":"wp","href":"https:\/\/api.w.org\/{rel}","templated":true}]}}