{"id":154,"date":"2020-09-22T13:05:14","date_gmt":"2020-09-22T11:05:14","guid":{"rendered":"http:\/\/serwer1690480.home.pl\/garbow\/?page_id=154"},"modified":"2020-10-22T19:02:44","modified_gmt":"2020-10-22T17:02:44","slug":"wyprawka-szkolna","status":"publish","type":"page","link":"https:\/\/szkola.garbow.pl\/index.php\/wyprawka-szkolna\/","title":{"rendered":"Wyprawka szkolna"},"content":{"rendered":"\t\t<div data-elementor-type=\"wp-page\" data-elementor-id=\"154\" class=\"elementor elementor-154\">\n\t\t\t\t\t\t<section class=\"elementor-section elementor-top-section elementor-element elementor-element-2695a174 elementor-section-content-middle elementor-section-boxed elementor-section-height-default elementor-section-height-default\" data-id=\"2695a174\" data-element_type=\"section\" data-e-type=\"section\">\n\t\t\t\t\t\t<div class=\"elementor-container elementor-column-gap-no\">\n\t\t\t\t\t<div class=\"elementor-column elementor-col-100 elementor-top-column elementor-element elementor-element-1794097c\" data-id=\"1794097c\" data-element_type=\"column\" data-e-type=\"column\">\n\t\t\t<div class=\"elementor-widget-wrap elementor-element-populated\">\n\t\t\t\t\t\t<div class=\"elementor-element elementor-element-cfd1c42 elementor-widget elementor-widget-heading\" data-id=\"cfd1c42\" data-element_type=\"widget\" data-e-type=\"widget\" data-widget_type=\"heading.default\">\n\t\t\t\t<div class=\"elementor-widget-container\">\n\t\t\t\t\t<h4 class=\"elementor-heading-title elementor-size-default\">Wyprawka szkolna<\/h4>\t\t\t\t<\/div>\n\t\t\t\t<\/div>\n\t\t\t\t<div class=\"elementor-element elementor-element-227b159 elementor-widget elementor-widget-text-editor\" data-id=\"227b159\" data-element_type=\"widget\" data-e-type=\"widget\" data-widget_type=\"text-editor.default\">\n\t\t\t\t<div class=\"elementor-widget-container\">\n\t\t\t\t\t\t\t\t\t<p><strong><span style=\"text-indent: 0em; letter-spacing: 0.1px;\">Pi\u00f3rnik:<\/span><\/strong><\/p><ul><li>2 o\u0142\u00f3wki<\/li><li>temper\u00f3wka<\/li><li>gumka<\/li><li>kredki o\u0142\u00f3wkowe<\/li><li>no\u017cyczki (bezpiecznie zako\u0144czone)<\/li><li>klej w sztyfcie<\/li><li>linijka<\/li><li>pisaki &#8211; 4 kolory<\/li><li>patyczki do liczenia<\/li><\/ul><p><strong>Zeszyty:<\/strong><\/p><ul><li>16 kartkowy w 3 linie do edukacji polonistycznej<\/li><li>16 kartkowy w kratk\u0119 (do edukacji matematycznej)<\/li><li>zeszyt do korespondencji<\/li><\/ul><p><strong>Materia\u0142y plastyczne:<\/strong><\/p><ul><li>farby plakatowe<\/li><li>p\u0119dzle w dw\u00f3ch rozmiarach &#8211; gruby i cienki<\/li><li>pojemnik na wod\u0119<\/li><li>kredki \u015bwiecowe &#8211; Bambino<\/li><li>pastele t\u0142uste<\/li><li>plastelina<\/li><li>papier kolorowy<\/li><li>blok kolorowy zwyk\u0142y &#8211; A-4<\/li><li>blok techniczny A-4 \u2013 kolorowy i bia\u0142y<\/li><li>2 tekturowe teczki<\/li><\/ul><p><strong>Str\u00f3j na wychowanie fizyczne:<\/strong><\/p><ul><li>spodenki i koszulka,<\/li><li>obuwie na zmian\u0119 \u2013 o jasnej, bezpiecznej podeszwie.<\/li><\/ul><p><strong>Str\u00f3j galowy:<\/strong><\/p><ul><li>dziewczynki: bia\u0142a bluzka, granatowa lub czarna sp\u00f3dnica,<\/li><li>ch\u0142opcy: bia\u0142a koszula, czarne lub granatowe spodnie .<\/li><\/ul><p><strong> Dodatkowe informacje:<\/strong><\/p><p>Dzieci otrzymaj\u0105 podr\u0119czniki wypo\u017cyczone ze szkolnej biblioteki.<\/p><p>\u0106wiczenia do podr\u0119cznik\u00f3w zostan\u0105 zakupione przez szko\u0142\u0119.<\/p><p>Zeszyty, \u0107wiczenia i podr\u0119czniki prosimy ob\u0142o\u017cy\u0107 i podpisa\u0107 na zewn\u0105trz.<\/p>\t\t\t\t\t\t\t\t<\/div>\n\t\t\t\t<\/div>\n\t\t\t\t\t<\/div>\n\t\t<\/div>\n\t\t\t\t\t<\/div>\n\t\t<\/section>\n\t\t\t\t<\/div>\n\t\t","protected":false},"excerpt":{"rendered":"<p>Wyprawka szkolna Pi\u00f3rnik: 2 o\u0142\u00f3wki temper\u00f3wka gumka kredki o\u0142\u00f3wkowe no\u017cyczki (bezpiecznie zako\u0144czone) klej w sztyfcie linijka pisaki &#8211; 4 kolory patyczki do liczenia Zeszyty: 16 kartkowy w 3 linie do edukacji polonistycznej 16 kartkowy w kratk\u0119 (do edukacji matematycznej) zeszyt do korespondencji Materia\u0142y plastyczne: farby plakatowe p\u0119dzle w dw\u00f3ch rozmiarach &hellip;<\/p>\n","protected":false},"author":2,"featured_media":0,"parent":0,"menu_order":0,"comment_status":"closed","ping_status":"closed","template":"","meta":{"footnotes":""},"class_list":["post-154","page","type-page","status-publish","hentry"],"yoast_head":"<!-- This site is optimized with the Yoast SEO plugin v27.4 - https:\/\/yoast.com\/product\/yoast-seo-wordpress\/ -->\n<title>Wyprawka szkolna - Szko\u0142a Podstawowa im. Marii Konopnickiej w Garbowie<\/title>\n<meta name=\"robots\" content=\"index, follow, max-snippet:-1, max-image-preview:large, max-video-preview:-1\" \/>\n<link rel=\"canonical\" href=\"https:\/\/szkola.garbow.pl\/index.php\/wyprawka-szkolna\/\" \/>\n<meta property=\"og:locale\" content=\"pl_PL\" \/>\n<meta property=\"og:type\" content=\"article\" \/>\n<meta property=\"og:title\" content=\"Wyprawka szkolna - Szko\u0142a Podstawowa im. Marii Konopnickiej w Garbowie\" \/>\n<meta property=\"og:description\" content=\"Wyprawka szkolna Pi\u00f3rnik: 2 o\u0142\u00f3wki temper\u00f3wka gumka kredki o\u0142\u00f3wkowe no\u017cyczki (bezpiecznie zako\u0144czone) klej w sztyfcie linijka pisaki &#8211; 4 kolory patyczki do liczenia Zeszyty: 16 kartkowy w 3 linie do edukacji polonistycznej 16 kartkowy w kratk\u0119 (do edukacji matematycznej) zeszyt do korespondencji Materia\u0142y plastyczne: farby plakatowe p\u0119dzle w dw\u00f3ch rozmiarach &hellip;\" \/>\n<meta property=\"og:url\" content=\"https:\/\/szkola.garbow.pl\/index.php\/wyprawka-szkolna\/\" \/>\n<meta property=\"og:site_name\" content=\"Szko\u0142a Podstawowa im. Marii Konopnickiej w Garbowie\" \/>\n<meta property=\"article:modified_time\" content=\"2020-10-22T17:02:44+00:00\" \/>\n<meta name=\"twitter:card\" content=\"summary_large_image\" \/>\n<meta name=\"twitter:label1\" content=\"Szacowany czas czytania\" \/>\n\t<meta name=\"twitter:data1\" content=\"1 minuta\" \/>\n<script type=\"application\/ld+json\" class=\"yoast-schema-graph\">{\"@context\":\"https:\\\/\\\/schema.org\",\"@graph\":[{\"@type\":\"WebPage\",\"@id\":\"https:\\\/\\\/szkola.garbow.pl\\\/index.php\\\/wyprawka-szkolna\\\/\",\"url\":\"https:\\\/\\\/szkola.garbow.pl\\\/index.php\\\/wyprawka-szkolna\\\/\",\"name\":\"Wyprawka szkolna - Szko\u0142a Podstawowa im. Marii Konopnickiej w Garbowie\",\"isPartOf\":{\"@id\":\"https:\\\/\\\/szkola.garbow.pl\\\/#website\"},\"datePublished\":\"2020-09-22T11:05:14+00:00\",\"dateModified\":\"2020-10-22T17:02:44+00:00\",\"breadcrumb\":{\"@id\":\"https:\\\/\\\/szkola.garbow.pl\\\/index.php\\\/wyprawka-szkolna\\\/#breadcrumb\"},\"inLanguage\":\"pl-PL\",\"potentialAction\":[{\"@type\":\"ReadAction\",\"target\":[\"https:\\\/\\\/szkola.garbow.pl\\\/index.php\\\/wyprawka-szkolna\\\/\"]}]},{\"@type\":\"BreadcrumbList\",\"@id\":\"https:\\\/\\\/szkola.garbow.pl\\\/index.php\\\/wyprawka-szkolna\\\/#breadcrumb\",\"itemListElement\":[{\"@type\":\"ListItem\",\"position\":1,\"name\":\"Strona g\u0142\u00f3wna\",\"item\":\"https:\\\/\\\/szkola.garbow.pl\\\/\"},{\"@type\":\"ListItem\",\"position\":2,\"name\":\"Wyprawka szkolna\"}]},{\"@type\":\"WebSite\",\"@id\":\"https:\\\/\\\/szkola.garbow.pl\\\/#website\",\"url\":\"https:\\\/\\\/szkola.garbow.pl\\\/\",\"name\":\"Szko\u0142a Podstawowa im. Marii Konopnickiej w Garbowie\",\"description\":\"Szko\u0142a Podstawowa im. Marii Konopnickiej w Garbowie\",\"publisher\":{\"@id\":\"https:\\\/\\\/szkola.garbow.pl\\\/#organization\"},\"potentialAction\":[{\"@type\":\"SearchAction\",\"target\":{\"@type\":\"EntryPoint\",\"urlTemplate\":\"https:\\\/\\\/szkola.garbow.pl\\\/?s={search_term_string}\"},\"query-input\":{\"@type\":\"PropertyValueSpecification\",\"valueRequired\":true,\"valueName\":\"search_term_string\"}}],\"inLanguage\":\"pl-PL\"},{\"@type\":\"Organization\",\"@id\":\"https:\\\/\\\/szkola.garbow.pl\\\/#organization\",\"name\":\"Szko\u0142a Podstawowa im. Marii Konopnickiej w Garbowie\",\"url\":\"https:\\\/\\\/szkola.garbow.pl\\\/\",\"logo\":{\"@type\":\"ImageObject\",\"inLanguage\":\"pl-PL\",\"@id\":\"https:\\\/\\\/szkola.garbow.pl\\\/#\\\/schema\\\/logo\\\/image\\\/\",\"url\":\"https:\\\/\\\/szkola.garbow.pl\\\/wp-content\\\/uploads\\\/2020\\\/09\\\/szkola_podstawowa_garbow-1-1.png\",\"contentUrl\":\"https:\\\/\\\/szkola.garbow.pl\\\/wp-content\\\/uploads\\\/2020\\\/09\\\/szkola_podstawowa_garbow-1-1.png\",\"width\":500,\"height\":136,\"caption\":\"Szko\u0142a Podstawowa im. Marii Konopnickiej w Garbowie\"},\"image\":{\"@id\":\"https:\\\/\\\/szkola.garbow.pl\\\/#\\\/schema\\\/logo\\\/image\\\/\"}}]}<\/script>\n<!-- \/ Yoast SEO plugin. -->","yoast_head_json":{"title":"Wyprawka szkolna - Szko\u0142a Podstawowa im. Marii Konopnickiej w Garbowie","robots":{"index":"index","follow":"follow","max-snippet":"max-snippet:-1","max-image-preview":"max-image-preview:large","max-video-preview":"max-video-preview:-1"},"canonical":"https:\/\/szkola.garbow.pl\/index.php\/wyprawka-szkolna\/","og_locale":"pl_PL","og_type":"article","og_title":"Wyprawka szkolna - Szko\u0142a Podstawowa im. Marii Konopnickiej w Garbowie","og_description":"Wyprawka szkolna Pi\u00f3rnik: 2 o\u0142\u00f3wki temper\u00f3wka gumka kredki o\u0142\u00f3wkowe no\u017cyczki (bezpiecznie zako\u0144czone) klej w sztyfcie linijka pisaki &#8211; 4 kolory patyczki do liczenia Zeszyty: 16 kartkowy w 3 linie do edukacji polonistycznej 16 kartkowy w kratk\u0119 (do edukacji matematycznej) zeszyt do korespondencji Materia\u0142y plastyczne: farby plakatowe p\u0119dzle w dw\u00f3ch rozmiarach &hellip;","og_url":"https:\/\/szkola.garbow.pl\/index.php\/wyprawka-szkolna\/","og_site_name":"Szko\u0142a Podstawowa im. Marii Konopnickiej w Garbowie","article_modified_time":"2020-10-22T17:02:44+00:00","twitter_card":"summary_large_image","twitter_misc":{"Szacowany czas czytania":"1 minuta"},"schema":{"@context":"https:\/\/schema.org","@graph":[{"@type":"WebPage","@id":"https:\/\/szkola.garbow.pl\/index.php\/wyprawka-szkolna\/","url":"https:\/\/szkola.garbow.pl\/index.php\/wyprawka-szkolna\/","name":"Wyprawka szkolna - Szko\u0142a Podstawowa im. Marii Konopnickiej w Garbowie","isPartOf":{"@id":"https:\/\/szkola.garbow.pl\/#website"},"datePublished":"2020-09-22T11:05:14+00:00","dateModified":"2020-10-22T17:02:44+00:00","breadcrumb":{"@id":"https:\/\/szkola.garbow.pl\/index.php\/wyprawka-szkolna\/#breadcrumb"},"inLanguage":"pl-PL","potentialAction":[{"@type":"ReadAction","target":["https:\/\/szkola.garbow.pl\/index.php\/wyprawka-szkolna\/"]}]},{"@type":"BreadcrumbList","@id":"https:\/\/szkola.garbow.pl\/index.php\/wyprawka-szkolna\/#breadcrumb","itemListElement":[{"@type":"ListItem","position":1,"name":"Strona g\u0142\u00f3wna","item":"https:\/\/szkola.garbow.pl\/"},{"@type":"ListItem","position":2,"name":"Wyprawka szkolna"}]},{"@type":"WebSite","@id":"https:\/\/szkola.garbow.pl\/#website","url":"https:\/\/szkola.garbow.pl\/","name":"Szko\u0142a Podstawowa im. Marii Konopnickiej w Garbowie","description":"Szko\u0142a Podstawowa im. Marii Konopnickiej w Garbowie","publisher":{"@id":"https:\/\/szkola.garbow.pl\/#organization"},"potentialAction":[{"@type":"SearchAction","target":{"@type":"EntryPoint","urlTemplate":"https:\/\/szkola.garbow.pl\/?s={search_term_string}"},"query-input":{"@type":"PropertyValueSpecification","valueRequired":true,"valueName":"search_term_string"}}],"inLanguage":"pl-PL"},{"@type":"Organization","@id":"https:\/\/szkola.garbow.pl\/#organization","name":"Szko\u0142a Podstawowa im. Marii Konopnickiej w Garbowie","url":"https:\/\/szkola.garbow.pl\/","logo":{"@type":"ImageObject","inLanguage":"pl-PL","@id":"https:\/\/szkola.garbow.pl\/#\/schema\/logo\/image\/","url":"https:\/\/szkola.garbow.pl\/wp-content\/uploads\/2020\/09\/szkola_podstawowa_garbow-1-1.png","contentUrl":"https:\/\/szkola.garbow.pl\/wp-content\/uploads\/2020\/09\/szkola_podstawowa_garbow-1-1.png","width":500,"height":136,"caption":"Szko\u0142a Podstawowa im. Marii Konopnickiej w Garbowie"},"image":{"@id":"https:\/\/szkola.garbow.pl\/#\/schema\/logo\/image\/"}}]}},"_links":{"self":[{"href":"https:\/\/szkola.garbow.pl\/index.php\/wp-json\/wp\/v2\/pages\/154","targetHints":{"allow":["GET"]}}],"collection":[{"href":"https:\/\/szkola.garbow.pl\/index.php\/wp-json\/wp\/v2\/pages"}],"about":[{"href":"https:\/\/szkola.garbow.pl\/index.php\/wp-json\/wp\/v2\/types\/page"}],"author":[{"embeddable":true,"href":"https:\/\/szkola.garbow.pl\/index.php\/wp-json\/wp\/v2\/users\/2"}],"replies":[{"embeddable":true,"href":"https:\/\/szkola.garbow.pl\/index.php\/wp-json\/wp\/v2\/comments?post=154"}],"version-history":[{"count":4,"href":"https:\/\/szkola.garbow.pl\/index.php\/wp-json\/wp\/v2\/pages\/154\/revisions"}],"predecessor-version":[{"id":3666,"href":"https:\/\/szkola.garbow.pl\/index.php\/wp-json\/wp\/v2\/pages\/154\/revisions\/3666"}],"wp:attachment":[{"href":"https:\/\/szkola.garbow.pl\/index.php\/wp-json\/wp\/v2\/media?parent=154"}],"curies":[{"name":"wp","href":"https:\/\/api.w.org\/{rel}","templated":true}]}}