{"id":140,"date":"2020-09-22T13:01:49","date_gmt":"2020-09-22T11:01:49","guid":{"rendered":"http:\/\/serwer1690480.home.pl\/garbow\/?page_id=140"},"modified":"2024-11-27T10:50:28","modified_gmt":"2024-11-27T09:50:28","slug":"pomoc-pedagogiczno-psychologiczna","status":"publish","type":"page","link":"https:\/\/szkola.garbow.pl\/index.php\/pomoc-pedagogiczno-psychologiczna\/","title":{"rendered":"Pomoc pedagogiczno-psychologiczna"},"content":{"rendered":"\t\t<div data-elementor-type=\"wp-page\" data-elementor-id=\"140\" class=\"elementor elementor-140\">\n\t\t\t\t\t\t<section class=\"elementor-section elementor-top-section elementor-element elementor-element-37ff6993 elementor-section-content-middle elementor-section-boxed elementor-section-height-default elementor-section-height-default\" data-id=\"37ff6993\" data-element_type=\"section\" data-e-type=\"section\">\n\t\t\t\t\t\t<div class=\"elementor-container elementor-column-gap-no\">\n\t\t\t\t\t<div class=\"elementor-column elementor-col-50 elementor-top-column elementor-element elementor-element-10d54375\" data-id=\"10d54375\" data-element_type=\"column\" data-e-type=\"column\">\n\t\t\t<div class=\"elementor-widget-wrap elementor-element-populated\">\n\t\t\t\t\t\t<div class=\"elementor-element elementor-element-55197948 elementor-widget elementor-widget-heading\" data-id=\"55197948\" data-element_type=\"widget\" data-e-type=\"widget\" data-widget_type=\"heading.default\">\n\t\t\t\t<div class=\"elementor-widget-container\">\n\t\t\t\t\t<h6 class=\"elementor-heading-title elementor-size-medium\">POMOC PEDAGOGICZNO-PSYCHOLOGICZNA<\/h6>\t\t\t\t<\/div>\n\t\t\t\t<\/div>\n\t\t\t\t<div class=\"elementor-element elementor-element-3ff99d6 elementor-widget elementor-widget-image\" data-id=\"3ff99d6\" data-element_type=\"widget\" data-e-type=\"widget\" data-widget_type=\"image.default\">\n\t\t\t\t<div class=\"elementor-widget-container\">\n\t\t\t\t\t\t\t\t\t\t\t\t\t\t\t<img fetchpriority=\"high\" decoding=\"async\" width=\"429\" height=\"118\" src=\"https:\/\/szkola.garbow.pl\/wp-content\/uploads\/2022\/11\/indeks.jpg\" class=\"attachment-large size-large wp-image-8037\" alt=\"\" srcset=\"https:\/\/szkola.garbow.pl\/wp-content\/uploads\/2022\/11\/indeks.jpg 429w, https:\/\/szkola.garbow.pl\/wp-content\/uploads\/2022\/11\/indeks-300x83.jpg 300w\" sizes=\"(max-width: 429px) 100vw, 429px\" \/>\t\t\t\t\t\t\t\t\t\t\t\t\t\t\t<\/div>\n\t\t\t\t<\/div>\n\t\t\t\t\t<\/div>\n\t\t<\/div>\n\t\t\t\t<div class=\"elementor-column elementor-col-50 elementor-top-column elementor-element elementor-element-465c0b9a\" data-id=\"465c0b9a\" data-element_type=\"column\" data-e-type=\"column\">\n\t\t\t<div class=\"elementor-widget-wrap elementor-element-populated\">\n\t\t\t\t\t\t<div class=\"elementor-element elementor-element-6093e19e elementor-widget elementor-widget-text-editor\" data-id=\"6093e19e\" data-element_type=\"widget\" data-e-type=\"widget\" data-widget_type=\"text-editor.default\">\n\t\t\t\t<div class=\"elementor-widget-container\">\n\t\t\t\t\t\t\t\t\t<h2><strong><span style=\"text-decoration: underline;\"><em>pedagog<\/em><\/span><u><em> \/pedagog specjalny<\/em><\/u><\/strong><\/h2>\n<h2><strong><em>Jolanta Marczak<\/em> <\/strong><\/h2>\n<h2><b>poniedzia\u0142ek 8:30 &#8211; 12:30<\/b><\/h2>\n<h2><b>wtorek 8:00 &#8211; 13:30<\/b><\/h2>\n<h2><b>\u015broda 8:30 &#8211; 13:30<\/b><\/h2>\n<h2><b>czwartek 9:00 &#8211; 15:00<\/b><\/h2>\n<h2><b>pi\u0105tek 8:00 &#8211; 10:00<\/b><\/h2>\n<h2><strong><u><em>psycholog szkolny<\/em><\/u><\/strong><\/h2>\n<h2><b><i>Magdalena Kici\u0144ska<\/i><\/b><\/h2><h2><b><i>wtorek 8:00-12:00<\/i><\/b><\/h2><h2><b><i>\u015broda 8:00 &#8211; 12:00<\/i><\/b><\/h2><h2><b><i>pi\u0105tek 8:00 &#8211; 13:00<\/i><\/b><\/h2>\n<h2><strong><span style=\"text-decoration: underline;\">logopeda<\/span><\/strong><br><strong>Olga Chabros-W\u00f3jcik<\/strong><\/h2>\n<h2><strong>poniedzia\u0142ek, wtorek<\/strong><\/h2>\n<h2><strong>12.30-14.30<\/strong><\/h2>\n<h2><strong>\u015broda, pi\u0105tek<\/strong><\/h2>\n<h2><strong>7.30-10.30<\/strong><\/h2>\t\t\t\t\t\t\t\t<\/div>\n\t\t\t\t<\/div>\n\t\t\t\t\t<\/div>\n\t\t<\/div>\n\t\t\t\t\t<\/div>\n\t\t<\/section>\n\t\t\t\t<section class=\"elementor-section elementor-top-section elementor-element elementor-element-e64793a elementor-section-boxed elementor-section-height-default elementor-section-height-default\" data-id=\"e64793a\" data-element_type=\"section\" data-e-type=\"section\">\n\t\t\t\t\t\t<div class=\"elementor-container elementor-column-gap-default\">\n\t\t\t\t\t<div class=\"elementor-column elementor-col-100 elementor-top-column elementor-element elementor-element-fc688fb\" data-id=\"fc688fb\" data-element_type=\"column\" data-e-type=\"column\">\n\t\t\t<div class=\"elementor-widget-wrap elementor-element-populated\">\n\t\t\t\t\t\t<div class=\"elementor-element elementor-element-7fbb673 elementor-widget elementor-widget-image\" data-id=\"7fbb673\" data-element_type=\"widget\" data-e-type=\"widget\" data-widget_type=\"image.default\">\n\t\t\t\t<div class=\"elementor-widget-container\">\n\t\t\t\t\t\t\t\t\t\t\t\t\t\t\t<img decoding=\"async\" width=\"500\" height=\"281\" src=\"https:\/\/szkola.garbow.pl\/wp-content\/uploads\/2022\/11\/Psycholog_Pedagogszkolny-scaled.jpg\" class=\"attachment-large size-large wp-image-8036\" alt=\"\" srcset=\"https:\/\/szkola.garbow.pl\/wp-content\/uploads\/2022\/11\/Psycholog_Pedagogszkolny-scaled.jpg 500w, https:\/\/szkola.garbow.pl\/wp-content\/uploads\/2022\/11\/Psycholog_Pedagogszkolny-300x169.jpg 300w, https:\/\/szkola.garbow.pl\/wp-content\/uploads\/2022\/11\/Psycholog_Pedagogszkolny-768x432.jpg 768w, https:\/\/szkola.garbow.pl\/wp-content\/uploads\/2022\/11\/Psycholog_Pedagogszkolny-622x350.jpg 622w\" sizes=\"(max-width: 500px) 100vw, 500px\" \/>\t\t\t\t\t\t\t\t\t\t\t\t\t\t\t<\/div>\n\t\t\t\t<\/div>\n\t\t\t\t\t<\/div>\n\t\t<\/div>\n\t\t\t\t\t<\/div>\n\t\t<\/section>\n\t\t\t\t<section class=\"elementor-section elementor-top-section elementor-element elementor-element-935366c elementor-section-boxed elementor-section-height-default elementor-section-height-default\" data-id=\"935366c\" data-element_type=\"section\" data-e-type=\"section\">\n\t\t\t\t\t\t<div class=\"elementor-container elementor-column-gap-default\">\n\t\t\t\t\t<div class=\"elementor-column elementor-col-100 elementor-top-column elementor-element elementor-element-9acd73f\" data-id=\"9acd73f\" data-element_type=\"column\" data-e-type=\"column\">\n\t\t\t<div class=\"elementor-widget-wrap\">\n\t\t\t\t\t\t\t<\/div>\n\t\t<\/div>\n\t\t\t\t\t<\/div>\n\t\t<\/section>\n\t\t\t\t<\/div>\n\t\t","protected":false},"excerpt":{"rendered":"<p>POMOC PEDAGOGICZNO-PSYCHOLOGICZNA pedagog \/pedagog specjalny Jolanta Marczak poniedzia\u0142ek 8:30 &#8211; 12:30 wtorek 8:00 &#8211; 13:30 \u015broda 8:30 &#8211; 13:30 czwartek 9:00 &#8211; 15:00 pi\u0105tek 8:00 &#8211; 10:00 psycholog szkolny Magdalena Kici\u0144ska wtorek 8:00-12:00 \u015broda 8:00 &#8211; 12:00 pi\u0105tek 8:00 &#8211; 13:00 logopedaOlga Chabros-W\u00f3jcik poniedzia\u0142ek, wtorek 12.30-14.30 \u015broda, pi\u0105tek 7.30-10.30<\/p>\n","protected":false},"author":2,"featured_media":0,"parent":0,"menu_order":0,"comment_status":"closed","ping_status":"closed","template":"","meta":{"footnotes":""},"class_list":["post-140","page","type-page","status-publish","hentry"],"yoast_head":"<!-- This site is optimized with the Yoast SEO plugin v27.4 - https:\/\/yoast.com\/product\/yoast-seo-wordpress\/ -->\n<title>Pomoc pedagogiczno-psychologiczna - Szko\u0142a Podstawowa im. Marii Konopnickiej w Garbowie<\/title>\n<meta name=\"robots\" content=\"index, follow, max-snippet:-1, max-image-preview:large, max-video-preview:-1\" \/>\n<link rel=\"canonical\" href=\"https:\/\/szkola.garbow.pl\/index.php\/pomoc-pedagogiczno-psychologiczna\/\" \/>\n<meta property=\"og:locale\" content=\"pl_PL\" \/>\n<meta property=\"og:type\" content=\"article\" \/>\n<meta property=\"og:title\" content=\"Pomoc pedagogiczno-psychologiczna - Szko\u0142a Podstawowa im. Marii Konopnickiej w Garbowie\" \/>\n<meta property=\"og:description\" content=\"POMOC PEDAGOGICZNO-PSYCHOLOGICZNA pedagog \/pedagog specjalny Jolanta Marczak poniedzia\u0142ek 8:30 &#8211; 12:30 wtorek 8:00 &#8211; 13:30 \u015broda 8:30 &#8211; 13:30 czwartek 9:00 &#8211; 15:00 pi\u0105tek 8:00 &#8211; 10:00 psycholog szkolny Magdalena Kici\u0144ska wtorek 8:00-12:00 \u015broda 8:00 &#8211; 12:00 pi\u0105tek 8:00 &#8211; 13:00 logopedaOlga Chabros-W\u00f3jcik poniedzia\u0142ek, wtorek 12.30-14.30 \u015broda, pi\u0105tek 7.30-10.30\" \/>\n<meta property=\"og:url\" content=\"https:\/\/szkola.garbow.pl\/index.php\/pomoc-pedagogiczno-psychologiczna\/\" \/>\n<meta property=\"og:site_name\" content=\"Szko\u0142a Podstawowa im. Marii Konopnickiej w Garbowie\" \/>\n<meta property=\"article:modified_time\" content=\"2024-11-27T09:50:28+00:00\" \/>\n<meta property=\"og:image\" content=\"https:\/\/szkola.garbow.pl\/wp-content\/uploads\/2022\/11\/indeks.jpg\" \/>\n\t<meta property=\"og:image:width\" content=\"429\" \/>\n\t<meta property=\"og:image:height\" content=\"118\" \/>\n\t<meta property=\"og:image:type\" content=\"image\/jpeg\" \/>\n<meta name=\"twitter:card\" content=\"summary_large_image\" \/>\n<meta name=\"twitter:label1\" content=\"Szacowany czas czytania\" \/>\n\t<meta name=\"twitter:data1\" content=\"1 minuta\" \/>\n<script type=\"application\/ld+json\" class=\"yoast-schema-graph\">{\"@context\":\"https:\\\/\\\/schema.org\",\"@graph\":[{\"@type\":\"WebPage\",\"@id\":\"https:\\\/\\\/szkola.garbow.pl\\\/index.php\\\/pomoc-pedagogiczno-psychologiczna\\\/\",\"url\":\"https:\\\/\\\/szkola.garbow.pl\\\/index.php\\\/pomoc-pedagogiczno-psychologiczna\\\/\",\"name\":\"Pomoc pedagogiczno-psychologiczna - Szko\u0142a Podstawowa im. Marii Konopnickiej w Garbowie\",\"isPartOf\":{\"@id\":\"https:\\\/\\\/szkola.garbow.pl\\\/#website\"},\"primaryImageOfPage\":{\"@id\":\"https:\\\/\\\/szkola.garbow.pl\\\/index.php\\\/pomoc-pedagogiczno-psychologiczna\\\/#primaryimage\"},\"image\":{\"@id\":\"https:\\\/\\\/szkola.garbow.pl\\\/index.php\\\/pomoc-pedagogiczno-psychologiczna\\\/#primaryimage\"},\"thumbnailUrl\":\"https:\\\/\\\/szkola.garbow.pl\\\/wp-content\\\/uploads\\\/2022\\\/11\\\/indeks.jpg\",\"datePublished\":\"2020-09-22T11:01:49+00:00\",\"dateModified\":\"2024-11-27T09:50:28+00:00\",\"breadcrumb\":{\"@id\":\"https:\\\/\\\/szkola.garbow.pl\\\/index.php\\\/pomoc-pedagogiczno-psychologiczna\\\/#breadcrumb\"},\"inLanguage\":\"pl-PL\",\"potentialAction\":[{\"@type\":\"ReadAction\",\"target\":[\"https:\\\/\\\/szkola.garbow.pl\\\/index.php\\\/pomoc-pedagogiczno-psychologiczna\\\/\"]}]},{\"@type\":\"ImageObject\",\"inLanguage\":\"pl-PL\",\"@id\":\"https:\\\/\\\/szkola.garbow.pl\\\/index.php\\\/pomoc-pedagogiczno-psychologiczna\\\/#primaryimage\",\"url\":\"https:\\\/\\\/szkola.garbow.pl\\\/wp-content\\\/uploads\\\/2022\\\/11\\\/indeks.jpg\",\"contentUrl\":\"https:\\\/\\\/szkola.garbow.pl\\\/wp-content\\\/uploads\\\/2022\\\/11\\\/indeks.jpg\",\"width\":429,\"height\":118},{\"@type\":\"BreadcrumbList\",\"@id\":\"https:\\\/\\\/szkola.garbow.pl\\\/index.php\\\/pomoc-pedagogiczno-psychologiczna\\\/#breadcrumb\",\"itemListElement\":[{\"@type\":\"ListItem\",\"position\":1,\"name\":\"Strona g\u0142\u00f3wna\",\"item\":\"https:\\\/\\\/szkola.garbow.pl\\\/\"},{\"@type\":\"ListItem\",\"position\":2,\"name\":\"Pomoc pedagogiczno-psychologiczna\"}]},{\"@type\":\"WebSite\",\"@id\":\"https:\\\/\\\/szkola.garbow.pl\\\/#website\",\"url\":\"https:\\\/\\\/szkola.garbow.pl\\\/\",\"name\":\"Szko\u0142a Podstawowa im. Marii Konopnickiej w Garbowie\",\"description\":\"Szko\u0142a Podstawowa im. Marii Konopnickiej w Garbowie\",\"publisher\":{\"@id\":\"https:\\\/\\\/szkola.garbow.pl\\\/#organization\"},\"potentialAction\":[{\"@type\":\"SearchAction\",\"target\":{\"@type\":\"EntryPoint\",\"urlTemplate\":\"https:\\\/\\\/szkola.garbow.pl\\\/?s={search_term_string}\"},\"query-input\":{\"@type\":\"PropertyValueSpecification\",\"valueRequired\":true,\"valueName\":\"search_term_string\"}}],\"inLanguage\":\"pl-PL\"},{\"@type\":\"Organization\",\"@id\":\"https:\\\/\\\/szkola.garbow.pl\\\/#organization\",\"name\":\"Szko\u0142a Podstawowa im. Marii Konopnickiej w Garbowie\",\"url\":\"https:\\\/\\\/szkola.garbow.pl\\\/\",\"logo\":{\"@type\":\"ImageObject\",\"inLanguage\":\"pl-PL\",\"@id\":\"https:\\\/\\\/szkola.garbow.pl\\\/#\\\/schema\\\/logo\\\/image\\\/\",\"url\":\"https:\\\/\\\/szkola.garbow.pl\\\/wp-content\\\/uploads\\\/2020\\\/09\\\/szkola_podstawowa_garbow-1-1.png\",\"contentUrl\":\"https:\\\/\\\/szkola.garbow.pl\\\/wp-content\\\/uploads\\\/2020\\\/09\\\/szkola_podstawowa_garbow-1-1.png\",\"width\":500,\"height\":136,\"caption\":\"Szko\u0142a Podstawowa im. Marii Konopnickiej w Garbowie\"},\"image\":{\"@id\":\"https:\\\/\\\/szkola.garbow.pl\\\/#\\\/schema\\\/logo\\\/image\\\/\"}}]}<\/script>\n<!-- \/ Yoast SEO plugin. -->","yoast_head_json":{"title":"Pomoc pedagogiczno-psychologiczna - Szko\u0142a Podstawowa im. Marii Konopnickiej w Garbowie","robots":{"index":"index","follow":"follow","max-snippet":"max-snippet:-1","max-image-preview":"max-image-preview:large","max-video-preview":"max-video-preview:-1"},"canonical":"https:\/\/szkola.garbow.pl\/index.php\/pomoc-pedagogiczno-psychologiczna\/","og_locale":"pl_PL","og_type":"article","og_title":"Pomoc pedagogiczno-psychologiczna - Szko\u0142a Podstawowa im. Marii Konopnickiej w Garbowie","og_description":"POMOC PEDAGOGICZNO-PSYCHOLOGICZNA pedagog \/pedagog specjalny Jolanta Marczak poniedzia\u0142ek 8:30 &#8211; 12:30 wtorek 8:00 &#8211; 13:30 \u015broda 8:30 &#8211; 13:30 czwartek 9:00 &#8211; 15:00 pi\u0105tek 8:00 &#8211; 10:00 psycholog szkolny Magdalena Kici\u0144ska wtorek 8:00-12:00 \u015broda 8:00 &#8211; 12:00 pi\u0105tek 8:00 &#8211; 13:00 logopedaOlga Chabros-W\u00f3jcik poniedzia\u0142ek, wtorek 12.30-14.30 \u015broda, pi\u0105tek 7.30-10.30","og_url":"https:\/\/szkola.garbow.pl\/index.php\/pomoc-pedagogiczno-psychologiczna\/","og_site_name":"Szko\u0142a Podstawowa im. Marii Konopnickiej w Garbowie","article_modified_time":"2024-11-27T09:50:28+00:00","og_image":[{"width":429,"height":118,"url":"https:\/\/szkola.garbow.pl\/wp-content\/uploads\/2022\/11\/indeks.jpg","type":"image\/jpeg"}],"twitter_card":"summary_large_image","twitter_misc":{"Szacowany czas czytania":"1 minuta"},"schema":{"@context":"https:\/\/schema.org","@graph":[{"@type":"WebPage","@id":"https:\/\/szkola.garbow.pl\/index.php\/pomoc-pedagogiczno-psychologiczna\/","url":"https:\/\/szkola.garbow.pl\/index.php\/pomoc-pedagogiczno-psychologiczna\/","name":"Pomoc pedagogiczno-psychologiczna - Szko\u0142a Podstawowa im. Marii Konopnickiej w Garbowie","isPartOf":{"@id":"https:\/\/szkola.garbow.pl\/#website"},"primaryImageOfPage":{"@id":"https:\/\/szkola.garbow.pl\/index.php\/pomoc-pedagogiczno-psychologiczna\/#primaryimage"},"image":{"@id":"https:\/\/szkola.garbow.pl\/index.php\/pomoc-pedagogiczno-psychologiczna\/#primaryimage"},"thumbnailUrl":"https:\/\/szkola.garbow.pl\/wp-content\/uploads\/2022\/11\/indeks.jpg","datePublished":"2020-09-22T11:01:49+00:00","dateModified":"2024-11-27T09:50:28+00:00","breadcrumb":{"@id":"https:\/\/szkola.garbow.pl\/index.php\/pomoc-pedagogiczno-psychologiczna\/#breadcrumb"},"inLanguage":"pl-PL","potentialAction":[{"@type":"ReadAction","target":["https:\/\/szkola.garbow.pl\/index.php\/pomoc-pedagogiczno-psychologiczna\/"]}]},{"@type":"ImageObject","inLanguage":"pl-PL","@id":"https:\/\/szkola.garbow.pl\/index.php\/pomoc-pedagogiczno-psychologiczna\/#primaryimage","url":"https:\/\/szkola.garbow.pl\/wp-content\/uploads\/2022\/11\/indeks.jpg","contentUrl":"https:\/\/szkola.garbow.pl\/wp-content\/uploads\/2022\/11\/indeks.jpg","width":429,"height":118},{"@type":"BreadcrumbList","@id":"https:\/\/szkola.garbow.pl\/index.php\/pomoc-pedagogiczno-psychologiczna\/#breadcrumb","itemListElement":[{"@type":"ListItem","position":1,"name":"Strona g\u0142\u00f3wna","item":"https:\/\/szkola.garbow.pl\/"},{"@type":"ListItem","position":2,"name":"Pomoc pedagogiczno-psychologiczna"}]},{"@type":"WebSite","@id":"https:\/\/szkola.garbow.pl\/#website","url":"https:\/\/szkola.garbow.pl\/","name":"Szko\u0142a Podstawowa im. Marii Konopnickiej w Garbowie","description":"Szko\u0142a Podstawowa im. Marii Konopnickiej w Garbowie","publisher":{"@id":"https:\/\/szkola.garbow.pl\/#organization"},"potentialAction":[{"@type":"SearchAction","target":{"@type":"EntryPoint","urlTemplate":"https:\/\/szkola.garbow.pl\/?s={search_term_string}"},"query-input":{"@type":"PropertyValueSpecification","valueRequired":true,"valueName":"search_term_string"}}],"inLanguage":"pl-PL"},{"@type":"Organization","@id":"https:\/\/szkola.garbow.pl\/#organization","name":"Szko\u0142a Podstawowa im. Marii Konopnickiej w Garbowie","url":"https:\/\/szkola.garbow.pl\/","logo":{"@type":"ImageObject","inLanguage":"pl-PL","@id":"https:\/\/szkola.garbow.pl\/#\/schema\/logo\/image\/","url":"https:\/\/szkola.garbow.pl\/wp-content\/uploads\/2020\/09\/szkola_podstawowa_garbow-1-1.png","contentUrl":"https:\/\/szkola.garbow.pl\/wp-content\/uploads\/2020\/09\/szkola_podstawowa_garbow-1-1.png","width":500,"height":136,"caption":"Szko\u0142a Podstawowa im. Marii Konopnickiej w Garbowie"},"image":{"@id":"https:\/\/szkola.garbow.pl\/#\/schema\/logo\/image\/"}}]}},"_links":{"self":[{"href":"https:\/\/szkola.garbow.pl\/index.php\/wp-json\/wp\/v2\/pages\/140","targetHints":{"allow":["GET"]}}],"collection":[{"href":"https:\/\/szkola.garbow.pl\/index.php\/wp-json\/wp\/v2\/pages"}],"about":[{"href":"https:\/\/szkola.garbow.pl\/index.php\/wp-json\/wp\/v2\/types\/page"}],"author":[{"embeddable":true,"href":"https:\/\/szkola.garbow.pl\/index.php\/wp-json\/wp\/v2\/users\/2"}],"replies":[{"embeddable":true,"href":"https:\/\/szkola.garbow.pl\/index.php\/wp-json\/wp\/v2\/comments?post=140"}],"version-history":[{"count":51,"href":"https:\/\/szkola.garbow.pl\/index.php\/wp-json\/wp\/v2\/pages\/140\/revisions"}],"predecessor-version":[{"id":16311,"href":"https:\/\/szkola.garbow.pl\/index.php\/wp-json\/wp\/v2\/pages\/140\/revisions\/16311"}],"wp:attachment":[{"href":"https:\/\/szkola.garbow.pl\/index.php\/wp-json\/wp\/v2\/media?parent=140"}],"curies":[{"name":"wp","href":"https:\/\/api.w.org\/{rel}","templated":true}]}}