{"id":132,"date":"2020-09-22T13:00:46","date_gmt":"2020-09-22T11:00:46","guid":{"rendered":"http:\/\/serwer1690480.home.pl\/garbow\/?page_id=132"},"modified":"2020-10-22T19:05:06","modified_gmt":"2020-10-22T17:05:06","slug":"aktualnosci-swietlica-szkolna","status":"publish","type":"page","link":"https:\/\/szkola.garbow.pl\/index.php\/aktualnosci-swietlica-szkolna\/","title":{"rendered":"Aktualno\u015bci &#8211; \u015bwietlica szkolna"},"content":{"rendered":"\t\t<div data-elementor-type=\"wp-page\" data-elementor-id=\"132\" class=\"elementor elementor-132\">\n\t\t\t\t\t\t<section class=\"elementor-section elementor-top-section elementor-element elementor-element-e056245 elementor-section-boxed elementor-section-height-default elementor-section-height-default\" data-id=\"e056245\" data-element_type=\"section\" data-e-type=\"section\" data-settings=\"{&quot;background_background&quot;:&quot;classic&quot;}\">\n\t\t\t\t\t\t<div class=\"elementor-container elementor-column-gap-default\">\n\t\t\t\t\t<div class=\"elementor-column elementor-col-100 elementor-top-column elementor-element elementor-element-dd5fad9\" data-id=\"dd5fad9\" data-element_type=\"column\" data-e-type=\"column\">\n\t\t\t<div class=\"elementor-widget-wrap elementor-element-populated\">\n\t\t\t\t\t\t<div class=\"elementor-element elementor-element-3966d51e elementor-widget elementor-widget-text-editor\" data-id=\"3966d51e\" data-element_type=\"widget\" data-e-type=\"widget\" data-widget_type=\"text-editor.default\">\n\t\t\t\t<div class=\"elementor-widget-container\">\n\t\t\t\t\t\t\t\t\t<p style=\"text-align: center;\">\u015aWIETLICA SZKOLNA<\/p>\t\t\t\t\t\t\t\t<\/div>\n\t\t\t\t<\/div>\n\t\t\t\t\t<\/div>\n\t\t<\/div>\n\t\t\t\t\t<\/div>\n\t\t<\/section>\n\t\t\t\t<section class=\"elementor-section elementor-top-section elementor-element elementor-element-1951f9d4 elementor-section-boxed elementor-section-height-default elementor-section-height-default\" data-id=\"1951f9d4\" data-element_type=\"section\" data-e-type=\"section\">\n\t\t\t\t\t\t<div class=\"elementor-container elementor-column-gap-default\">\n\t\t\t\t\t<div class=\"elementor-column elementor-col-100 elementor-top-column elementor-element elementor-element-3426860d\" data-id=\"3426860d\" data-element_type=\"column\" data-e-type=\"column\">\n\t\t\t<div class=\"elementor-widget-wrap elementor-element-populated\">\n\t\t\t\t\t\t<div class=\"elementor-element elementor-element-620b2611 elementor-grid-eael-col-3 elementor-grid-tablet-eael-col-2 elementor-grid-mobile-eael-col-1 elementor-widget elementor-widget-eael-post-grid\" data-id=\"620b2611\" data-element_type=\"widget\" data-e-type=\"widget\" data-settings=\"{&quot;eael_post_grid_columns&quot;:&quot;eael-col-3&quot;,&quot;eael_post_grid_columns_tablet&quot;:&quot;eael-col-2&quot;,&quot;eael_post_grid_columns_mobile&quot;:&quot;eael-col-1&quot;}\" data-widget_type=\"eael-post-grid.default\">\n\t\t\t\t<div class=\"elementor-widget-container\">\n\t\t\t\t\t<div id=\"eael-post-grid-620b2611\" class=\"eael-post-grid-container\">\n            <div class=\"eael-post-grid eael-post-appender eael-post-appender-620b2611 eael-post-grid-style-two\" data-layout-mode=\"grid\"><article class=\"eael-grid-post  eael-post-grid-column eael-pg-post-13518 category-2023-aktualnosci-aktualnosci-swietlica-szkolna\" data-id=\"13518\">\n    <div class=\"eael-grid-post-holder\">\n        <div class=\"eael-grid-post-holder-inner\"><div class=\"eael-entry-wrapper\"><header class=\"eael-entry-header\"><h2 class=\"eael-entry-title\"><a class=\"eael-grid-post-link\" href=\"https:\/\/szkola.garbow.pl\/index.php\/2023\/09\/10\/regulamin-swietlicy-szkolnej\/\" title=\"Regulamin \u015bwietlicy szkolnej\">Regulamin \u015bwietlicy szkolnej<\/a><\/h2><\/header><div class=\"eael-entry-header-after style-two\"><div class=\"eael-entry-meta\"><span class=\"eael-posted-on eael-meta-posted-on\"><i class=\"far fa-clock\"><\/i><time datetime=\"10 wrze\u015bnia 2023\">10 wrze\u015bnia 2023<\/time><\/span><\/div><\/div><div class=\"eael-entry-content\">\n                                <div class=\"eael-grid-post-excerpt\"><p>Rodzice\/opiekunowie prawni zapisuj\u0105c dziecko do \u015bwietlicy szkolnej zobowi\u0105zani s\u0105 do zapoznania si\u0119 z regulaminem (link poni\u017cej).<\/p><a href=\"https:\/\/szkola.garbow.pl\/index.php\/2023\/09\/10\/regulamin-swietlicy-szkolnej\/\" class=\"eael-post-elements-readmore-btn\">Wi\u0119cej...<\/a><\/div>\n                            <\/div><\/div><\/div>\n    <\/div>\n<\/article><article class=\"eael-grid-post  eael-post-grid-column eael-pg-post-9765 category-2023-aktualnosci-aktualnosci-swietlica-szkolna-wolontariat\" data-id=\"9765\">\n    <div class=\"eael-grid-post-holder\">\n        <div class=\"eael-grid-post-holder-inner\"><div class=\"eael-entry-media\"><div class=\"eael-entry-overlay zoom-in\"><i class=\"fas fa-long-arrow-alt-right\" aria-hidden=\"true\"><\/i><a href=\"https:\/\/szkola.garbow.pl\/index.php\/2023\/02\/09\/miedzynarodowy-dzien-pizzy-w-swietlicy\/\"><\/a><\/div><div class=\"eael-entry-thumbnail \">\n                            <img fetchpriority=\"high\" decoding=\"async\" width=\"400\" height=\"400\" src=\"https:\/\/szkola.garbow.pl\/wp-content\/uploads\/2023\/02\/pizza8-400x400.jpg\" class=\"attachment-thumbnail size-thumbnail wp-image-9776\" alt=\"\" \/>\n                            <\/div>\n                    <\/div><div class=\"eael-entry-wrapper\"><header class=\"eael-entry-header\"><h2 class=\"eael-entry-title\"><a class=\"eael-grid-post-link\" href=\"https:\/\/szkola.garbow.pl\/index.php\/2023\/02\/09\/miedzynarodowy-dzien-pizzy-w-swietlicy\/\" title=\"Mi\u0119dzynarodowy Dzie\u0144 Pizzy w \u015bwietlicy\">Mi\u0119dzynarodowy Dzie\u0144 Pizzy w \u015bwietlicy<\/a><\/h2><\/header><div class=\"eael-entry-header-after style-two\"><div class=\"eael-entry-meta\"><span class=\"eael-posted-on eael-meta-posted-on\"><i class=\"far fa-clock\"><\/i><time datetime=\"9 lutego 2023\">9 lutego 2023<\/time><\/span><\/div><\/div><div class=\"eael-entry-content\">\n                                <div class=\"eael-grid-post-excerpt\"><p>9 lutego, z okazji Dnia Pizzy, dzieci ze \u015bwietlicy pod czujnym okiem wolontariuszy z SKW wzi\u0119\u0142y...<\/p><a href=\"https:\/\/szkola.garbow.pl\/index.php\/2023\/02\/09\/miedzynarodowy-dzien-pizzy-w-swietlicy\/\" class=\"eael-post-elements-readmore-btn\">Wi\u0119cej...<\/a><\/div>\n                            <\/div><\/div><\/div>\n    <\/div>\n<\/article><article class=\"eael-grid-post  eael-post-grid-column eael-pg-post-7810 category-2021-2022-aktualnosci-aktualnosci-swietlica-szkolna\" data-id=\"7810\">\n    <div class=\"eael-grid-post-holder\">\n        <div class=\"eael-grid-post-holder-inner\"><div class=\"eael-entry-media\"><div class=\"eael-entry-overlay zoom-in\"><i class=\"fas fa-long-arrow-alt-right\" aria-hidden=\"true\"><\/i><a href=\"https:\/\/szkola.garbow.pl\/index.php\/2022\/10\/31\/zajecia-kulinarne-w-pracowni-gastronomicznej-2\/\"><\/a><\/div><div class=\"eael-entry-thumbnail \">\n                            <img decoding=\"async\" width=\"400\" height=\"400\" src=\"https:\/\/szkola.garbow.pl\/wp-content\/uploads\/2022\/10\/IMG_20221028_142505-1-400x400.jpg\" class=\"attachment-thumbnail size-thumbnail wp-image-7824\" alt=\"\" \/>\n                            <\/div>\n                    <\/div><div class=\"eael-entry-wrapper\"><header class=\"eael-entry-header\"><h2 class=\"eael-entry-title\"><a class=\"eael-grid-post-link\" href=\"https:\/\/szkola.garbow.pl\/index.php\/2022\/10\/31\/zajecia-kulinarne-w-pracowni-gastronomicznej-2\/\" title=\"Zaj\u0119cia kulinarne w pracowni gastronomicznej.\">Zaj\u0119cia kulinarne w pracowni gastronomicznej.<\/a><\/h2><\/header><div class=\"eael-entry-header-after style-two\"><div class=\"eael-entry-meta\"><span class=\"eael-posted-on eael-meta-posted-on\"><i class=\"far fa-clock\"><\/i><time datetime=\"31 pa\u017adziernika 2022\">31 pa\u017adziernika 2022<\/time><\/span><\/div><\/div><div class=\"eael-entry-content\">\n                                <div class=\"eael-grid-post-excerpt\"><p>W pi\u0105tek 28 pa\u017adziernika uczniowie ucz\u0119szczaj\u0105cy do \u015bwietlicy szkolnej wzi\u0119li udzia\u0142 w zaj\u0119ciach kulinarnych. Zaj\u0119cia poprzedzone...<\/p><a href=\"https:\/\/szkola.garbow.pl\/index.php\/2022\/10\/31\/zajecia-kulinarne-w-pracowni-gastronomicznej-2\/\" class=\"eael-post-elements-readmore-btn\">Wi\u0119cej...<\/a><\/div>\n                            <\/div><\/div><\/div>\n    <\/div>\n<\/article><article class=\"eael-grid-post  eael-post-grid-column eael-pg-post-4183 category-2021-aktualnosci-aktualnosci-swietlica-szkolna\" data-id=\"4183\">\n    <div class=\"eael-grid-post-holder\">\n        <div class=\"eael-grid-post-holder-inner\"><div class=\"eael-entry-media\"><div class=\"eael-entry-overlay zoom-in\"><i class=\"fas fa-long-arrow-alt-right\" aria-hidden=\"true\"><\/i><a href=\"https:\/\/szkola.garbow.pl\/index.php\/2021\/03\/11\/eksperymenty-w-swietlicy\/\"><\/a><\/div><div class=\"eael-entry-thumbnail \">\n                            <img decoding=\"async\" width=\"400\" height=\"400\" src=\"https:\/\/szkola.garbow.pl\/wp-content\/uploads\/2021\/03\/e5-400x400.jpg\" class=\"attachment-thumbnail size-thumbnail wp-image-4191\" alt=\"\" \/>\n                            <\/div>\n                    <\/div><div class=\"eael-entry-wrapper\"><header class=\"eael-entry-header\"><h2 class=\"eael-entry-title\"><a class=\"eael-grid-post-link\" href=\"https:\/\/szkola.garbow.pl\/index.php\/2021\/03\/11\/eksperymenty-w-swietlicy\/\" title=\"Eksperymenty w \u015bwietlicy\">Eksperymenty w \u015bwietlicy<\/a><\/h2><\/header><div class=\"eael-entry-header-after style-two\"><div class=\"eael-entry-meta\"><span class=\"eael-posted-on eael-meta-posted-on\"><i class=\"far fa-clock\"><\/i><time datetime=\"11 marca 2021\">11 marca 2021<\/time><\/span><\/div><\/div><div class=\"eael-entry-content\">\n                                <div class=\"eael-grid-post-excerpt\"><p>W II semestrze w \u015bwietlicy prowadzone s\u0105 zaj\u0119cia badawcze- do\u015bwiadczenia i eksperymenty. Dzieci zrobi\u0142y ju\u017c wulkan...<\/p><a href=\"https:\/\/szkola.garbow.pl\/index.php\/2021\/03\/11\/eksperymenty-w-swietlicy\/\" class=\"eael-post-elements-readmore-btn\">Wi\u0119cej...<\/a><\/div>\n                            <\/div><\/div><\/div>\n    <\/div>\n<\/article><article class=\"eael-grid-post  eael-post-grid-column eael-pg-post-650 category-aktualnosci-aktualnosci-swietlica-szkolna\" data-id=\"650\">\n    <div class=\"eael-grid-post-holder\">\n        <div class=\"eael-grid-post-holder-inner\"><div class=\"eael-entry-media\"><div class=\"eael-entry-overlay zoom-in\"><i class=\"fas fa-long-arrow-alt-right\" aria-hidden=\"true\"><\/i><a href=\"https:\/\/szkola.garbow.pl\/index.php\/2016\/05\/22\/prapremiera-spektaklu-lublin-i-jego-legendy\/\"><\/a><\/div><div class=\"eael-entry-thumbnail \">\n                            <img loading=\"lazy\" decoding=\"async\" width=\"150\" height=\"150\" src=\"https:\/\/szkola.garbow.pl\/wp-content\/uploads\/2020\/09\/szkola_podstawowa_garbow-23-150x150.jpg\" class=\"attachment-thumbnail size-thumbnail wp-image-653\" alt=\"\" \/>\n                            <\/div>\n                    <\/div><div class=\"eael-entry-wrapper\"><header class=\"eael-entry-header\"><h2 class=\"eael-entry-title\"><a class=\"eael-grid-post-link\" href=\"https:\/\/szkola.garbow.pl\/index.php\/2016\/05\/22\/prapremiera-spektaklu-lublin-i-jego-legendy\/\" title=\"Prapremiera spektaklu \u201eLublin i jego legendy\u201d\">Prapremiera spektaklu \u201eLublin i jego legendy\u201d<\/a><\/h2><\/header><div class=\"eael-entry-header-after style-two\"><div class=\"eael-entry-meta\"><span class=\"eael-posted-on eael-meta-posted-on\"><i class=\"far fa-clock\"><\/i><time datetime=\"22 maja 2016\">22 maja 2016<\/time><\/span><\/div><\/div><div class=\"eael-entry-content\">\n                                <div class=\"eael-grid-post-excerpt\"><p>Uczniowie klas drugich Szko\u0142y Podstawowej, korzystaj\u0105cy z opieki \u015bwietlicowej, w roku szkolnym 2015\/2016 mieli mo\u017cliwo\u015b\u0107 wzi\u0119cia...<\/p><a href=\"https:\/\/szkola.garbow.pl\/index.php\/2016\/05\/22\/prapremiera-spektaklu-lublin-i-jego-legendy\/\" class=\"eael-post-elements-readmore-btn\">Wi\u0119cej...<\/a><\/div>\n                            <\/div><\/div><\/div>\n    <\/div>\n<\/article><article class=\"eael-grid-post  eael-post-grid-column eael-pg-post-1312 category-aktualnosci-swietlica-szkolna tags-szkola-garbow-szkola-konopnickiej-garbow-szkola-podstawowa-garbow\" data-id=\"1312\">\n    <div class=\"eael-grid-post-holder\">\n        <div class=\"eael-grid-post-holder-inner\"><div class=\"eael-entry-media\"><div class=\"eael-entry-overlay zoom-in\"><i class=\"fas fa-long-arrow-alt-right\" aria-hidden=\"true\"><\/i><a href=\"https:\/\/szkola.garbow.pl\/index.php\/2015\/06\/30\/swietlica-w-roku-szkolnym-2015-16\/\"><\/a><\/div><div class=\"eael-entry-thumbnail \">\n                            <img loading=\"lazy\" decoding=\"async\" width=\"150\" height=\"150\" src=\"https:\/\/szkola.garbow.pl\/wp-content\/uploads\/2020\/10\/1-29-150x150.jpg\" class=\"attachment-thumbnail size-thumbnail wp-image-1284\" alt=\"\" \/>\n                            <\/div>\n                    <\/div><div class=\"eael-entry-wrapper\"><header class=\"eael-entry-header\"><h2 class=\"eael-entry-title\"><a class=\"eael-grid-post-link\" href=\"https:\/\/szkola.garbow.pl\/index.php\/2015\/06\/30\/swietlica-w-roku-szkolnym-2015-16\/\" title=\"\u015awietlica w roku szkolnym 2015\/16\">\u015awietlica w roku szkolnym 2015\/16<\/a><\/h2><\/header><div class=\"eael-entry-header-after style-two\"><div class=\"eael-entry-meta\"><span class=\"eael-posted-on eael-meta-posted-on\"><i class=\"far fa-clock\"><\/i><time datetime=\"30 czerwca 2015\">30 czerwca 2015<\/time><\/span><\/div><\/div><div class=\"eael-entry-content\">\n                                <div class=\"eael-grid-post-excerpt\"><p>Drodzy Rodzice! W trosce o dobro Pa\u0144stwa dzieci chcieliby\u015bmy dostosowa\u0107 plan pracy \u015bwietlicy do Pa\u0144stwa potrzeb...<\/p><a href=\"https:\/\/szkola.garbow.pl\/index.php\/2015\/06\/30\/swietlica-w-roku-szkolnym-2015-16\/\" class=\"eael-post-elements-readmore-btn\">Wi\u0119cej...<\/a><\/div>\n                            <\/div><\/div><\/div>\n    <\/div>\n<\/article><\/div>\n            <div class=\"clearfix\"><\/div>\n        <\/div>\t\t\t\t<\/div>\n\t\t\t\t<\/div>\n\t\t\t\t\t<\/div>\n\t\t<\/div>\n\t\t\t\t\t<\/div>\n\t\t<\/section>\n\t\t\t\t<\/div>\n\t\t","protected":false},"excerpt":{"rendered":"<p>\u015aWIETLICA SZKOLNA Prapremiera spektaklu \u201eLublin i jego legendy\u201d 22 maja 2016 Uczniowie klas drugich Szko\u0142y Podstawowej, korzystaj\u0105cy z opieki \u015bwietlicowej, w roku szkolnym 2015\/2016 mieli mo\u017cliwo\u015b\u0107 wzi\u0119cia&#8230; Wi\u0119cej&#8230; \u015awietlica w roku szkolnym 2015\/16 30 czerwca 2015 Drodzy Rodzice! W trosce o dobro Pa\u0144stwa dzieci chcieliby\u015bmy dostosowa\u0107 plan pracy \u015bwietlicy do &hellip;<\/p>\n","protected":false},"author":2,"featured_media":0,"parent":0,"menu_order":0,"comment_status":"closed","ping_status":"closed","template":"","meta":{"footnotes":""},"class_list":["post-132","page","type-page","status-publish","hentry"],"yoast_head":"<!-- This site is optimized with the Yoast SEO plugin v27.4 - https:\/\/yoast.com\/product\/yoast-seo-wordpress\/ -->\n<title>Aktualno\u015bci - \u015bwietlica szkolna - Szko\u0142a Podstawowa im. Marii Konopnickiej w Garbowie<\/title>\n<meta name=\"robots\" content=\"index, follow, max-snippet:-1, max-image-preview:large, max-video-preview:-1\" \/>\n<link rel=\"canonical\" href=\"https:\/\/szkola.garbow.pl\/index.php\/aktualnosci-swietlica-szkolna\/\" \/>\n<meta property=\"og:locale\" content=\"pl_PL\" \/>\n<meta property=\"og:type\" content=\"article\" \/>\n<meta property=\"og:title\" content=\"Aktualno\u015bci - \u015bwietlica szkolna - Szko\u0142a Podstawowa im. Marii Konopnickiej w Garbowie\" \/>\n<meta property=\"og:description\" content=\"\u015aWIETLICA SZKOLNA Prapremiera spektaklu \u201eLublin i jego legendy\u201d 22 maja 2016 Uczniowie klas drugich Szko\u0142y Podstawowej, korzystaj\u0105cy z opieki \u015bwietlicowej, w roku szkolnym 2015\/2016 mieli mo\u017cliwo\u015b\u0107 wzi\u0119cia&#8230; Wi\u0119cej&#8230; \u015awietlica w roku szkolnym 2015\/16 30 czerwca 2015 Drodzy Rodzice! W trosce o dobro Pa\u0144stwa dzieci chcieliby\u015bmy dostosowa\u0107 plan pracy \u015bwietlicy do &hellip;\" \/>\n<meta property=\"og:url\" content=\"https:\/\/szkola.garbow.pl\/index.php\/aktualnosci-swietlica-szkolna\/\" \/>\n<meta property=\"og:site_name\" content=\"Szko\u0142a Podstawowa im. Marii Konopnickiej w Garbowie\" \/>\n<meta property=\"article:modified_time\" content=\"2020-10-22T17:05:06+00:00\" \/>\n<meta property=\"og:image\" content=\"http:\/\/garbow.home.pl\/spgarbow\/wp-content\/uploads\/2020\/09\/szkola_podstawowa_garbow-23-150x150.jpg\" \/>\n<meta name=\"twitter:card\" content=\"summary_large_image\" \/>\n<script type=\"application\/ld+json\" class=\"yoast-schema-graph\">{\"@context\":\"https:\\\/\\\/schema.org\",\"@graph\":[{\"@type\":\"WebPage\",\"@id\":\"https:\\\/\\\/szkola.garbow.pl\\\/index.php\\\/aktualnosci-swietlica-szkolna\\\/\",\"url\":\"https:\\\/\\\/szkola.garbow.pl\\\/index.php\\\/aktualnosci-swietlica-szkolna\\\/\",\"name\":\"Aktualno\u015bci - \u015bwietlica szkolna - Szko\u0142a Podstawowa im. Marii Konopnickiej w Garbowie\",\"isPartOf\":{\"@id\":\"https:\\\/\\\/szkola.garbow.pl\\\/#website\"},\"primaryImageOfPage\":{\"@id\":\"https:\\\/\\\/szkola.garbow.pl\\\/index.php\\\/aktualnosci-swietlica-szkolna\\\/#primaryimage\"},\"image\":{\"@id\":\"https:\\\/\\\/szkola.garbow.pl\\\/index.php\\\/aktualnosci-swietlica-szkolna\\\/#primaryimage\"},\"thumbnailUrl\":\"http:\\\/\\\/garbow.home.pl\\\/spgarbow\\\/wp-content\\\/uploads\\\/2020\\\/09\\\/szkola_podstawowa_garbow-23-150x150.jpg\",\"datePublished\":\"2020-09-22T11:00:46+00:00\",\"dateModified\":\"2020-10-22T17:05:06+00:00\",\"breadcrumb\":{\"@id\":\"https:\\\/\\\/szkola.garbow.pl\\\/index.php\\\/aktualnosci-swietlica-szkolna\\\/#breadcrumb\"},\"inLanguage\":\"pl-PL\",\"potentialAction\":[{\"@type\":\"ReadAction\",\"target\":[\"https:\\\/\\\/szkola.garbow.pl\\\/index.php\\\/aktualnosci-swietlica-szkolna\\\/\"]}]},{\"@type\":\"ImageObject\",\"inLanguage\":\"pl-PL\",\"@id\":\"https:\\\/\\\/szkola.garbow.pl\\\/index.php\\\/aktualnosci-swietlica-szkolna\\\/#primaryimage\",\"url\":\"http:\\\/\\\/garbow.home.pl\\\/spgarbow\\\/wp-content\\\/uploads\\\/2020\\\/09\\\/szkola_podstawowa_garbow-23-150x150.jpg\",\"contentUrl\":\"http:\\\/\\\/garbow.home.pl\\\/spgarbow\\\/wp-content\\\/uploads\\\/2020\\\/09\\\/szkola_podstawowa_garbow-23-150x150.jpg\"},{\"@type\":\"BreadcrumbList\",\"@id\":\"https:\\\/\\\/szkola.garbow.pl\\\/index.php\\\/aktualnosci-swietlica-szkolna\\\/#breadcrumb\",\"itemListElement\":[{\"@type\":\"ListItem\",\"position\":1,\"name\":\"Strona g\u0142\u00f3wna\",\"item\":\"https:\\\/\\\/szkola.garbow.pl\\\/\"},{\"@type\":\"ListItem\",\"position\":2,\"name\":\"Aktualno\u015bci &#8211; \u015bwietlica szkolna\"}]},{\"@type\":\"WebSite\",\"@id\":\"https:\\\/\\\/szkola.garbow.pl\\\/#website\",\"url\":\"https:\\\/\\\/szkola.garbow.pl\\\/\",\"name\":\"Szko\u0142a Podstawowa im. Marii Konopnickiej w Garbowie\",\"description\":\"Szko\u0142a Podstawowa im. Marii Konopnickiej w Garbowie\",\"publisher\":{\"@id\":\"https:\\\/\\\/szkola.garbow.pl\\\/#organization\"},\"potentialAction\":[{\"@type\":\"SearchAction\",\"target\":{\"@type\":\"EntryPoint\",\"urlTemplate\":\"https:\\\/\\\/szkola.garbow.pl\\\/?s={search_term_string}\"},\"query-input\":{\"@type\":\"PropertyValueSpecification\",\"valueRequired\":true,\"valueName\":\"search_term_string\"}}],\"inLanguage\":\"pl-PL\"},{\"@type\":\"Organization\",\"@id\":\"https:\\\/\\\/szkola.garbow.pl\\\/#organization\",\"name\":\"Szko\u0142a Podstawowa im. Marii Konopnickiej w Garbowie\",\"url\":\"https:\\\/\\\/szkola.garbow.pl\\\/\",\"logo\":{\"@type\":\"ImageObject\",\"inLanguage\":\"pl-PL\",\"@id\":\"https:\\\/\\\/szkola.garbow.pl\\\/#\\\/schema\\\/logo\\\/image\\\/\",\"url\":\"https:\\\/\\\/szkola.garbow.pl\\\/wp-content\\\/uploads\\\/2020\\\/09\\\/szkola_podstawowa_garbow-1-1.png\",\"contentUrl\":\"https:\\\/\\\/szkola.garbow.pl\\\/wp-content\\\/uploads\\\/2020\\\/09\\\/szkola_podstawowa_garbow-1-1.png\",\"width\":500,\"height\":136,\"caption\":\"Szko\u0142a Podstawowa im. Marii Konopnickiej w Garbowie\"},\"image\":{\"@id\":\"https:\\\/\\\/szkola.garbow.pl\\\/#\\\/schema\\\/logo\\\/image\\\/\"}}]}<\/script>\n<!-- \/ Yoast SEO plugin. -->","yoast_head_json":{"title":"Aktualno\u015bci - \u015bwietlica szkolna - Szko\u0142a Podstawowa im. Marii Konopnickiej w Garbowie","robots":{"index":"index","follow":"follow","max-snippet":"max-snippet:-1","max-image-preview":"max-image-preview:large","max-video-preview":"max-video-preview:-1"},"canonical":"https:\/\/szkola.garbow.pl\/index.php\/aktualnosci-swietlica-szkolna\/","og_locale":"pl_PL","og_type":"article","og_title":"Aktualno\u015bci - \u015bwietlica szkolna - Szko\u0142a Podstawowa im. Marii Konopnickiej w Garbowie","og_description":"\u015aWIETLICA SZKOLNA Prapremiera spektaklu \u201eLublin i jego legendy\u201d 22 maja 2016 Uczniowie klas drugich Szko\u0142y Podstawowej, korzystaj\u0105cy z opieki \u015bwietlicowej, w roku szkolnym 2015\/2016 mieli mo\u017cliwo\u015b\u0107 wzi\u0119cia&#8230; Wi\u0119cej&#8230; \u015awietlica w roku szkolnym 2015\/16 30 czerwca 2015 Drodzy Rodzice! W trosce o dobro Pa\u0144stwa dzieci chcieliby\u015bmy dostosowa\u0107 plan pracy \u015bwietlicy do &hellip;","og_url":"https:\/\/szkola.garbow.pl\/index.php\/aktualnosci-swietlica-szkolna\/","og_site_name":"Szko\u0142a Podstawowa im. Marii Konopnickiej w Garbowie","article_modified_time":"2020-10-22T17:05:06+00:00","og_image":[{"url":"http:\/\/garbow.home.pl\/spgarbow\/wp-content\/uploads\/2020\/09\/szkola_podstawowa_garbow-23-150x150.jpg","type":"","width":"","height":""}],"twitter_card":"summary_large_image","schema":{"@context":"https:\/\/schema.org","@graph":[{"@type":"WebPage","@id":"https:\/\/szkola.garbow.pl\/index.php\/aktualnosci-swietlica-szkolna\/","url":"https:\/\/szkola.garbow.pl\/index.php\/aktualnosci-swietlica-szkolna\/","name":"Aktualno\u015bci - \u015bwietlica szkolna - Szko\u0142a Podstawowa im. Marii Konopnickiej w Garbowie","isPartOf":{"@id":"https:\/\/szkola.garbow.pl\/#website"},"primaryImageOfPage":{"@id":"https:\/\/szkola.garbow.pl\/index.php\/aktualnosci-swietlica-szkolna\/#primaryimage"},"image":{"@id":"https:\/\/szkola.garbow.pl\/index.php\/aktualnosci-swietlica-szkolna\/#primaryimage"},"thumbnailUrl":"http:\/\/garbow.home.pl\/spgarbow\/wp-content\/uploads\/2020\/09\/szkola_podstawowa_garbow-23-150x150.jpg","datePublished":"2020-09-22T11:00:46+00:00","dateModified":"2020-10-22T17:05:06+00:00","breadcrumb":{"@id":"https:\/\/szkola.garbow.pl\/index.php\/aktualnosci-swietlica-szkolna\/#breadcrumb"},"inLanguage":"pl-PL","potentialAction":[{"@type":"ReadAction","target":["https:\/\/szkola.garbow.pl\/index.php\/aktualnosci-swietlica-szkolna\/"]}]},{"@type":"ImageObject","inLanguage":"pl-PL","@id":"https:\/\/szkola.garbow.pl\/index.php\/aktualnosci-swietlica-szkolna\/#primaryimage","url":"http:\/\/garbow.home.pl\/spgarbow\/wp-content\/uploads\/2020\/09\/szkola_podstawowa_garbow-23-150x150.jpg","contentUrl":"http:\/\/garbow.home.pl\/spgarbow\/wp-content\/uploads\/2020\/09\/szkola_podstawowa_garbow-23-150x150.jpg"},{"@type":"BreadcrumbList","@id":"https:\/\/szkola.garbow.pl\/index.php\/aktualnosci-swietlica-szkolna\/#breadcrumb","itemListElement":[{"@type":"ListItem","position":1,"name":"Strona g\u0142\u00f3wna","item":"https:\/\/szkola.garbow.pl\/"},{"@type":"ListItem","position":2,"name":"Aktualno\u015bci &#8211; \u015bwietlica szkolna"}]},{"@type":"WebSite","@id":"https:\/\/szkola.garbow.pl\/#website","url":"https:\/\/szkola.garbow.pl\/","name":"Szko\u0142a Podstawowa im. Marii Konopnickiej w Garbowie","description":"Szko\u0142a Podstawowa im. Marii Konopnickiej w Garbowie","publisher":{"@id":"https:\/\/szkola.garbow.pl\/#organization"},"potentialAction":[{"@type":"SearchAction","target":{"@type":"EntryPoint","urlTemplate":"https:\/\/szkola.garbow.pl\/?s={search_term_string}"},"query-input":{"@type":"PropertyValueSpecification","valueRequired":true,"valueName":"search_term_string"}}],"inLanguage":"pl-PL"},{"@type":"Organization","@id":"https:\/\/szkola.garbow.pl\/#organization","name":"Szko\u0142a Podstawowa im. Marii Konopnickiej w Garbowie","url":"https:\/\/szkola.garbow.pl\/","logo":{"@type":"ImageObject","inLanguage":"pl-PL","@id":"https:\/\/szkola.garbow.pl\/#\/schema\/logo\/image\/","url":"https:\/\/szkola.garbow.pl\/wp-content\/uploads\/2020\/09\/szkola_podstawowa_garbow-1-1.png","contentUrl":"https:\/\/szkola.garbow.pl\/wp-content\/uploads\/2020\/09\/szkola_podstawowa_garbow-1-1.png","width":500,"height":136,"caption":"Szko\u0142a Podstawowa im. Marii Konopnickiej w Garbowie"},"image":{"@id":"https:\/\/szkola.garbow.pl\/#\/schema\/logo\/image\/"}}]}},"_links":{"self":[{"href":"https:\/\/szkola.garbow.pl\/index.php\/wp-json\/wp\/v2\/pages\/132","targetHints":{"allow":["GET"]}}],"collection":[{"href":"https:\/\/szkola.garbow.pl\/index.php\/wp-json\/wp\/v2\/pages"}],"about":[{"href":"https:\/\/szkola.garbow.pl\/index.php\/wp-json\/wp\/v2\/types\/page"}],"author":[{"embeddable":true,"href":"https:\/\/szkola.garbow.pl\/index.php\/wp-json\/wp\/v2\/users\/2"}],"replies":[{"embeddable":true,"href":"https:\/\/szkola.garbow.pl\/index.php\/wp-json\/wp\/v2\/comments?post=132"}],"version-history":[{"count":5,"href":"https:\/\/szkola.garbow.pl\/index.php\/wp-json\/wp\/v2\/pages\/132\/revisions"}],"predecessor-version":[{"id":3670,"href":"https:\/\/szkola.garbow.pl\/index.php\/wp-json\/wp\/v2\/pages\/132\/revisions\/3670"}],"wp:attachment":[{"href":"https:\/\/szkola.garbow.pl\/index.php\/wp-json\/wp\/v2\/media?parent=132"}],"curies":[{"name":"wp","href":"https:\/\/api.w.org\/{rel}","templated":true}]}}