{"id":122,"date":"2020-09-22T12:58:16","date_gmt":"2020-09-22T10:58:16","guid":{"rendered":"http:\/\/serwer1690480.home.pl\/garbow\/?page_id=122"},"modified":"2020-10-22T19:11:39","modified_gmt":"2020-10-22T17:11:39","slug":"szkolny-klub-wolontariusza","status":"publish","type":"page","link":"https:\/\/szkola.garbow.pl\/index.php\/szkolny-klub-wolontariusza\/","title":{"rendered":"Szkolny Klub Wolontariusza"},"content":{"rendered":"\t\t<div data-elementor-type=\"wp-page\" data-elementor-id=\"122\" class=\"elementor elementor-122\">\n\t\t\t\t\t\t<section class=\"elementor-section elementor-top-section elementor-element elementor-element-31807433 elementor-section-content-middle elementor-section-boxed elementor-section-height-default elementor-section-height-default\" data-id=\"31807433\" data-element_type=\"section\" data-e-type=\"section\">\n\t\t\t\t\t\t<div class=\"elementor-container elementor-column-gap-no\">\n\t\t\t\t\t<div class=\"elementor-column elementor-col-50 elementor-top-column elementor-element elementor-element-4b170f43\" data-id=\"4b170f43\" data-element_type=\"column\" data-e-type=\"column\">\n\t\t\t<div class=\"elementor-widget-wrap elementor-element-populated\">\n\t\t\t\t\t\t<div class=\"elementor-element elementor-element-2d0862b1 elementor-widget-divider--view-line elementor-widget elementor-widget-divider\" data-id=\"2d0862b1\" data-element_type=\"widget\" data-e-type=\"widget\" data-widget_type=\"divider.default\">\n\t\t\t\t<div class=\"elementor-widget-container\">\n\t\t\t\t\t\t\t<div class=\"elementor-divider\">\n\t\t\t<span class=\"elementor-divider-separator\">\n\t\t\t\t\t\t<\/span>\n\t\t<\/div>\n\t\t\t\t\t\t<\/div>\n\t\t\t\t<\/div>\n\t\t\t\t<div class=\"elementor-element elementor-element-32434dd8 elementor-widget elementor-widget-heading\" data-id=\"32434dd8\" data-element_type=\"widget\" data-e-type=\"widget\" data-widget_type=\"heading.default\">\n\t\t\t\t<div class=\"elementor-widget-container\">\n\t\t\t\t\t<h4 class=\"elementor-heading-title elementor-size-default\">SZKOLNY KLUB WOLONTARIUSZA<\/h4>\t\t\t\t<\/div>\n\t\t\t\t<\/div>\n\t\t\t\t\t<\/div>\n\t\t<\/div>\n\t\t\t\t<div class=\"elementor-column elementor-col-50 elementor-top-column elementor-element elementor-element-4012fc1d\" data-id=\"4012fc1d\" data-element_type=\"column\" data-e-type=\"column\">\n\t\t\t<div class=\"elementor-widget-wrap elementor-element-populated\">\n\t\t\t\t\t\t<div class=\"elementor-element elementor-element-3e25a210 elementor-widget elementor-widget-text-editor\" data-id=\"3e25a210\" data-element_type=\"widget\" data-e-type=\"widget\" data-widget_type=\"text-editor.default\">\n\t\t\t\t<div class=\"elementor-widget-container\">\n\t\t\t\t\t\t\t\t\t<p>Szkolny Klub Wolontariusza Od pa\u017adziernika 2011 r. w Zespole Szk\u00f3\u0142 w Garbowie I rozpocz\u0105\u0142 dzia\u0142alno\u015b\u0107 Szkolny Klub Wolontariusza. Klub dzia\u0142a we wsp\u00f3\u0142pracy z Lubelskim Centrum Wolontariatu. Na Lubelszczy\u017anie funkcjonuje ponad 60 Klub\u00f3w, kt\u00f3re zrzeszaj\u0105 blisko 1000 ochotnik\u00f3w.<br \/>W naszym w r.szk. 2012\/2013 zarejestrowanych zosta\u0142o 26 wolontariuszy.<\/p><p>G\u0142\u00f3wne cele to:<\/p><ul><li>rozwijanie w\u015br\u00f3d uczni\u00f3w postaw otwarto\u015bci i wra\u017cliwo\u015bci na potrzeby szkolnego i lokalnego \u015brodowiska,<\/li><li>zapoznawanie z ide\u0105 wolontariatu,<\/li><li>umo\u017cliwianie m\u0142odym podejmowania dzia\u0142a\u0144 na rzecz potrzebuj\u0105cych pomocy,<\/li><li>wspieranie ciekawych inicjatyw m\u0142odzie\u017cowych,<\/li><li>pomoc szkolnym r\u00f3wie\u015bnikom w trudnych sytuacjach,<\/li><li>rozwijanie pasji i zainteresowa\u0144 m\u0142odzie\u017cy.<\/li><\/ul>\t\t\t\t\t\t\t\t<\/div>\n\t\t\t\t<\/div>\n\t\t\t\t\t<\/div>\n\t\t<\/div>\n\t\t\t\t\t<\/div>\n\t\t<\/section>\n\t\t\t\t<section class=\"elementor-section elementor-top-section elementor-element elementor-element-2d0eaf41 elementor-section-content-middle elementor-reverse-mobile elementor-section-boxed elementor-section-height-default elementor-section-height-default\" data-id=\"2d0eaf41\" data-element_type=\"section\" data-e-type=\"section\">\n\t\t\t\t\t\t<div class=\"elementor-container elementor-column-gap-no\">\n\t\t\t\t\t<div class=\"elementor-column elementor-col-100 elementor-top-column elementor-element elementor-element-690c629d\" data-id=\"690c629d\" data-element_type=\"column\" data-e-type=\"column\">\n\t\t\t<div class=\"elementor-widget-wrap elementor-element-populated\">\n\t\t\t\t\t\t<div class=\"elementor-element elementor-element-64dc7a28 elementor-widget elementor-widget-text-editor\" data-id=\"64dc7a28\" data-element_type=\"widget\" data-e-type=\"widget\" data-widget_type=\"text-editor.default\">\n\t\t\t\t<div class=\"elementor-widget-container\">\n\t\t\t\t\t\t\t\t\t<p>Dzia\u0142alno\u015b\u0107 Garbowskiego Klubu Wolontariusza obejmuje \u015brodowisko szkolne i pozaszkolne. Dotychczas podj\u0119li\u015bmy nast\u0119puj\u0105ce inicjatywy:<\/p><ul><li>\u201ePoczytaj mi przyjacielu\u201d- jest to akcja rekomendowana przez Centrum Edukacji Obywatelskiej. W jej ramach ch\u0119tni uczniowie\/ wolontariusze czytaj\u0105 ksi\u0105\u017cki dzieciom w Klub\u00f3w Przedszkolaka (Bogucin, Wola Przybys\u0142awska, \u0141ug\u00f3w) oraz w Oddziale Przedszkolnym w ZS w Garbowie.<\/li><li>\u201eZr\u00f3bmy to razem\u201d- jest to akcja polegaj\u0105ca na organizowaniu dzieciom czasu wolnego. Wolontariusze pomagaj\u0105 m\u0142odszym kolegom w nauce, w wykonywaniu prac plastycznych, bawi\u0105 si\u0119 z dzie\u0107mi, czy zwyczajnie rozmawiaj\u0105 z nimi.<\/li><li>\u201eBiblioteka na nas czeka\u201d- wolontariusze pomagali przy porz\u0105dkowaniu zbior\u00f3w bibliotecznych w filii biblioteki w Bogucinie.<\/li><li>\u201eOcali\u0107 od zapomnienia\u201d- pomoc w tworzeniu izby pami\u0119ci w filii biblioteki w Bogucinie.<\/li><li>\u201eDzie\u0144 dziecka w ka\u017cdy weekend\u201d- wolontariusze organizowali w soboty spotkania dla dzieci ze Szk\u00f3\u0142 Podstawowych z terenu naszej gminy, podczas kt\u00f3rych przygotowywali dla nich zaj\u0119cia plastyczne, sportowe, taneczne, eksperymenty i do\u015bwiadczenia oraz wiele gier, zabaw i konkurs\u00f3w.<\/li><li>Festyn Gminny- SKW w\u0142\u0105czy\u0142 si\u0119 w organizacj\u0119 festynu poprzez przygotowanie wielu atrakcji dla dzieci. Wolontariusze przygotowali m.in. stanowisko naukowe, kosmetyczne, fotograficzne, plastyczne, r\u0119kodzie\u0142a artystycznego, sportowe, gier i zabaw dla najm\u0142odszych oraz paleontologiczne.<\/li><\/ul><p>Przyst\u0105pili\u015bmy te\u017c do kilku akcji charytatywnych:<\/p><ul><li>\u201eKsi\u0105\u017cka za u\u015bmiech\u201d- akcja polega\u0142a na zbieraniu ksi\u0105\u017cek dla dzieci (bajek, ba\u015bni, legend, wierszyk\u00f3w itp.). Zosta\u0142a z nich utworzona biblioteka dla najm\u0142odszych w o\u015brodku dla uchod\u017ac\u00f3w w Bia\u0142ej Podlaskiej. Organizatorzy maj\u0105 nadziej\u0119, \u017ce efekty akcji pomog\u0105 dzieciom odnale\u017a\u0107 si\u0119 w nowym i nieznanym miejscu oraz wywo\u0142aj\u0105 u\u015bmiech na ich twarzach.<\/li><li>\u201eG\u00f3ra Grosza\u201d- Jej celem jest zebranie funduszy na pomoc dzieciom wychowuj\u0105cym si\u0119 poza w\u0142asn\u0105 rodzin\u0105.<\/li><li>\u201eSzko\u0142o Pom\u00f3\u017c i Ty\u201d- Jej organizatorem jest Fundacja na Rzecz Os\u00f3b Niewidomych i Niepe\u0142nosprawnych Pom\u00f3\u017c I Ty. Tegoroczna akcja stawia za cel pomoc 5- letniemu ch\u0142opcu, kt\u00f3ry urodzi\u0142 si\u0119 z niedorozwojem ko\u015bci udowej. Zbi\u00f3rka pieni\u0119dzy odbywa si\u0119 poprzez nabycie cegie\u0142ek w postaci pomocy naukowych.<\/li><li>\u201eNakr\u0119tki dla Adrianka\u201d- Adrian Depta z Pu\u0142aw urodzi\u0142 si\u0119 bez prawej d\u0142oni. Adrian ma szans\u0119 \u017cy\u0107 normalnie. Potrzebuje jednak protezy. Jej koszt to oko\u0142o 15 tys. z\u0142. Jego rodzic\u00f3w nie sta\u0107 na taki wydatek. W ramach akcji mo\u017cna przynosi\u0107 plastikowe nakr\u0119tki. Mog\u0105 to by\u0107 korki od butelek po napojach, od mleka, szampon\u00f3w, dezodorant\u00f3w, wszystkie plastikowe zakr\u0119tki, jakie tylko istniej\u0105.<\/li><li>\u201ePom\u00f3\u017c Dzieciom Przetrwa\u0107 Zim\u0119\u201d- Jest to akcja og\u00f3lnopolska prowadzona przed \u015bwi\u0119tami Bo\u017cego Narodzenia z my\u015bl\u0105 o Dzieciach z rodzin wielodzietnych, niepe\u0142nych, rozbitych, b\u0119d\u0105cych w trudnej sytuacji materialnej oraz podopiecznych dom\u00f3w dziecka. W ramach akcji mo\u017cna przynosi\u0107 odzie\u017c, obuwie, zabawki, ksi\u0105\u017cki, artyku\u0142y szkolne i papiernicze, \u015brodki czysto\u015bci i higieny osobistej, s\u0142odycze, \u017cywno\u015b\u0107 d\u0142ugoterminow\u0105, ziemiop\u0142ody.<\/li><\/ul>\t\t\t\t\t\t\t\t<\/div>\n\t\t\t\t<\/div>\n\t\t\t\t\t<\/div>\n\t\t<\/div>\n\t\t\t\t\t<\/div>\n\t\t<\/section>\n\t\t\t\t<section class=\"elementor-section elementor-top-section elementor-element elementor-element-7e775c1 elementor-section-content-middle elementor-reverse-mobile elementor-section-boxed elementor-section-height-default elementor-section-height-default\" data-id=\"7e775c1\" data-element_type=\"section\" data-e-type=\"section\">\n\t\t\t\t\t\t<div class=\"elementor-container elementor-column-gap-no\">\n\t\t\t\t\t<div class=\"elementor-column elementor-col-50 elementor-top-column elementor-element elementor-element-3c6eaa8\" data-id=\"3c6eaa8\" data-element_type=\"column\" data-e-type=\"column\">\n\t\t\t<div class=\"elementor-widget-wrap elementor-element-populated\">\n\t\t\t\t\t\t<div class=\"elementor-element elementor-element-e715ef4 elementor-widget elementor-widget-text-editor\" data-id=\"e715ef4\" data-element_type=\"widget\" data-e-type=\"widget\" data-widget_type=\"text-editor.default\">\n\t\t\t\t<div class=\"elementor-widget-container\">\n\t\t\t\t\t\t\t\t\t<p>Nasi wolontariusze wzi\u0119li r\u00f3wnie\u017c udzia\u0142 w kwe\u015bcie na rzecz ratowania zabytkowych nagrobk\u00f3w oraz w porz\u0105dkowaniu starego cmentarza.<\/p><p>Dodatkowo w r.szk. 2012\/2013 wolontariusze pomagaj\u0105 dzieciom ze \u015bwietlicy \u015brodowiskowej \u201eLaboratorium talent\u00f3w\u201d oraz podczas odbywaj\u0105cych si\u0119 raz w miesi\u0105cu w soboty, spotka\u0144 z cyklu \u201eSobotnie eksperymentowanie\u201d.<\/p><p>W listopadzie przygotowali wr\u00f3\u017cby z okazji andrzejek, a w styczniu w\u0142\u0105czyli si\u0119 w organizacj\u0119 choinki dla dzieci z klas \u201e0\u201d- III oraz dzieci pracownik\u00f3w szko\u0142y.<\/p>\t\t\t\t\t\t\t\t<\/div>\n\t\t\t\t<\/div>\n\t\t\t\t\t<\/div>\n\t\t<\/div>\n\t\t\t\t<div class=\"elementor-column elementor-col-50 elementor-top-column elementor-element elementor-element-fb20584\" data-id=\"fb20584\" data-element_type=\"column\" data-e-type=\"column\">\n\t\t\t<div class=\"elementor-widget-wrap elementor-element-populated\">\n\t\t\t\t\t\t<div class=\"elementor-element elementor-element-b42bb15 elementor-widget elementor-widget-image\" data-id=\"b42bb15\" data-element_type=\"widget\" data-e-type=\"widget\" data-widget_type=\"image.default\">\n\t\t\t\t<div class=\"elementor-widget-container\">\n\t\t\t\t\t\t\t\t\t\t\t\t\t\t\t<img fetchpriority=\"high\" decoding=\"async\" width=\"500\" height=\"210\" src=\"https:\/\/szkola.garbow.pl\/wp-content\/uploads\/2020\/09\/szkola_podstawowa_garbow-1-scaled-e1600961081492.jpg\" class=\"elementor-animation-grow attachment-full size-full wp-image-285\" alt=\"\" \/>\t\t\t\t\t\t\t\t\t\t\t\t\t\t\t<\/div>\n\t\t\t\t<\/div>\n\t\t\t\t\t<\/div>\n\t\t<\/div>\n\t\t\t\t\t<\/div>\n\t\t<\/section>\n\t\t\t\t<\/div>\n\t\t","protected":false},"excerpt":{"rendered":"<p>SZKOLNY KLUB WOLONTARIUSZA Szkolny Klub Wolontariusza Od pa\u017adziernika 2011 r. w Zespole Szk\u00f3\u0142 w Garbowie I rozpocz\u0105\u0142 dzia\u0142alno\u015b\u0107 Szkolny Klub Wolontariusza. Klub dzia\u0142a we wsp\u00f3\u0142pracy z Lubelskim Centrum Wolontariatu. Na Lubelszczy\u017anie funkcjonuje ponad 60 Klub\u00f3w, kt\u00f3re zrzeszaj\u0105 blisko 1000 ochotnik\u00f3w.W naszym w r.szk. 2012\/2013 zarejestrowanych zosta\u0142o 26 wolontariuszy. G\u0142\u00f3wne cele &hellip;<\/p>\n","protected":false},"author":2,"featured_media":0,"parent":0,"menu_order":0,"comment_status":"closed","ping_status":"closed","template":"","meta":{"footnotes":""},"class_list":["post-122","page","type-page","status-publish","hentry"],"yoast_head":"<!-- This site is optimized with the Yoast SEO plugin v27.4 - https:\/\/yoast.com\/product\/yoast-seo-wordpress\/ -->\n<title>Szkolny Klub Wolontariusza - Szko\u0142a Podstawowa im. Marii Konopnickiej w Garbowie<\/title>\n<meta name=\"robots\" content=\"index, follow, max-snippet:-1, max-image-preview:large, max-video-preview:-1\" \/>\n<link rel=\"canonical\" href=\"https:\/\/szkola.garbow.pl\/index.php\/szkolny-klub-wolontariusza\/\" \/>\n<meta property=\"og:locale\" content=\"pl_PL\" \/>\n<meta property=\"og:type\" content=\"article\" \/>\n<meta property=\"og:title\" content=\"Szkolny Klub Wolontariusza - Szko\u0142a Podstawowa im. Marii Konopnickiej w Garbowie\" \/>\n<meta property=\"og:description\" content=\"SZKOLNY KLUB WOLONTARIUSZA Szkolny Klub Wolontariusza Od pa\u017adziernika 2011 r. w Zespole Szk\u00f3\u0142 w Garbowie I rozpocz\u0105\u0142 dzia\u0142alno\u015b\u0107 Szkolny Klub Wolontariusza. Klub dzia\u0142a we wsp\u00f3\u0142pracy z Lubelskim Centrum Wolontariatu. Na Lubelszczy\u017anie funkcjonuje ponad 60 Klub\u00f3w, kt\u00f3re zrzeszaj\u0105 blisko 1000 ochotnik\u00f3w.W naszym w r.szk. 2012\/2013 zarejestrowanych zosta\u0142o 26 wolontariuszy. G\u0142\u00f3wne cele &hellip;\" \/>\n<meta property=\"og:url\" content=\"https:\/\/szkola.garbow.pl\/index.php\/szkolny-klub-wolontariusza\/\" \/>\n<meta property=\"og:site_name\" content=\"Szko\u0142a Podstawowa im. Marii Konopnickiej w Garbowie\" \/>\n<meta property=\"article:modified_time\" content=\"2020-10-22T17:11:39+00:00\" \/>\n<meta property=\"og:image\" content=\"http:\/\/garbow.home.pl\/spgarbow\/wp-content\/uploads\/2020\/09\/szkola_podstawowa_garbow-1-scaled-e1600961081492.jpg\" \/>\n<meta name=\"twitter:card\" content=\"summary_large_image\" \/>\n<meta name=\"twitter:label1\" content=\"Szacowany czas czytania\" \/>\n\t<meta name=\"twitter:data1\" content=\"3 minuty\" \/>\n<script type=\"application\/ld+json\" class=\"yoast-schema-graph\">{\"@context\":\"https:\\\/\\\/schema.org\",\"@graph\":[{\"@type\":\"WebPage\",\"@id\":\"https:\\\/\\\/szkola.garbow.pl\\\/index.php\\\/szkolny-klub-wolontariusza\\\/\",\"url\":\"https:\\\/\\\/szkola.garbow.pl\\\/index.php\\\/szkolny-klub-wolontariusza\\\/\",\"name\":\"Szkolny Klub Wolontariusza - Szko\u0142a Podstawowa im. Marii Konopnickiej w Garbowie\",\"isPartOf\":{\"@id\":\"https:\\\/\\\/szkola.garbow.pl\\\/#website\"},\"primaryImageOfPage\":{\"@id\":\"https:\\\/\\\/szkola.garbow.pl\\\/index.php\\\/szkolny-klub-wolontariusza\\\/#primaryimage\"},\"image\":{\"@id\":\"https:\\\/\\\/szkola.garbow.pl\\\/index.php\\\/szkolny-klub-wolontariusza\\\/#primaryimage\"},\"thumbnailUrl\":\"http:\\\/\\\/garbow.home.pl\\\/spgarbow\\\/wp-content\\\/uploads\\\/2020\\\/09\\\/szkola_podstawowa_garbow-1-scaled-e1600961081492.jpg\",\"datePublished\":\"2020-09-22T10:58:16+00:00\",\"dateModified\":\"2020-10-22T17:11:39+00:00\",\"breadcrumb\":{\"@id\":\"https:\\\/\\\/szkola.garbow.pl\\\/index.php\\\/szkolny-klub-wolontariusza\\\/#breadcrumb\"},\"inLanguage\":\"pl-PL\",\"potentialAction\":[{\"@type\":\"ReadAction\",\"target\":[\"https:\\\/\\\/szkola.garbow.pl\\\/index.php\\\/szkolny-klub-wolontariusza\\\/\"]}]},{\"@type\":\"ImageObject\",\"inLanguage\":\"pl-PL\",\"@id\":\"https:\\\/\\\/szkola.garbow.pl\\\/index.php\\\/szkolny-klub-wolontariusza\\\/#primaryimage\",\"url\":\"http:\\\/\\\/garbow.home.pl\\\/spgarbow\\\/wp-content\\\/uploads\\\/2020\\\/09\\\/szkola_podstawowa_garbow-1-scaled-e1600961081492.jpg\",\"contentUrl\":\"http:\\\/\\\/garbow.home.pl\\\/spgarbow\\\/wp-content\\\/uploads\\\/2020\\\/09\\\/szkola_podstawowa_garbow-1-scaled-e1600961081492.jpg\"},{\"@type\":\"BreadcrumbList\",\"@id\":\"https:\\\/\\\/szkola.garbow.pl\\\/index.php\\\/szkolny-klub-wolontariusza\\\/#breadcrumb\",\"itemListElement\":[{\"@type\":\"ListItem\",\"position\":1,\"name\":\"Strona g\u0142\u00f3wna\",\"item\":\"https:\\\/\\\/szkola.garbow.pl\\\/\"},{\"@type\":\"ListItem\",\"position\":2,\"name\":\"Szkolny Klub Wolontariusza\"}]},{\"@type\":\"WebSite\",\"@id\":\"https:\\\/\\\/szkola.garbow.pl\\\/#website\",\"url\":\"https:\\\/\\\/szkola.garbow.pl\\\/\",\"name\":\"Szko\u0142a Podstawowa im. Marii Konopnickiej w Garbowie\",\"description\":\"Szko\u0142a Podstawowa im. Marii Konopnickiej w Garbowie\",\"publisher\":{\"@id\":\"https:\\\/\\\/szkola.garbow.pl\\\/#organization\"},\"potentialAction\":[{\"@type\":\"SearchAction\",\"target\":{\"@type\":\"EntryPoint\",\"urlTemplate\":\"https:\\\/\\\/szkola.garbow.pl\\\/?s={search_term_string}\"},\"query-input\":{\"@type\":\"PropertyValueSpecification\",\"valueRequired\":true,\"valueName\":\"search_term_string\"}}],\"inLanguage\":\"pl-PL\"},{\"@type\":\"Organization\",\"@id\":\"https:\\\/\\\/szkola.garbow.pl\\\/#organization\",\"name\":\"Szko\u0142a Podstawowa im. Marii Konopnickiej w Garbowie\",\"url\":\"https:\\\/\\\/szkola.garbow.pl\\\/\",\"logo\":{\"@type\":\"ImageObject\",\"inLanguage\":\"pl-PL\",\"@id\":\"https:\\\/\\\/szkola.garbow.pl\\\/#\\\/schema\\\/logo\\\/image\\\/\",\"url\":\"https:\\\/\\\/szkola.garbow.pl\\\/wp-content\\\/uploads\\\/2020\\\/09\\\/szkola_podstawowa_garbow-1-1.png\",\"contentUrl\":\"https:\\\/\\\/szkola.garbow.pl\\\/wp-content\\\/uploads\\\/2020\\\/09\\\/szkola_podstawowa_garbow-1-1.png\",\"width\":500,\"height\":136,\"caption\":\"Szko\u0142a Podstawowa im. Marii Konopnickiej w Garbowie\"},\"image\":{\"@id\":\"https:\\\/\\\/szkola.garbow.pl\\\/#\\\/schema\\\/logo\\\/image\\\/\"}}]}<\/script>\n<!-- \/ Yoast SEO plugin. -->","yoast_head_json":{"title":"Szkolny Klub Wolontariusza - Szko\u0142a Podstawowa im. Marii Konopnickiej w Garbowie","robots":{"index":"index","follow":"follow","max-snippet":"max-snippet:-1","max-image-preview":"max-image-preview:large","max-video-preview":"max-video-preview:-1"},"canonical":"https:\/\/szkola.garbow.pl\/index.php\/szkolny-klub-wolontariusza\/","og_locale":"pl_PL","og_type":"article","og_title":"Szkolny Klub Wolontariusza - Szko\u0142a Podstawowa im. Marii Konopnickiej w Garbowie","og_description":"SZKOLNY KLUB WOLONTARIUSZA Szkolny Klub Wolontariusza Od pa\u017adziernika 2011 r. w Zespole Szk\u00f3\u0142 w Garbowie I rozpocz\u0105\u0142 dzia\u0142alno\u015b\u0107 Szkolny Klub Wolontariusza. Klub dzia\u0142a we wsp\u00f3\u0142pracy z Lubelskim Centrum Wolontariatu. Na Lubelszczy\u017anie funkcjonuje ponad 60 Klub\u00f3w, kt\u00f3re zrzeszaj\u0105 blisko 1000 ochotnik\u00f3w.W naszym w r.szk. 2012\/2013 zarejestrowanych zosta\u0142o 26 wolontariuszy. G\u0142\u00f3wne cele &hellip;","og_url":"https:\/\/szkola.garbow.pl\/index.php\/szkolny-klub-wolontariusza\/","og_site_name":"Szko\u0142a Podstawowa im. Marii Konopnickiej w Garbowie","article_modified_time":"2020-10-22T17:11:39+00:00","og_image":[{"url":"http:\/\/garbow.home.pl\/spgarbow\/wp-content\/uploads\/2020\/09\/szkola_podstawowa_garbow-1-scaled-e1600961081492.jpg","type":"","width":"","height":""}],"twitter_card":"summary_large_image","twitter_misc":{"Szacowany czas czytania":"3 minuty"},"schema":{"@context":"https:\/\/schema.org","@graph":[{"@type":"WebPage","@id":"https:\/\/szkola.garbow.pl\/index.php\/szkolny-klub-wolontariusza\/","url":"https:\/\/szkola.garbow.pl\/index.php\/szkolny-klub-wolontariusza\/","name":"Szkolny Klub Wolontariusza - Szko\u0142a Podstawowa im. Marii Konopnickiej w Garbowie","isPartOf":{"@id":"https:\/\/szkola.garbow.pl\/#website"},"primaryImageOfPage":{"@id":"https:\/\/szkola.garbow.pl\/index.php\/szkolny-klub-wolontariusza\/#primaryimage"},"image":{"@id":"https:\/\/szkola.garbow.pl\/index.php\/szkolny-klub-wolontariusza\/#primaryimage"},"thumbnailUrl":"http:\/\/garbow.home.pl\/spgarbow\/wp-content\/uploads\/2020\/09\/szkola_podstawowa_garbow-1-scaled-e1600961081492.jpg","datePublished":"2020-09-22T10:58:16+00:00","dateModified":"2020-10-22T17:11:39+00:00","breadcrumb":{"@id":"https:\/\/szkola.garbow.pl\/index.php\/szkolny-klub-wolontariusza\/#breadcrumb"},"inLanguage":"pl-PL","potentialAction":[{"@type":"ReadAction","target":["https:\/\/szkola.garbow.pl\/index.php\/szkolny-klub-wolontariusza\/"]}]},{"@type":"ImageObject","inLanguage":"pl-PL","@id":"https:\/\/szkola.garbow.pl\/index.php\/szkolny-klub-wolontariusza\/#primaryimage","url":"http:\/\/garbow.home.pl\/spgarbow\/wp-content\/uploads\/2020\/09\/szkola_podstawowa_garbow-1-scaled-e1600961081492.jpg","contentUrl":"http:\/\/garbow.home.pl\/spgarbow\/wp-content\/uploads\/2020\/09\/szkola_podstawowa_garbow-1-scaled-e1600961081492.jpg"},{"@type":"BreadcrumbList","@id":"https:\/\/szkola.garbow.pl\/index.php\/szkolny-klub-wolontariusza\/#breadcrumb","itemListElement":[{"@type":"ListItem","position":1,"name":"Strona g\u0142\u00f3wna","item":"https:\/\/szkola.garbow.pl\/"},{"@type":"ListItem","position":2,"name":"Szkolny Klub Wolontariusza"}]},{"@type":"WebSite","@id":"https:\/\/szkola.garbow.pl\/#website","url":"https:\/\/szkola.garbow.pl\/","name":"Szko\u0142a Podstawowa im. Marii Konopnickiej w Garbowie","description":"Szko\u0142a Podstawowa im. Marii Konopnickiej w Garbowie","publisher":{"@id":"https:\/\/szkola.garbow.pl\/#organization"},"potentialAction":[{"@type":"SearchAction","target":{"@type":"EntryPoint","urlTemplate":"https:\/\/szkola.garbow.pl\/?s={search_term_string}"},"query-input":{"@type":"PropertyValueSpecification","valueRequired":true,"valueName":"search_term_string"}}],"inLanguage":"pl-PL"},{"@type":"Organization","@id":"https:\/\/szkola.garbow.pl\/#organization","name":"Szko\u0142a Podstawowa im. Marii Konopnickiej w Garbowie","url":"https:\/\/szkola.garbow.pl\/","logo":{"@type":"ImageObject","inLanguage":"pl-PL","@id":"https:\/\/szkola.garbow.pl\/#\/schema\/logo\/image\/","url":"https:\/\/szkola.garbow.pl\/wp-content\/uploads\/2020\/09\/szkola_podstawowa_garbow-1-1.png","contentUrl":"https:\/\/szkola.garbow.pl\/wp-content\/uploads\/2020\/09\/szkola_podstawowa_garbow-1-1.png","width":500,"height":136,"caption":"Szko\u0142a Podstawowa im. Marii Konopnickiej w Garbowie"},"image":{"@id":"https:\/\/szkola.garbow.pl\/#\/schema\/logo\/image\/"}}]}},"_links":{"self":[{"href":"https:\/\/szkola.garbow.pl\/index.php\/wp-json\/wp\/v2\/pages\/122","targetHints":{"allow":["GET"]}}],"collection":[{"href":"https:\/\/szkola.garbow.pl\/index.php\/wp-json\/wp\/v2\/pages"}],"about":[{"href":"https:\/\/szkola.garbow.pl\/index.php\/wp-json\/wp\/v2\/types\/page"}],"author":[{"embeddable":true,"href":"https:\/\/szkola.garbow.pl\/index.php\/wp-json\/wp\/v2\/users\/2"}],"replies":[{"embeddable":true,"href":"https:\/\/szkola.garbow.pl\/index.php\/wp-json\/wp\/v2\/comments?post=122"}],"version-history":[{"count":3,"href":"https:\/\/szkola.garbow.pl\/index.php\/wp-json\/wp\/v2\/pages\/122\/revisions"}],"predecessor-version":[{"id":3681,"href":"https:\/\/szkola.garbow.pl\/index.php\/wp-json\/wp\/v2\/pages\/122\/revisions\/3681"}],"wp:attachment":[{"href":"https:\/\/szkola.garbow.pl\/index.php\/wp-json\/wp\/v2\/media?parent=122"}],"curies":[{"name":"wp","href":"https:\/\/api.w.org\/{rel}","templated":true}]}}