{"id":1209,"date":"2020-10-20T09:21:13","date_gmt":"2020-10-20T07:21:13","guid":{"rendered":"http:\/\/serwer1690480.home.pl\/garbow\/?page_id=1209"},"modified":"2020-10-21T14:54:36","modified_gmt":"2020-10-21T12:54:36","slug":"2016-2","status":"publish","type":"page","link":"https:\/\/szkola.garbow.pl\/index.php\/2016-2\/","title":{"rendered":"2016"},"content":{"rendered":"\t\t<div data-elementor-type=\"wp-page\" data-elementor-id=\"1209\" class=\"elementor elementor-1209\">\n\t\t\t\t\t\t<section class=\"elementor-section elementor-top-section elementor-element elementor-element-6bd2c417 elementor-section-boxed elementor-section-height-default elementor-section-height-default\" data-id=\"6bd2c417\" data-element_type=\"section\" data-e-type=\"section\" data-settings=\"{&quot;background_background&quot;:&quot;classic&quot;}\">\n\t\t\t\t\t\t<div class=\"elementor-container elementor-column-gap-default\">\n\t\t\t\t\t<div class=\"elementor-column elementor-col-100 elementor-top-column elementor-element elementor-element-601572c1\" data-id=\"601572c1\" data-element_type=\"column\" data-e-type=\"column\">\n\t\t\t<div class=\"elementor-widget-wrap elementor-element-populated\">\n\t\t\t\t\t\t<div class=\"elementor-element elementor-element-6895a719 elementor-widget elementor-widget-text-editor\" data-id=\"6895a719\" data-element_type=\"widget\" data-e-type=\"widget\" data-widget_type=\"text-editor.default\">\n\t\t\t\t<div class=\"elementor-widget-container\">\n\t\t\t\t\t\t\t\t\t<p style=\"text-align: center;\">2016<\/p>\t\t\t\t\t\t\t\t<\/div>\n\t\t\t\t<\/div>\n\t\t\t\t\t<\/div>\n\t\t<\/div>\n\t\t\t\t\t<\/div>\n\t\t<\/section>\n\t\t\t\t<section class=\"elementor-section elementor-top-section elementor-element elementor-element-5462f76b elementor-section-boxed elementor-section-height-default elementor-section-height-default\" data-id=\"5462f76b\" data-element_type=\"section\" data-e-type=\"section\">\n\t\t\t\t\t\t<div class=\"elementor-container elementor-column-gap-default\">\n\t\t\t\t\t<div class=\"elementor-column elementor-col-100 elementor-top-column elementor-element elementor-element-4f865b98\" data-id=\"4f865b98\" data-element_type=\"column\" data-e-type=\"column\">\n\t\t\t<div class=\"elementor-widget-wrap elementor-element-populated\">\n\t\t\t\t\t\t<div class=\"elementor-element elementor-element-6b7de17e elementor-grid-eael-col-3 elementor-grid-tablet-eael-col-2 elementor-grid-mobile-eael-col-1 elementor-widget elementor-widget-eael-post-grid\" data-id=\"6b7de17e\" data-element_type=\"widget\" data-e-type=\"widget\" data-settings=\"{&quot;eael_post_grid_columns&quot;:&quot;eael-col-3&quot;,&quot;eael_post_grid_columns_tablet&quot;:&quot;eael-col-2&quot;,&quot;eael_post_grid_columns_mobile&quot;:&quot;eael-col-1&quot;}\" data-widget_type=\"eael-post-grid.default\">\n\t\t\t\t<div class=\"elementor-widget-container\">\n\t\t\t\t\t<div id=\"eael-post-grid-6b7de17e\" class=\"eael-post-grid-container\">\n            <div class=\"eael-post-grid eael-post-appender eael-post-appender-6b7de17e eael-post-grid-style-one\" data-layout-mode=\"grid\"><article class=\"eael-grid-post  eael-post-grid-column eael-pg-post-18334 category-2016-2025-aktualnosci-aktualnosci-biblioteczne\" data-id=\"18334\">\n        <div class=\"eael-grid-post-holder\">\n            <div class=\"eael-grid-post-holder-inner\"><div class=\"eael-entry-media\"><div class=\"eael-entry-overlay fade-in\"><i class=\"fas fa-long-arrow-alt-right\" aria-hidden=\"true\"><\/i><a href=\"https:\/\/szkola.garbow.pl\/index.php\/2025\/06\/12\/czytamy-rodzinne-historie-cykl-zajec-czytelniczo-kreatywnych-w-klasach-pierwszych\/\"><\/a><\/div><div class=\"eael-entry-thumbnail \">\n                <img fetchpriority=\"high\" decoding=\"async\" width=\"225\" height=\"300\" src=\"https:\/\/szkola.garbow.pl\/wp-content\/uploads\/2025\/06\/1000000310-225x300.jpg\" class=\"attachment-medium size-medium wp-image-18354\" alt=\"\" srcset=\"https:\/\/szkola.garbow.pl\/wp-content\/uploads\/2025\/06\/1000000310-225x300.jpg 225w, https:\/\/szkola.garbow.pl\/wp-content\/uploads\/2025\/06\/1000000310-768x1024.jpg 768w, https:\/\/szkola.garbow.pl\/wp-content\/uploads\/2025\/06\/1000000310-1152x1536.jpg 1152w, https:\/\/szkola.garbow.pl\/wp-content\/uploads\/2025\/06\/1000000310-1536x2048.jpg 1536w, https:\/\/szkola.garbow.pl\/wp-content\/uploads\/2025\/06\/1000000310-263x350.jpg 263w, https:\/\/szkola.garbow.pl\/wp-content\/uploads\/2025\/06\/1000000310-scaled.jpg 375w\" sizes=\"(max-width: 225px) 100vw, 225px\" \/>\n            <\/div>\n        <\/div><div class=\"eael-entry-wrapper\"><header class=\"eael-entry-header\"><h2 class=\"eael-entry-title\"><a class=\"eael-grid-post-link\" href=\"https:\/\/szkola.garbow.pl\/index.php\/2025\/06\/12\/czytamy-rodzinne-historie-cykl-zajec-czytelniczo-kreatywnych-w-klasach-pierwszych\/\" title=\"Czytamy Rodzinne Historie &#8211; cykl zaj\u0119\u0107 czytelniczo&#8211;kreatywnych w klasach pierwszych\">Czytamy Rodzinne Historie &#8211; cykl zaj\u0119\u0107 czytelniczo&#8211;kreatywnych w klasach pierwszych<\/a><\/h2><\/header><\/div><\/div>\n        <\/div>\n    <\/article><article class=\"eael-grid-post  eael-post-grid-column eael-pg-post-2879 category-2016\" data-id=\"2879\">\n        <div class=\"eael-grid-post-holder\">\n            <div class=\"eael-grid-post-holder-inner\"><div class=\"eael-entry-media\"><div class=\"eael-entry-overlay fade-in\"><i class=\"fas fa-long-arrow-alt-right\" aria-hidden=\"true\"><\/i><a href=\"https:\/\/szkola.garbow.pl\/index.php\/2016\/10\/21\/przeglad-piosenek-angielskich\/\"><\/a><\/div><div class=\"eael-entry-thumbnail \">\n                <img decoding=\"async\" width=\"300\" height=\"225\" src=\"https:\/\/szkola.garbow.pl\/wp-content\/uploads\/2020\/10\/dsc07077_769f7_thumb.jpg\" class=\"attachment-medium size-medium wp-image-2884\" alt=\"\" \/>\n            <\/div>\n        <\/div><div class=\"eael-entry-wrapper\"><header class=\"eael-entry-header\"><h2 class=\"eael-entry-title\"><a class=\"eael-grid-post-link\" href=\"https:\/\/szkola.garbow.pl\/index.php\/2016\/10\/21\/przeglad-piosenek-angielskich\/\" title=\"PRZEGL\u0104D PIOSENEK ANGIELSKICH\">PRZEGL\u0104D PIOSENEK ANGIELSKICH<\/a><\/h2><\/header><\/div><\/div>\n        <\/div>\n    <\/article><article class=\"eael-grid-post  eael-post-grid-column eael-pg-post-2868 category-2016\" data-id=\"2868\">\n        <div class=\"eael-grid-post-holder\">\n            <div class=\"eael-grid-post-holder-inner\"><div class=\"eael-entry-media\"><div class=\"eael-entry-overlay fade-in\"><i class=\"fas fa-long-arrow-alt-right\" aria-hidden=\"true\"><\/i><a href=\"https:\/\/szkola.garbow.pl\/index.php\/2016\/10\/21\/wystrzeleni-w-kosmos-cd\/\"><\/a><\/div><div class=\"eael-entry-thumbnail \">\n                <img decoding=\"async\" width=\"300\" height=\"225\" src=\"https:\/\/szkola.garbow.pl\/wp-content\/uploads\/2020\/10\/img-20161216-172430_f9b6f_thumb.jpg\" class=\"attachment-medium size-medium wp-image-2875\" alt=\"\" \/>\n            <\/div>\n        <\/div><div class=\"eael-entry-wrapper\"><header class=\"eael-entry-header\"><h2 class=\"eael-entry-title\"><a class=\"eael-grid-post-link\" href=\"https:\/\/szkola.garbow.pl\/index.php\/2016\/10\/21\/wystrzeleni-w-kosmos-cd\/\" title=\"WYSTRZELENI W KOSMOS CD\">WYSTRZELENI W KOSMOS CD<\/a><\/h2><\/header><\/div><\/div>\n        <\/div>\n    <\/article><article class=\"eael-grid-post  eael-post-grid-column eael-pg-post-2857 category-2016\" data-id=\"2857\">\n        <div class=\"eael-grid-post-holder\">\n            <div class=\"eael-grid-post-holder-inner\"><div class=\"eael-entry-media\"><div class=\"eael-entry-overlay fade-in\"><i class=\"fas fa-long-arrow-alt-right\" aria-hidden=\"true\"><\/i><a href=\"https:\/\/szkola.garbow.pl\/index.php\/2016\/10\/21\/koledy-angielskie-2016\/\"><\/a><\/div><div class=\"eael-entry-thumbnail \">\n                <img loading=\"lazy\" decoding=\"async\" width=\"300\" height=\"168\" src=\"https:\/\/szkola.garbow.pl\/wp-content\/uploads\/2020\/10\/20170113-122246_567de_thumb.jpg\" class=\"attachment-medium size-medium wp-image-2863\" alt=\"\" \/>\n            <\/div>\n        <\/div><div class=\"eael-entry-wrapper\"><header class=\"eael-entry-header\"><h2 class=\"eael-entry-title\"><a class=\"eael-grid-post-link\" href=\"https:\/\/szkola.garbow.pl\/index.php\/2016\/10\/21\/koledy-angielskie-2016\/\" title=\"KOL\u0118DY ANGIELSKIE 2016\">KOL\u0118DY ANGIELSKIE 2016<\/a><\/h2><\/header><\/div><\/div>\n        <\/div>\n    <\/article><article class=\"eael-grid-post  eael-post-grid-column eael-pg-post-2842 category-2016\" data-id=\"2842\">\n        <div class=\"eael-grid-post-holder\">\n            <div class=\"eael-grid-post-holder-inner\"><div class=\"eael-entry-media\"><div class=\"eael-entry-overlay fade-in\"><i class=\"fas fa-long-arrow-alt-right\" aria-hidden=\"true\"><\/i><a href=\"https:\/\/szkola.garbow.pl\/index.php\/2016\/10\/21\/na-dlugiej-przerwie\/\"><\/a><\/div><div class=\"eael-entry-thumbnail \">\n                <img loading=\"lazy\" decoding=\"async\" width=\"300\" height=\"225\" src=\"https:\/\/szkola.garbow.pl\/wp-content\/uploads\/2020\/10\/img-20161214-115647_14002_thumb.jpg\" class=\"attachment-medium size-medium wp-image-2848\" alt=\"\" \/>\n            <\/div>\n        <\/div><div class=\"eael-entry-wrapper\"><header class=\"eael-entry-header\"><h2 class=\"eael-entry-title\"><a class=\"eael-grid-post-link\" href=\"https:\/\/szkola.garbow.pl\/index.php\/2016\/10\/21\/na-dlugiej-przerwie\/\" title=\"NA D\u0141UGIEJ PRZERWIE&#8230;\">NA D\u0141UGIEJ PRZERWIE&#8230;<\/a><\/h2><\/header><\/div><\/div>\n        <\/div>\n    <\/article><article class=\"eael-grid-post  eael-post-grid-column eael-pg-post-2835 category-2016\" data-id=\"2835\">\n        <div class=\"eael-grid-post-holder\">\n            <div class=\"eael-grid-post-holder-inner\"><div class=\"eael-entry-media\"><div class=\"eael-entry-overlay fade-in\"><i class=\"fas fa-long-arrow-alt-right\" aria-hidden=\"true\"><\/i><a href=\"https:\/\/szkola.garbow.pl\/index.php\/2016\/10\/21\/warsztaty-rekodziela\/\"><\/a><\/div><div class=\"eael-entry-thumbnail \">\n                <img loading=\"lazy\" decoding=\"async\" width=\"300\" height=\"225\" src=\"https:\/\/szkola.garbow.pl\/wp-content\/uploads\/2020\/10\/img-20161208-134725_edffd_thumb.jpg\" class=\"attachment-medium size-medium wp-image-2840\" alt=\"\" \/>\n            <\/div>\n        <\/div><div class=\"eael-entry-wrapper\"><header class=\"eael-entry-header\"><h2 class=\"eael-entry-title\"><a class=\"eael-grid-post-link\" href=\"https:\/\/szkola.garbow.pl\/index.php\/2016\/10\/21\/warsztaty-rekodziela\/\" title=\"WARSZTATY R\u0118KODZIE\u0141A\">WARSZTATY R\u0118KODZIE\u0141A<\/a><\/h2><\/header><\/div><\/div>\n        <\/div>\n    <\/article><\/div>\n            <div class=\"clearfix\"><\/div>\n        <\/div>            <div class=\"eael-load-more-button-wrap\">\n                <button class=\"eael-load-more-button\" id=\"eael-load-more-btn-6b7de17e\" data-widget-id=\"6b7de17e\" data-widget=\"6b7de17e\" data-page-id=\"1209\" data-template=\"{&quot;dir&quot;:&quot;lite&quot;,&quot;file_name&quot;:&quot;one.php&quot;,&quot;name&quot;:&quot;Post-Grid&quot;}\" data-class=\"Essential_Addons_Elementor\\Elements\\Post_Grid\" data-layout=\"grid\" data-page=\"1\" data-args=\"orderby=date&amp;order=desc&amp;ignore_sticky_posts=1&amp;post_status=publish&amp;posts_per_page=6&amp;offset=0&amp;post_type=post&amp;tax_query%5B0%5D%5Btaxonomy%5D=category&amp;tax_query%5B0%5D%5Bfield%5D=term_id&amp;tax_query%5B0%5D%5Bterms%5D%5B0%5D=40&amp;tax_query%5Brelation%5D=AND\" data-max-page=\"8\">\n                    <span class=\"eael-btn-loader button__loader\"><\/span>\n                    <span class=\"eael_load_more_text\">Za\u0142aduj wi\u0119cej...<\/span>\n                <\/button>\n            <\/div>\n            \t\t\t\t<\/div>\n\t\t\t\t<\/div>\n\t\t\t\t\t<\/div>\n\t\t<\/div>\n\t\t\t\t\t<\/div>\n\t\t<\/section>\n\t\t\t\t<\/div>\n\t\t","protected":false},"excerpt":{"rendered":"<p>2016 PRZEGL\u0104D PIOSENEK ANGIELSKICH WYSTRZELENI W KOSMOS CD KOL\u0118DY ANGIELSKIE 2016 NA D\u0141UGIEJ PRZERWIE&#8230; WARSZTATY R\u0118KODZIE\u0141A PARASOLKI Za\u0142aduj wi\u0119cej&#8230;<\/p>\n","protected":false},"author":2,"featured_media":0,"parent":0,"menu_order":0,"comment_status":"closed","ping_status":"closed","template":"","meta":{"footnotes":""},"class_list":["post-1209","page","type-page","status-publish","hentry"],"yoast_head":"<!-- This site is optimized with the Yoast SEO plugin v27.4 - https:\/\/yoast.com\/product\/yoast-seo-wordpress\/ -->\n<title>2016 - Szko\u0142a Podstawowa im. Marii Konopnickiej w Garbowie<\/title>\n<meta name=\"robots\" content=\"index, follow, max-snippet:-1, max-image-preview:large, max-video-preview:-1\" \/>\n<link rel=\"canonical\" href=\"https:\/\/szkola.garbow.pl\/index.php\/2016-2\/\" \/>\n<meta property=\"og:locale\" content=\"pl_PL\" \/>\n<meta property=\"og:type\" content=\"article\" \/>\n<meta property=\"og:title\" content=\"2016 - Szko\u0142a Podstawowa im. Marii Konopnickiej w Garbowie\" \/>\n<meta property=\"og:description\" content=\"2016 PRZEGL\u0104D PIOSENEK ANGIELSKICH WYSTRZELENI W KOSMOS CD KOL\u0118DY ANGIELSKIE 2016 NA D\u0141UGIEJ PRZERWIE&#8230; WARSZTATY R\u0118KODZIE\u0141A PARASOLKI Za\u0142aduj wi\u0119cej&#8230;\" \/>\n<meta property=\"og:url\" content=\"https:\/\/szkola.garbow.pl\/index.php\/2016-2\/\" \/>\n<meta property=\"og:site_name\" content=\"Szko\u0142a Podstawowa im. Marii Konopnickiej w Garbowie\" \/>\n<meta property=\"article:modified_time\" content=\"2020-10-21T12:54:36+00:00\" \/>\n<meta property=\"og:image\" content=\"http:\/\/serwer1690480.home.pl\/garbow\/wp-content\/uploads\/2020\/10\/dsc07077_769f7_thumb.jpg\" \/>\n<meta name=\"twitter:card\" content=\"summary_large_image\" \/>\n<script type=\"application\/ld+json\" class=\"yoast-schema-graph\">{\"@context\":\"https:\\\/\\\/schema.org\",\"@graph\":[{\"@type\":\"WebPage\",\"@id\":\"https:\\\/\\\/szkola.garbow.pl\\\/index.php\\\/2016-2\\\/\",\"url\":\"https:\\\/\\\/szkola.garbow.pl\\\/index.php\\\/2016-2\\\/\",\"name\":\"2016 - Szko\u0142a Podstawowa im. Marii Konopnickiej w Garbowie\",\"isPartOf\":{\"@id\":\"https:\\\/\\\/szkola.garbow.pl\\\/#website\"},\"primaryImageOfPage\":{\"@id\":\"https:\\\/\\\/szkola.garbow.pl\\\/index.php\\\/2016-2\\\/#primaryimage\"},\"image\":{\"@id\":\"https:\\\/\\\/szkola.garbow.pl\\\/index.php\\\/2016-2\\\/#primaryimage\"},\"thumbnailUrl\":\"http:\\\/\\\/serwer1690480.home.pl\\\/garbow\\\/wp-content\\\/uploads\\\/2020\\\/10\\\/dsc07077_769f7_thumb.jpg\",\"datePublished\":\"2020-10-20T07:21:13+00:00\",\"dateModified\":\"2020-10-21T12:54:36+00:00\",\"breadcrumb\":{\"@id\":\"https:\\\/\\\/szkola.garbow.pl\\\/index.php\\\/2016-2\\\/#breadcrumb\"},\"inLanguage\":\"pl-PL\",\"potentialAction\":[{\"@type\":\"ReadAction\",\"target\":[\"https:\\\/\\\/szkola.garbow.pl\\\/index.php\\\/2016-2\\\/\"]}]},{\"@type\":\"ImageObject\",\"inLanguage\":\"pl-PL\",\"@id\":\"https:\\\/\\\/szkola.garbow.pl\\\/index.php\\\/2016-2\\\/#primaryimage\",\"url\":\"http:\\\/\\\/serwer1690480.home.pl\\\/garbow\\\/wp-content\\\/uploads\\\/2020\\\/10\\\/dsc07077_769f7_thumb.jpg\",\"contentUrl\":\"http:\\\/\\\/serwer1690480.home.pl\\\/garbow\\\/wp-content\\\/uploads\\\/2020\\\/10\\\/dsc07077_769f7_thumb.jpg\"},{\"@type\":\"BreadcrumbList\",\"@id\":\"https:\\\/\\\/szkola.garbow.pl\\\/index.php\\\/2016-2\\\/#breadcrumb\",\"itemListElement\":[{\"@type\":\"ListItem\",\"position\":1,\"name\":\"Strona g\u0142\u00f3wna\",\"item\":\"https:\\\/\\\/szkola.garbow.pl\\\/\"},{\"@type\":\"ListItem\",\"position\":2,\"name\":\"2016\"}]},{\"@type\":\"WebSite\",\"@id\":\"https:\\\/\\\/szkola.garbow.pl\\\/#website\",\"url\":\"https:\\\/\\\/szkola.garbow.pl\\\/\",\"name\":\"Szko\u0142a Podstawowa im. Marii Konopnickiej w Garbowie\",\"description\":\"Szko\u0142a Podstawowa im. Marii Konopnickiej w Garbowie\",\"publisher\":{\"@id\":\"https:\\\/\\\/szkola.garbow.pl\\\/#organization\"},\"potentialAction\":[{\"@type\":\"SearchAction\",\"target\":{\"@type\":\"EntryPoint\",\"urlTemplate\":\"https:\\\/\\\/szkola.garbow.pl\\\/?s={search_term_string}\"},\"query-input\":{\"@type\":\"PropertyValueSpecification\",\"valueRequired\":true,\"valueName\":\"search_term_string\"}}],\"inLanguage\":\"pl-PL\"},{\"@type\":\"Organization\",\"@id\":\"https:\\\/\\\/szkola.garbow.pl\\\/#organization\",\"name\":\"Szko\u0142a Podstawowa im. Marii Konopnickiej w Garbowie\",\"url\":\"https:\\\/\\\/szkola.garbow.pl\\\/\",\"logo\":{\"@type\":\"ImageObject\",\"inLanguage\":\"pl-PL\",\"@id\":\"https:\\\/\\\/szkola.garbow.pl\\\/#\\\/schema\\\/logo\\\/image\\\/\",\"url\":\"https:\\\/\\\/szkola.garbow.pl\\\/wp-content\\\/uploads\\\/2020\\\/09\\\/szkola_podstawowa_garbow-1-1.png\",\"contentUrl\":\"https:\\\/\\\/szkola.garbow.pl\\\/wp-content\\\/uploads\\\/2020\\\/09\\\/szkola_podstawowa_garbow-1-1.png\",\"width\":500,\"height\":136,\"caption\":\"Szko\u0142a Podstawowa im. Marii Konopnickiej w Garbowie\"},\"image\":{\"@id\":\"https:\\\/\\\/szkola.garbow.pl\\\/#\\\/schema\\\/logo\\\/image\\\/\"}}]}<\/script>\n<!-- \/ Yoast SEO plugin. -->","yoast_head_json":{"title":"2016 - Szko\u0142a Podstawowa im. Marii Konopnickiej w Garbowie","robots":{"index":"index","follow":"follow","max-snippet":"max-snippet:-1","max-image-preview":"max-image-preview:large","max-video-preview":"max-video-preview:-1"},"canonical":"https:\/\/szkola.garbow.pl\/index.php\/2016-2\/","og_locale":"pl_PL","og_type":"article","og_title":"2016 - Szko\u0142a Podstawowa im. Marii Konopnickiej w Garbowie","og_description":"2016 PRZEGL\u0104D PIOSENEK ANGIELSKICH WYSTRZELENI W KOSMOS CD KOL\u0118DY ANGIELSKIE 2016 NA D\u0141UGIEJ PRZERWIE&#8230; WARSZTATY R\u0118KODZIE\u0141A PARASOLKI Za\u0142aduj wi\u0119cej&#8230;","og_url":"https:\/\/szkola.garbow.pl\/index.php\/2016-2\/","og_site_name":"Szko\u0142a Podstawowa im. Marii Konopnickiej w Garbowie","article_modified_time":"2020-10-21T12:54:36+00:00","og_image":[{"url":"http:\/\/serwer1690480.home.pl\/garbow\/wp-content\/uploads\/2020\/10\/dsc07077_769f7_thumb.jpg","type":"","width":"","height":""}],"twitter_card":"summary_large_image","schema":{"@context":"https:\/\/schema.org","@graph":[{"@type":"WebPage","@id":"https:\/\/szkola.garbow.pl\/index.php\/2016-2\/","url":"https:\/\/szkola.garbow.pl\/index.php\/2016-2\/","name":"2016 - Szko\u0142a Podstawowa im. Marii Konopnickiej w Garbowie","isPartOf":{"@id":"https:\/\/szkola.garbow.pl\/#website"},"primaryImageOfPage":{"@id":"https:\/\/szkola.garbow.pl\/index.php\/2016-2\/#primaryimage"},"image":{"@id":"https:\/\/szkola.garbow.pl\/index.php\/2016-2\/#primaryimage"},"thumbnailUrl":"http:\/\/serwer1690480.home.pl\/garbow\/wp-content\/uploads\/2020\/10\/dsc07077_769f7_thumb.jpg","datePublished":"2020-10-20T07:21:13+00:00","dateModified":"2020-10-21T12:54:36+00:00","breadcrumb":{"@id":"https:\/\/szkola.garbow.pl\/index.php\/2016-2\/#breadcrumb"},"inLanguage":"pl-PL","potentialAction":[{"@type":"ReadAction","target":["https:\/\/szkola.garbow.pl\/index.php\/2016-2\/"]}]},{"@type":"ImageObject","inLanguage":"pl-PL","@id":"https:\/\/szkola.garbow.pl\/index.php\/2016-2\/#primaryimage","url":"http:\/\/serwer1690480.home.pl\/garbow\/wp-content\/uploads\/2020\/10\/dsc07077_769f7_thumb.jpg","contentUrl":"http:\/\/serwer1690480.home.pl\/garbow\/wp-content\/uploads\/2020\/10\/dsc07077_769f7_thumb.jpg"},{"@type":"BreadcrumbList","@id":"https:\/\/szkola.garbow.pl\/index.php\/2016-2\/#breadcrumb","itemListElement":[{"@type":"ListItem","position":1,"name":"Strona g\u0142\u00f3wna","item":"https:\/\/szkola.garbow.pl\/"},{"@type":"ListItem","position":2,"name":"2016"}]},{"@type":"WebSite","@id":"https:\/\/szkola.garbow.pl\/#website","url":"https:\/\/szkola.garbow.pl\/","name":"Szko\u0142a Podstawowa im. Marii Konopnickiej w Garbowie","description":"Szko\u0142a Podstawowa im. Marii Konopnickiej w Garbowie","publisher":{"@id":"https:\/\/szkola.garbow.pl\/#organization"},"potentialAction":[{"@type":"SearchAction","target":{"@type":"EntryPoint","urlTemplate":"https:\/\/szkola.garbow.pl\/?s={search_term_string}"},"query-input":{"@type":"PropertyValueSpecification","valueRequired":true,"valueName":"search_term_string"}}],"inLanguage":"pl-PL"},{"@type":"Organization","@id":"https:\/\/szkola.garbow.pl\/#organization","name":"Szko\u0142a Podstawowa im. Marii Konopnickiej w Garbowie","url":"https:\/\/szkola.garbow.pl\/","logo":{"@type":"ImageObject","inLanguage":"pl-PL","@id":"https:\/\/szkola.garbow.pl\/#\/schema\/logo\/image\/","url":"https:\/\/szkola.garbow.pl\/wp-content\/uploads\/2020\/09\/szkola_podstawowa_garbow-1-1.png","contentUrl":"https:\/\/szkola.garbow.pl\/wp-content\/uploads\/2020\/09\/szkola_podstawowa_garbow-1-1.png","width":500,"height":136,"caption":"Szko\u0142a Podstawowa im. Marii Konopnickiej w Garbowie"},"image":{"@id":"https:\/\/szkola.garbow.pl\/#\/schema\/logo\/image\/"}}]}},"_links":{"self":[{"href":"https:\/\/szkola.garbow.pl\/index.php\/wp-json\/wp\/v2\/pages\/1209","targetHints":{"allow":["GET"]}}],"collection":[{"href":"https:\/\/szkola.garbow.pl\/index.php\/wp-json\/wp\/v2\/pages"}],"about":[{"href":"https:\/\/szkola.garbow.pl\/index.php\/wp-json\/wp\/v2\/types\/page"}],"author":[{"embeddable":true,"href":"https:\/\/szkola.garbow.pl\/index.php\/wp-json\/wp\/v2\/users\/2"}],"replies":[{"embeddable":true,"href":"https:\/\/szkola.garbow.pl\/index.php\/wp-json\/wp\/v2\/comments?post=1209"}],"version-history":[{"count":4,"href":"https:\/\/szkola.garbow.pl\/index.php\/wp-json\/wp\/v2\/pages\/1209\/revisions"}],"predecessor-version":[{"id":3625,"href":"https:\/\/szkola.garbow.pl\/index.php\/wp-json\/wp\/v2\/pages\/1209\/revisions\/3625"}],"wp:attachment":[{"href":"https:\/\/szkola.garbow.pl\/index.php\/wp-json\/wp\/v2\/media?parent=1209"}],"curies":[{"name":"wp","href":"https:\/\/api.w.org\/{rel}","templated":true}]}}