{"id":1203,"date":"2020-10-20T09:20:39","date_gmt":"2020-10-20T07:20:39","guid":{"rendered":"http:\/\/serwer1690480.home.pl\/garbow\/?page_id=1203"},"modified":"2022-11-23T10:46:47","modified_gmt":"2022-11-23T09:46:47","slug":"2013-2","status":"publish","type":"page","link":"https:\/\/szkola.garbow.pl\/index.php\/2013-2\/","title":{"rendered":"2013"},"content":{"rendered":"\t\t<div data-elementor-type=\"wp-page\" data-elementor-id=\"1203\" class=\"elementor elementor-1203\">\n\t\t\t\t\t\t<section class=\"elementor-section elementor-top-section elementor-element elementor-element-5e66f647 elementor-section-boxed elementor-section-height-default elementor-section-height-default\" data-id=\"5e66f647\" data-element_type=\"section\" data-e-type=\"section\" data-settings=\"{&quot;background_background&quot;:&quot;classic&quot;}\">\n\t\t\t\t\t\t<div class=\"elementor-container elementor-column-gap-default\">\n\t\t\t\t\t<div class=\"elementor-column elementor-col-100 elementor-top-column elementor-element elementor-element-59bce391\" data-id=\"59bce391\" data-element_type=\"column\" data-e-type=\"column\">\n\t\t\t<div class=\"elementor-widget-wrap elementor-element-populated\">\n\t\t\t\t\t\t<div class=\"elementor-element elementor-element-3d8e55b2 elementor-widget elementor-widget-text-editor\" data-id=\"3d8e55b2\" data-element_type=\"widget\" data-e-type=\"widget\" data-widget_type=\"text-editor.default\">\n\t\t\t\t<div class=\"elementor-widget-container\">\n\t\t\t\t\t\t\t\t\t<p style=\"text-align: center;\">2013<\/p>\t\t\t\t\t\t\t\t<\/div>\n\t\t\t\t<\/div>\n\t\t\t\t\t<\/div>\n\t\t<\/div>\n\t\t\t\t\t<\/div>\n\t\t<\/section>\n\t\t\t\t<section class=\"elementor-section elementor-top-section elementor-element elementor-element-71db96d elementor-section-boxed elementor-section-height-default elementor-section-height-default\" data-id=\"71db96d\" data-element_type=\"section\" data-e-type=\"section\">\n\t\t\t\t\t\t<div class=\"elementor-container elementor-column-gap-default\">\n\t\t\t\t\t<div class=\"elementor-column elementor-col-100 elementor-top-column elementor-element elementor-element-80a5d7a\" data-id=\"80a5d7a\" data-element_type=\"column\" data-e-type=\"column\">\n\t\t\t<div class=\"elementor-widget-wrap elementor-element-populated\">\n\t\t\t\t\t\t<div class=\"elementor-element elementor-element-810702e elementor-grid-eael-col-3 elementor-grid-tablet-eael-col-2 elementor-grid-mobile-eael-col-1 elementor-widget elementor-widget-eael-post-grid\" data-id=\"810702e\" data-element_type=\"widget\" data-e-type=\"widget\" data-settings=\"{&quot;eael_post_grid_columns&quot;:&quot;eael-col-3&quot;,&quot;eael_post_grid_columns_tablet&quot;:&quot;eael-col-2&quot;,&quot;eael_post_grid_columns_mobile&quot;:&quot;eael-col-1&quot;}\" data-widget_type=\"eael-post-grid.default\">\n\t\t\t\t<div class=\"elementor-widget-container\">\n\t\t\t\t\t<div id=\"eael-post-grid-810702e\" class=\"eael-post-grid-container\">\n            <div class=\"eael-post-grid eael-post-appender eael-post-appender-810702e eael-post-grid-style-one\" data-layout-mode=\"grid\"><article class=\"eael-grid-post  eael-post-grid-column eael-pg-post-1443 category-2013\" data-id=\"1443\">\n        <div class=\"eael-grid-post-holder\">\n            <div class=\"eael-grid-post-holder-inner\"><div class=\"eael-entry-media\"><div class=\"eael-entry-overlay fade-in\"><i class=\"fas fa-long-arrow-alt-right\" aria-hidden=\"true\"><\/i><a href=\"https:\/\/szkola.garbow.pl\/index.php\/2013\/10\/20\/projekt-wrota-lubelszczyzny-informatyzacja-administracji\/\"><\/a><\/div><div class=\"eael-entry-thumbnail \">\n                <img fetchpriority=\"high\" decoding=\"async\" width=\"300\" height=\"225\" src=\"https:\/\/szkola.garbow.pl\/wp-content\/uploads\/2020\/10\/2-26.jpg\" class=\"attachment-medium size-medium wp-image-1445\" alt=\"\" \/>\n            <\/div>\n        <\/div><div class=\"eael-entry-wrapper\"><header class=\"eael-entry-header\"><h2 class=\"eael-entry-title\"><a class=\"eael-grid-post-link\" href=\"https:\/\/szkola.garbow.pl\/index.php\/2013\/10\/20\/projekt-wrota-lubelszczyzny-informatyzacja-administracji\/\" title=\"PROJEKT WROTA LUBELSZCZYZNY- INFORMATYZACJA ADMINISTRACJI\">PROJEKT WROTA LUBELSZCZYZNY- INFORMATYZACJA ADMINISTRACJI<\/a><\/h2><\/header><\/div><\/div>\n        <\/div>\n    <\/article><article class=\"eael-grid-post  eael-post-grid-column eael-pg-post-1430 category-2013\" data-id=\"1430\">\n        <div class=\"eael-grid-post-holder\">\n            <div class=\"eael-grid-post-holder-inner\"><div class=\"eael-entry-media\"><div class=\"eael-entry-overlay fade-in\"><i class=\"fas fa-long-arrow-alt-right\" aria-hidden=\"true\"><\/i><a href=\"https:\/\/szkola.garbow.pl\/index.php\/2013\/10\/20\/miedzyszkolny-konkurs-biblijny\/\"><\/a><\/div><div class=\"eael-entry-thumbnail \">\n                <img decoding=\"async\" width=\"300\" height=\"225\" src=\"https:\/\/szkola.garbow.pl\/wp-content\/uploads\/2020\/10\/7-8.jpg\" class=\"attachment-medium size-medium wp-image-1440\" alt=\"\" \/>\n            <\/div>\n        <\/div><div class=\"eael-entry-wrapper\"><header class=\"eael-entry-header\"><h2 class=\"eael-entry-title\"><a class=\"eael-grid-post-link\" href=\"https:\/\/szkola.garbow.pl\/index.php\/2013\/10\/20\/miedzyszkolny-konkurs-biblijny\/\" title=\"MI\u0118DZYSZKOLNY KONKURS BIBLIJNY\">MI\u0118DZYSZKOLNY KONKURS BIBLIJNY<\/a><\/h2><\/header><\/div><\/div>\n        <\/div>\n    <\/article><article class=\"eael-grid-post  eael-post-grid-column eael-pg-post-1419 category-2013\" data-id=\"1419\">\n        <div class=\"eael-grid-post-holder\">\n            <div class=\"eael-grid-post-holder-inner\"><div class=\"eael-entry-media\"><div class=\"eael-entry-overlay fade-in\"><i class=\"fas fa-long-arrow-alt-right\" aria-hidden=\"true\"><\/i><a href=\"https:\/\/szkola.garbow.pl\/index.php\/2013\/10\/20\/iii-edycja-gminnego-konkursu-fizycznego-dla-klas-ii\/\"><\/a><\/div><div class=\"eael-entry-thumbnail \">\n                <img decoding=\"async\" width=\"300\" height=\"225\" src=\"https:\/\/szkola.garbow.pl\/wp-content\/uploads\/2020\/10\/8-5.jpg\" class=\"attachment-medium size-medium wp-image-1427\" alt=\"\" \/>\n            <\/div>\n        <\/div><div class=\"eael-entry-wrapper\"><header class=\"eael-entry-header\"><h2 class=\"eael-entry-title\"><a class=\"eael-grid-post-link\" href=\"https:\/\/szkola.garbow.pl\/index.php\/2013\/10\/20\/iii-edycja-gminnego-konkursu-fizycznego-dla-klas-ii\/\" title=\"III EDYCJA GMINNEGO KONKURSU FIZYCZNEGO DLA KLAS II\">III EDYCJA GMINNEGO KONKURSU FIZYCZNEGO DLA KLAS II<\/a><\/h2><\/header><\/div><\/div>\n        <\/div>\n    <\/article><article class=\"eael-grid-post  eael-post-grid-column eael-pg-post-1402 category-2013\" data-id=\"1402\">\n        <div class=\"eael-grid-post-holder\">\n            <div class=\"eael-grid-post-holder-inner\"><div class=\"eael-entry-media\"><div class=\"eael-entry-overlay fade-in\"><i class=\"fas fa-long-arrow-alt-right\" aria-hidden=\"true\"><\/i><a href=\"https:\/\/szkola.garbow.pl\/index.php\/2013\/10\/20\/iii-gminny-konkurs-jezyka-angielskiego-dla-klas-6\/\"><\/a><\/div><div class=\"eael-entry-thumbnail \">\n                <img loading=\"lazy\" decoding=\"async\" width=\"300\" height=\"225\" src=\"https:\/\/szkola.garbow.pl\/wp-content\/uploads\/2020\/10\/2-23.jpg\" class=\"attachment-medium size-medium wp-image-1404\" alt=\"\" \/>\n            <\/div>\n        <\/div><div class=\"eael-entry-wrapper\"><header class=\"eael-entry-header\"><h2 class=\"eael-entry-title\"><a class=\"eael-grid-post-link\" href=\"https:\/\/szkola.garbow.pl\/index.php\/2013\/10\/20\/iii-gminny-konkurs-jezyka-angielskiego-dla-klas-6\/\" title=\"III GMINNY KONKURS J\u0118ZYKA ANGIELSKIEGO DLA KLAS 6\">III GMINNY KONKURS J\u0118ZYKA ANGIELSKIEGO DLA KLAS 6<\/a><\/h2><\/header><\/div><\/div>\n        <\/div>\n    <\/article><article class=\"eael-grid-post  eael-post-grid-column eael-pg-post-1393 category-2013\" data-id=\"1393\">\n        <div class=\"eael-grid-post-holder\">\n            <div class=\"eael-grid-post-holder-inner\"><div class=\"eael-entry-media\"><div class=\"eael-entry-overlay fade-in\"><i class=\"fas fa-long-arrow-alt-right\" aria-hidden=\"true\"><\/i><a href=\"https:\/\/szkola.garbow.pl\/index.php\/2013\/10\/20\/ii-miedzyszkolny-konkurs-jezyka-angielskiego-the-master-of-english-competition-2\/\"><\/a><\/div><div class=\"eael-entry-thumbnail \">\n                <img loading=\"lazy\" decoding=\"async\" width=\"300\" height=\"225\" src=\"https:\/\/szkola.garbow.pl\/wp-content\/uploads\/2020\/10\/4-14.jpg\" class=\"attachment-medium size-medium wp-image-1397\" alt=\"\" \/>\n            <\/div>\n        <\/div><div class=\"eael-entry-wrapper\"><header class=\"eael-entry-header\"><h2 class=\"eael-entry-title\"><a class=\"eael-grid-post-link\" href=\"https:\/\/szkola.garbow.pl\/index.php\/2013\/10\/20\/ii-miedzyszkolny-konkurs-jezyka-angielskiego-the-master-of-english-competition-2\/\" title=\"II MI\u0118DZYSZKOLNY KONKURS J\u0118ZYKA ANGIELSKIEGO &#8211; THE MASTER OF ENGLISH COMPETITION\">II MI\u0118DZYSZKOLNY KONKURS J\u0118ZYKA ANGIELSKIEGO &#8211; THE MASTER OF ENGLISH COMPETITION<\/a><\/h2><\/header><\/div><\/div>\n        <\/div>\n    <\/article><article class=\"eael-grid-post  eael-post-grid-column eael-pg-post-1385 category-2013\" data-id=\"1385\">\n        <div class=\"eael-grid-post-holder\">\n            <div class=\"eael-grid-post-holder-inner\"><div class=\"eael-entry-media\"><div class=\"eael-entry-overlay fade-in\"><i class=\"fas fa-long-arrow-alt-right\" aria-hidden=\"true\"><\/i><a href=\"https:\/\/szkola.garbow.pl\/index.php\/2013\/10\/20\/konkurs-biblijny-c-d-2014\/\"><\/a><\/div><div class=\"eael-entry-thumbnail \">\n                <img loading=\"lazy\" decoding=\"async\" width=\"300\" height=\"225\" src=\"https:\/\/szkola.garbow.pl\/wp-content\/uploads\/2020\/10\/4-13.jpg\" class=\"attachment-medium size-medium wp-image-1389\" alt=\"\" \/>\n            <\/div>\n        <\/div><div class=\"eael-entry-wrapper\"><header class=\"eael-entry-header\"><h2 class=\"eael-entry-title\"><a class=\"eael-grid-post-link\" href=\"https:\/\/szkola.garbow.pl\/index.php\/2013\/10\/20\/konkurs-biblijny-c-d-2014\/\" title=\"KONKURS BIBLIJNY C.D 2014\">KONKURS BIBLIJNY C.D 2014<\/a><\/h2><\/header><\/div><\/div>\n        <\/div>\n    <\/article><\/div>\n            <div class=\"clearfix\"><\/div>\n        <\/div>            <div class=\"eael-load-more-button-wrap\">\n                <button class=\"eael-load-more-button\" id=\"eael-load-more-btn-810702e\" data-widget-id=\"810702e\" data-widget=\"810702e\" data-page-id=\"1203\" data-template=\"{&quot;dir&quot;:&quot;lite&quot;,&quot;file_name&quot;:&quot;one.php&quot;,&quot;name&quot;:&quot;Post-Grid&quot;}\" data-class=\"Essential_Addons_Elementor\\Elements\\Post_Grid\" data-layout=\"grid\" data-page=\"1\" data-args=\"orderby=date&amp;order=desc&amp;ignore_sticky_posts=1&amp;post_status=publish&amp;posts_per_page=6&amp;offset=0&amp;post_type=post&amp;tax_query%5B0%5D%5Btaxonomy%5D=category&amp;tax_query%5B0%5D%5Bfield%5D=term_id&amp;tax_query%5B0%5D%5Bterms%5D%5B0%5D=37&amp;tax_query%5Brelation%5D=AND\" data-max-page=\"2\">\n                    <span class=\"eael-btn-loader button__loader\"><\/span>\n                    <span class=\"eael_load_more_text\">Za\u0142aduj wi\u0119cej...<\/span>\n                <\/button>\n            <\/div>\n            \t\t\t\t<\/div>\n\t\t\t\t<\/div>\n\t\t\t\t\t<\/div>\n\t\t<\/div>\n\t\t\t\t\t<\/div>\n\t\t<\/section>\n\t\t\t\t<\/div>\n\t\t","protected":false},"excerpt":{"rendered":"<p>2013 PROJEKT WROTA LUBELSZCZYZNY- INFORMATYZACJA ADMINISTRACJI MI\u0118DZYSZKOLNY KONKURS BIBLIJNY III EDYCJA GMINNEGO KONKURSU FIZYCZNEGO DLA KLAS II III GMINNY KONKURS J\u0118ZYKA ANGIELSKIEGO DLA KLAS 6 II MI\u0118DZYSZKOLNY KONKURS J\u0118ZYKA ANGIELSKIEGO &#8211; THE MASTER OF ENGLISH COMPETITION KONKURS BIBLIJNY C.D 2014 Za\u0142aduj wi\u0119cej&#8230;<\/p>\n","protected":false},"author":2,"featured_media":0,"parent":0,"menu_order":0,"comment_status":"closed","ping_status":"closed","template":"","meta":{"footnotes":""},"class_list":["post-1203","page","type-page","status-publish","hentry"],"yoast_head":"<!-- This site is optimized with the Yoast SEO plugin v27.4 - https:\/\/yoast.com\/product\/yoast-seo-wordpress\/ -->\n<title>2013 - Szko\u0142a Podstawowa im. Marii Konopnickiej w Garbowie<\/title>\n<meta name=\"robots\" content=\"index, follow, max-snippet:-1, max-image-preview:large, max-video-preview:-1\" \/>\n<link rel=\"canonical\" href=\"https:\/\/szkola.garbow.pl\/index.php\/2013-2\/\" \/>\n<meta property=\"og:locale\" content=\"pl_PL\" \/>\n<meta property=\"og:type\" content=\"article\" \/>\n<meta property=\"og:title\" content=\"2013 - Szko\u0142a Podstawowa im. Marii Konopnickiej w Garbowie\" \/>\n<meta property=\"og:description\" content=\"2013 PROJEKT WROTA LUBELSZCZYZNY- INFORMATYZACJA ADMINISTRACJI MI\u0118DZYSZKOLNY KONKURS BIBLIJNY III EDYCJA GMINNEGO KONKURSU FIZYCZNEGO DLA KLAS II III GMINNY KONKURS J\u0118ZYKA ANGIELSKIEGO DLA KLAS 6 II MI\u0118DZYSZKOLNY KONKURS J\u0118ZYKA ANGIELSKIEGO &#8211; THE MASTER OF ENGLISH COMPETITION KONKURS BIBLIJNY C.D 2014 Za\u0142aduj wi\u0119cej&#8230;\" \/>\n<meta property=\"og:url\" content=\"https:\/\/szkola.garbow.pl\/index.php\/2013-2\/\" \/>\n<meta property=\"og:site_name\" content=\"Szko\u0142a Podstawowa im. Marii Konopnickiej w Garbowie\" \/>\n<meta property=\"article:modified_time\" content=\"2022-11-23T09:46:47+00:00\" \/>\n<meta property=\"og:image\" content=\"https:\/\/szkola.garbow.pl\/wp-content\/uploads\/2020\/10\/2-26.jpg\" \/>\n<meta name=\"twitter:card\" content=\"summary_large_image\" \/>\n<meta name=\"twitter:label1\" content=\"Szacowany czas czytania\" \/>\n\t<meta name=\"twitter:data1\" content=\"2 minuty\" \/>\n<script type=\"application\/ld+json\" class=\"yoast-schema-graph\">{\"@context\":\"https:\\\/\\\/schema.org\",\"@graph\":[{\"@type\":\"WebPage\",\"@id\":\"https:\\\/\\\/szkola.garbow.pl\\\/index.php\\\/2013-2\\\/\",\"url\":\"https:\\\/\\\/szkola.garbow.pl\\\/index.php\\\/2013-2\\\/\",\"name\":\"2013 - Szko\u0142a Podstawowa im. Marii Konopnickiej w Garbowie\",\"isPartOf\":{\"@id\":\"https:\\\/\\\/szkola.garbow.pl\\\/#website\"},\"primaryImageOfPage\":{\"@id\":\"https:\\\/\\\/szkola.garbow.pl\\\/index.php\\\/2013-2\\\/#primaryimage\"},\"image\":{\"@id\":\"https:\\\/\\\/szkola.garbow.pl\\\/index.php\\\/2013-2\\\/#primaryimage\"},\"thumbnailUrl\":\"https:\\\/\\\/szkola.garbow.pl\\\/wp-content\\\/uploads\\\/2020\\\/10\\\/2-26.jpg\",\"datePublished\":\"2020-10-20T07:20:39+00:00\",\"dateModified\":\"2022-11-23T09:46:47+00:00\",\"breadcrumb\":{\"@id\":\"https:\\\/\\\/szkola.garbow.pl\\\/index.php\\\/2013-2\\\/#breadcrumb\"},\"inLanguage\":\"pl-PL\",\"potentialAction\":[{\"@type\":\"ReadAction\",\"target\":[\"https:\\\/\\\/szkola.garbow.pl\\\/index.php\\\/2013-2\\\/\"]}]},{\"@type\":\"ImageObject\",\"inLanguage\":\"pl-PL\",\"@id\":\"https:\\\/\\\/szkola.garbow.pl\\\/index.php\\\/2013-2\\\/#primaryimage\",\"url\":\"https:\\\/\\\/szkola.garbow.pl\\\/wp-content\\\/uploads\\\/2020\\\/10\\\/2-26.jpg\",\"contentUrl\":\"https:\\\/\\\/szkola.garbow.pl\\\/wp-content\\\/uploads\\\/2020\\\/10\\\/2-26.jpg\",\"width\":300,\"height\":225},{\"@type\":\"BreadcrumbList\",\"@id\":\"https:\\\/\\\/szkola.garbow.pl\\\/index.php\\\/2013-2\\\/#breadcrumb\",\"itemListElement\":[{\"@type\":\"ListItem\",\"position\":1,\"name\":\"Strona g\u0142\u00f3wna\",\"item\":\"https:\\\/\\\/szkola.garbow.pl\\\/\"},{\"@type\":\"ListItem\",\"position\":2,\"name\":\"2013\"}]},{\"@type\":\"WebSite\",\"@id\":\"https:\\\/\\\/szkola.garbow.pl\\\/#website\",\"url\":\"https:\\\/\\\/szkola.garbow.pl\\\/\",\"name\":\"Szko\u0142a Podstawowa im. Marii Konopnickiej w Garbowie\",\"description\":\"Szko\u0142a Podstawowa im. Marii Konopnickiej w Garbowie\",\"publisher\":{\"@id\":\"https:\\\/\\\/szkola.garbow.pl\\\/#organization\"},\"potentialAction\":[{\"@type\":\"SearchAction\",\"target\":{\"@type\":\"EntryPoint\",\"urlTemplate\":\"https:\\\/\\\/szkola.garbow.pl\\\/?s={search_term_string}\"},\"query-input\":{\"@type\":\"PropertyValueSpecification\",\"valueRequired\":true,\"valueName\":\"search_term_string\"}}],\"inLanguage\":\"pl-PL\"},{\"@type\":\"Organization\",\"@id\":\"https:\\\/\\\/szkola.garbow.pl\\\/#organization\",\"name\":\"Szko\u0142a Podstawowa im. Marii Konopnickiej w Garbowie\",\"url\":\"https:\\\/\\\/szkola.garbow.pl\\\/\",\"logo\":{\"@type\":\"ImageObject\",\"inLanguage\":\"pl-PL\",\"@id\":\"https:\\\/\\\/szkola.garbow.pl\\\/#\\\/schema\\\/logo\\\/image\\\/\",\"url\":\"https:\\\/\\\/szkola.garbow.pl\\\/wp-content\\\/uploads\\\/2020\\\/09\\\/szkola_podstawowa_garbow-1-1.png\",\"contentUrl\":\"https:\\\/\\\/szkola.garbow.pl\\\/wp-content\\\/uploads\\\/2020\\\/09\\\/szkola_podstawowa_garbow-1-1.png\",\"width\":500,\"height\":136,\"caption\":\"Szko\u0142a Podstawowa im. Marii Konopnickiej w Garbowie\"},\"image\":{\"@id\":\"https:\\\/\\\/szkola.garbow.pl\\\/#\\\/schema\\\/logo\\\/image\\\/\"}}]}<\/script>\n<!-- \/ Yoast SEO plugin. -->","yoast_head_json":{"title":"2013 - Szko\u0142a Podstawowa im. Marii Konopnickiej w Garbowie","robots":{"index":"index","follow":"follow","max-snippet":"max-snippet:-1","max-image-preview":"max-image-preview:large","max-video-preview":"max-video-preview:-1"},"canonical":"https:\/\/szkola.garbow.pl\/index.php\/2013-2\/","og_locale":"pl_PL","og_type":"article","og_title":"2013 - Szko\u0142a Podstawowa im. Marii Konopnickiej w Garbowie","og_description":"2013 PROJEKT WROTA LUBELSZCZYZNY- INFORMATYZACJA ADMINISTRACJI MI\u0118DZYSZKOLNY KONKURS BIBLIJNY III EDYCJA GMINNEGO KONKURSU FIZYCZNEGO DLA KLAS II III GMINNY KONKURS J\u0118ZYKA ANGIELSKIEGO DLA KLAS 6 II MI\u0118DZYSZKOLNY KONKURS J\u0118ZYKA ANGIELSKIEGO &#8211; THE MASTER OF ENGLISH COMPETITION KONKURS BIBLIJNY C.D 2014 Za\u0142aduj wi\u0119cej&#8230;","og_url":"https:\/\/szkola.garbow.pl\/index.php\/2013-2\/","og_site_name":"Szko\u0142a Podstawowa im. Marii Konopnickiej w Garbowie","article_modified_time":"2022-11-23T09:46:47+00:00","og_image":[{"url":"https:\/\/szkola.garbow.pl\/wp-content\/uploads\/2020\/10\/2-26.jpg","type":"","width":"","height":""}],"twitter_card":"summary_large_image","twitter_misc":{"Szacowany czas czytania":"2 minuty"},"schema":{"@context":"https:\/\/schema.org","@graph":[{"@type":"WebPage","@id":"https:\/\/szkola.garbow.pl\/index.php\/2013-2\/","url":"https:\/\/szkola.garbow.pl\/index.php\/2013-2\/","name":"2013 - Szko\u0142a Podstawowa im. Marii Konopnickiej w Garbowie","isPartOf":{"@id":"https:\/\/szkola.garbow.pl\/#website"},"primaryImageOfPage":{"@id":"https:\/\/szkola.garbow.pl\/index.php\/2013-2\/#primaryimage"},"image":{"@id":"https:\/\/szkola.garbow.pl\/index.php\/2013-2\/#primaryimage"},"thumbnailUrl":"https:\/\/szkola.garbow.pl\/wp-content\/uploads\/2020\/10\/2-26.jpg","datePublished":"2020-10-20T07:20:39+00:00","dateModified":"2022-11-23T09:46:47+00:00","breadcrumb":{"@id":"https:\/\/szkola.garbow.pl\/index.php\/2013-2\/#breadcrumb"},"inLanguage":"pl-PL","potentialAction":[{"@type":"ReadAction","target":["https:\/\/szkola.garbow.pl\/index.php\/2013-2\/"]}]},{"@type":"ImageObject","inLanguage":"pl-PL","@id":"https:\/\/szkola.garbow.pl\/index.php\/2013-2\/#primaryimage","url":"https:\/\/szkola.garbow.pl\/wp-content\/uploads\/2020\/10\/2-26.jpg","contentUrl":"https:\/\/szkola.garbow.pl\/wp-content\/uploads\/2020\/10\/2-26.jpg","width":300,"height":225},{"@type":"BreadcrumbList","@id":"https:\/\/szkola.garbow.pl\/index.php\/2013-2\/#breadcrumb","itemListElement":[{"@type":"ListItem","position":1,"name":"Strona g\u0142\u00f3wna","item":"https:\/\/szkola.garbow.pl\/"},{"@type":"ListItem","position":2,"name":"2013"}]},{"@type":"WebSite","@id":"https:\/\/szkola.garbow.pl\/#website","url":"https:\/\/szkola.garbow.pl\/","name":"Szko\u0142a Podstawowa im. Marii Konopnickiej w Garbowie","description":"Szko\u0142a Podstawowa im. Marii Konopnickiej w Garbowie","publisher":{"@id":"https:\/\/szkola.garbow.pl\/#organization"},"potentialAction":[{"@type":"SearchAction","target":{"@type":"EntryPoint","urlTemplate":"https:\/\/szkola.garbow.pl\/?s={search_term_string}"},"query-input":{"@type":"PropertyValueSpecification","valueRequired":true,"valueName":"search_term_string"}}],"inLanguage":"pl-PL"},{"@type":"Organization","@id":"https:\/\/szkola.garbow.pl\/#organization","name":"Szko\u0142a Podstawowa im. Marii Konopnickiej w Garbowie","url":"https:\/\/szkola.garbow.pl\/","logo":{"@type":"ImageObject","inLanguage":"pl-PL","@id":"https:\/\/szkola.garbow.pl\/#\/schema\/logo\/image\/","url":"https:\/\/szkola.garbow.pl\/wp-content\/uploads\/2020\/09\/szkola_podstawowa_garbow-1-1.png","contentUrl":"https:\/\/szkola.garbow.pl\/wp-content\/uploads\/2020\/09\/szkola_podstawowa_garbow-1-1.png","width":500,"height":136,"caption":"Szko\u0142a Podstawowa im. Marii Konopnickiej w Garbowie"},"image":{"@id":"https:\/\/szkola.garbow.pl\/#\/schema\/logo\/image\/"}}]}},"_links":{"self":[{"href":"https:\/\/szkola.garbow.pl\/index.php\/wp-json\/wp\/v2\/pages\/1203","targetHints":{"allow":["GET"]}}],"collection":[{"href":"https:\/\/szkola.garbow.pl\/index.php\/wp-json\/wp\/v2\/pages"}],"about":[{"href":"https:\/\/szkola.garbow.pl\/index.php\/wp-json\/wp\/v2\/types\/page"}],"author":[{"embeddable":true,"href":"https:\/\/szkola.garbow.pl\/index.php\/wp-json\/wp\/v2\/users\/2"}],"replies":[{"embeddable":true,"href":"https:\/\/szkola.garbow.pl\/index.php\/wp-json\/wp\/v2\/comments?post=1203"}],"version-history":[{"count":10,"href":"https:\/\/szkola.garbow.pl\/index.php\/wp-json\/wp\/v2\/pages\/1203\/revisions"}],"predecessor-version":[{"id":8291,"href":"https:\/\/szkola.garbow.pl\/index.php\/wp-json\/wp\/v2\/pages\/1203\/revisions\/8291"}],"wp:attachment":[{"href":"https:\/\/szkola.garbow.pl\/index.php\/wp-json\/wp\/v2\/media?parent=1203"}],"curies":[{"name":"wp","href":"https:\/\/api.w.org\/{rel}","templated":true}]}}